{"id":6094,"date":"2023-05-30T07:58:35","date_gmt":"2023-05-30T07:58:35","guid":{"rendered":"https:\/\/tiimiriided.ee\/toode\/naiste-pikad-puksid-leggings\/"},"modified":"2024-01-18T08:40:09","modified_gmt":"2024-01-18T08:40:09","slug":"womens-leggings","status":"publish","type":"product","link":"https:\/\/tiimiriided.ee\/en\/toode\/womens-leggings\/","title":{"rendered":"Women\u2019s Leggings"},"content":{"rendered":"<!--themify_builder_content-->\n<div id=\"themify_builder_content-6094\" data-postid=\"6094\" class=\"themify_builder_content themify_builder_content-6094 themify_builder tf_clear\">\n                    <div  data-lazy=\"1\" class=\"module_row themify_builder_row tb_v1gd668 tb_first tf_w\">\n                        <div class=\"row_inner col_align_top tb_col_count_1 tf_box tf_rel\">\n                        <div  data-lazy=\"1\" class=\"module_column tb-column col-full tb_75jz668 first\">\n                            <div  data-lazy=\"1\" class=\"module_subrow themify_builder_sub_row tf_w col_align_middle tb_col_count_2 tb_w61k668\">\n                <div  data-lazy=\"1\" class=\"module_column sub_column col4-2 tb_9kcf669 first\">\n                    <!-- module image -->\n<div  class=\"module module-image tb_6d5o669 image-top   tf_mw\" data-lazy=\"1\">\n        <div class=\"image-wrap tf_rel tf_mw\">\n            <img loading=\"lazy\" decoding=\"async\" width=\"1000\" height=\"1000\" src=\"https:\/\/tiimiriided.ee\/wp-content\/uploads\/2023\/12\/HD-kangas-elastaaniga.jpg\" class=\"wp-post-image wp-image-5323\" title=\"HD kangas elastaaniga\" alt=\"HD kangas elastaaniga\" srcset=\"https:\/\/tiimiriided.ee\/wp-content\/uploads\/2023\/12\/HD-kangas-elastaaniga.jpg 1000w, https:\/\/tiimiriided.ee\/wp-content\/uploads\/2023\/12\/HD-kangas-elastaaniga-300x300.jpg 300w, https:\/\/tiimiriided.ee\/wp-content\/uploads\/2023\/12\/HD-kangas-elastaaniga-150x150.jpg 150w, https:\/\/tiimiriided.ee\/wp-content\/uploads\/2023\/12\/HD-kangas-elastaaniga-768x768.jpg 768w, https:\/\/tiimiriided.ee\/wp-content\/uploads\/2023\/12\/HD-kangas-elastaaniga-600x600.jpg 600w, https:\/\/tiimiriided.ee\/wp-content\/uploads\/2023\/12\/HD-kangas-elastaaniga-100x100.jpg 100w\" sizes=\"auto, (max-width: 1000px) 100vw, 1000px\" \/>    \n        <\/div>\n    <!-- \/image-wrap -->\n    \n        <\/div>\n<!-- \/module image -->        <\/div>\n                    <div  data-lazy=\"1\" class=\"module_column sub_column col4-2 tb_s0zt669 last\">\n                    <!-- module text -->\n<div  class=\"module module-text tb_fjye669   \" data-lazy=\"1\">\n        <div  class=\"tb_text_wrap\">\n        <h3>Breathable HD material<\/h3>\n<p>\u00a0We use a blend of elastane and technical material, ensuring sufficient breathability for the clothes. The material feels pleasantly silky to the touch and complements the body\u2019s movement. The HD material\u2019s surface treatment is denser, making the colors exceptionally sharp.<\/p>    <\/div>\n<\/div>\n<!-- \/module text -->        <\/div>\n                    <\/div>\n                <\/div>\n                        <\/div>\n        <\/div>\n                        <div  data-lazy=\"1\" class=\"module_row themify_builder_row tb_3tf9669 tf_w\">\n                        <div class=\"row_inner col_align_top tb_col_count_1 tf_box tf_rel\">\n                        <div  data-lazy=\"1\" class=\"module_column tb-column col-full tb_2cxp669 first\">\n                            <div  data-lazy=\"1\" class=\"module_subrow themify_builder_sub_row tf_w col_align_middle tb_col_count_2 tb_tprs669\">\n                <div  data-lazy=\"1\" class=\"module_column sub_column col4-2 tb_me0v669 first\">\n                    <!-- module text -->\n<div  class=\"module module-text tb_h30q669   \" data-lazy=\"1\">\n        <div  class=\"tb_text_wrap\">\n        <h3 class=\"under-section-title\">High-waisted cut<\/h3>\n<p class=\"under-section-title\">The effect is mainly achieved by the higher waistband, which is elastic and holds the tights well.<\/p>    <\/div>\n<\/div>\n<!-- \/module text -->        <\/div>\n                    <div  data-lazy=\"1\" class=\"module_column sub_column col4-2 tb_udvi669 last\">\n                    <!-- module image -->\n<div  class=\"module module-image tb_ie6b669 image-top   tf_mw\" data-lazy=\"1\">\n        <div class=\"image-wrap tf_rel tf_mw\">\n            <img loading=\"lazy\" decoding=\"async\" width=\"1000\" height=\"1000\" src=\"https:\/\/tiimiriided.ee\/wp-content\/uploads\/2023\/12\/Korge-ulaosaga-puksid.jpg\" class=\"wp-post-image wp-image-5327\" title=\"K\u00f5rge \u00fclaosaga p\u00fcksid\" alt=\"K\u00f5rge \u00fclaosaga p\u00fcksid\" srcset=\"https:\/\/tiimiriided.ee\/wp-content\/uploads\/2023\/12\/Korge-ulaosaga-puksid.jpg 1000w, https:\/\/tiimiriided.ee\/wp-content\/uploads\/2023\/12\/Korge-ulaosaga-puksid-300x300.jpg 300w, https:\/\/tiimiriided.ee\/wp-content\/uploads\/2023\/12\/Korge-ulaosaga-puksid-150x150.jpg 150w, https:\/\/tiimiriided.ee\/wp-content\/uploads\/2023\/12\/Korge-ulaosaga-puksid-768x768.jpg 768w, https:\/\/tiimiriided.ee\/wp-content\/uploads\/2023\/12\/Korge-ulaosaga-puksid-600x600.jpg 600w, https:\/\/tiimiriided.ee\/wp-content\/uploads\/2023\/12\/Korge-ulaosaga-puksid-100x100.jpg 100w\" sizes=\"auto, (max-width: 1000px) 100vw, 1000px\" \/>    \n        <\/div>\n    <!-- \/image-wrap -->\n    \n        <\/div>\n<!-- \/module image -->        <\/div>\n                    <\/div>\n                <\/div>\n                        <\/div>\n        <\/div>\n                        <div  data-lazy=\"1\" class=\"module_row themify_builder_row tb_33b5200 tf_w\">\n                        <div class=\"row_inner col_align_top tb_col_count_1 tf_box tf_rel\">\n                        <div  data-lazy=\"1\" class=\"module_column tb-column col-full tb_dr4v200 first\">\n                            <div  data-lazy=\"1\" class=\"module_subrow themify_builder_sub_row tf_w col_align_middle tb_col_count_2 tb_jsar201\">\n                <div  data-lazy=\"1\" class=\"module_column sub_column col4-2 tb_fwmi201 first\">\n                    <!-- module image -->\n<div  class=\"module module-image tb_zp7t687 image-top   tf_mw\" data-lazy=\"1\">\n        <div class=\"image-wrap tf_rel tf_mw\">\n            <img loading=\"lazy\" decoding=\"async\" width=\"1000\" height=\"1000\" src=\"https:\/\/tiimiriided.ee\/wp-content\/uploads\/2023\/12\/Luhikeste-pukste-valikuline-tasku.jpg\" class=\"wp-post-image wp-image-5331\" title=\"L\u00fchikeste p\u00fckste valikuline tasku\" alt=\"L\u00fchikeste p\u00fckste valikuline tasku\" srcset=\"https:\/\/tiimiriided.ee\/wp-content\/uploads\/2023\/12\/Luhikeste-pukste-valikuline-tasku.jpg 1000w, https:\/\/tiimiriided.ee\/wp-content\/uploads\/2023\/12\/Luhikeste-pukste-valikuline-tasku-300x300.jpg 300w, https:\/\/tiimiriided.ee\/wp-content\/uploads\/2023\/12\/Luhikeste-pukste-valikuline-tasku-150x150.jpg 150w, https:\/\/tiimiriided.ee\/wp-content\/uploads\/2023\/12\/Luhikeste-pukste-valikuline-tasku-768x768.jpg 768w, https:\/\/tiimiriided.ee\/wp-content\/uploads\/2023\/12\/Luhikeste-pukste-valikuline-tasku-600x600.jpg 600w, https:\/\/tiimiriided.ee\/wp-content\/uploads\/2023\/12\/Luhikeste-pukste-valikuline-tasku-100x100.jpg 100w\" sizes=\"auto, (max-width: 1000px) 100vw, 1000px\" \/>    \n        <\/div>\n    <!-- \/image-wrap -->\n    \n        <\/div>\n<!-- \/module image -->        <\/div>\n                    <div  data-lazy=\"1\" class=\"module_column sub_column col4-2 tb_yt0u201 last\">\n                    <!-- module text -->\n<div  class=\"module module-text tb_fpmo201   \" data-lazy=\"1\">\n        <div  class=\"tb_text_wrap\">\n        <h3>A small zippered pocket (optional)<\/h3>    <\/div>\n<\/div>\n<!-- \/module text -->        <\/div>\n                    <\/div>\n                <\/div>\n                        <\/div>\n        <\/div>\n        <\/div>\n<!--\/themify_builder_content-->","protected":false},"excerpt":{"rendered":"<p>Long, tight-fitting elastane pants are very suitable for running, gym, fitness, or MMA training. Thanks to the stretchable material, such clothes follow the body\u2019s shape without hindering natural movement. To the touch, the material feels silky, effectively wicking body moisture away from the inside.<\/p>\n<p><strong>Material:\u00a0<\/strong>81% polyester, 19 % elastane, weight 240 g\/m2<br \/>\n<strong>Features:\u00a0<\/strong>quick-drying, and breathable fabric, with an internal product label that does not scratch.<br \/>\n<strong>Sublimation printing:<\/strong>\u00a0sharp and permanent printing covering the entire product, based on the customer\u2019s approved design. The print does not affect the technical properties of the fabric, it cannot be felt by hand.<br \/>\n<strong>Personalization:<\/strong>\u00a0For an additional fee, add a name, number, or other unique feature.<br \/>\n<strong>Sizes:<\/strong>\u00a0XS, S, M, L, XL, 2XL, 3XL<\/p>\n<p>The product images are samples, and the customer\u2019s chosen design will be printed on the fabric. There is an option to select a suitable design template from our extensive design gallery and have our designer further develop it.<\/p>\n","protected":false},"featured_media":22659,"comment_status":"closed","ping_status":"closed","template":"","meta":{"_acf_changed":false},"product_brand":[],"product_cat":[60,53],"product_tag":[],"class_list":{"0":"post-6094","1":"product","2":"type-product","3":"status-publish","4":"has-post-thumbnail","6":"product_cat-running","7":"product_cat-women","8":"has-post-title","9":"has-post-date","10":"has-post-category","11":"has-post-tag","12":"has-post-comment","13":"has-post-author","14":"","16":"first","17":"instock","18":"taxable","19":"shipping-taxable","20":"purchasable","21":"product-type-simple"},"acf":[],"yoast_head":"<!-- This site is optimized with the Yoast SEO plugin v27.3 - https:\/\/yoast.com\/product\/yoast-seo-wordpress\/ -->\n<title>Women\u2019s Leggings - Tiimiriided<\/title>\n<meta name=\"robots\" content=\"index, follow, max-snippet:-1, max-image-preview:large, max-video-preview:-1\" \/>\n<link rel=\"canonical\" href=\"https:\/\/tiimiriided.ee\/toode\/naiste-pikad-puksid-leggings\/\" \/>\n<meta property=\"og:locale\" content=\"en_US\" \/>\n<meta property=\"og:type\" content=\"article\" \/>\n<meta property=\"og:title\" content=\"Women\u2019s Leggings - Tiimiriided\" \/>\n<meta property=\"og:description\" content=\"Long, tight-fitting elastane pants are very suitable for running, gym, fitness, or MMA training. Thanks to the stretchable material, such clothes follow the body\u2019s shape without hindering natural movement. To the touch, the material feels silky, effectively wicking body moisture away from the inside.  Material:\u00a081% polyester, 19 % elastane, weight 240 g\/m2 Features:\u00a0quick-drying, and breathable fabric, with an internal product label that does not scratch. Sublimation printing:\u00a0sharp and permanent printing covering the entire product, based on the customer\u2019s approved design. The print does not affect the technical properties of the fabric, it cannot be felt by hand. Personalization:\u00a0For an additional fee, add a name, number, or other unique feature. Sizes:\u00a0XS, S, M, L, XL, 2XL, 3XL  The product images are samples, and the customer\u2019s chosen design will be printed on the fabric. There is an option to select a suitable design template from our extensive design gallery and have our designer further develop it.\" \/>\n<meta property=\"og:url\" content=\"https:\/\/tiimiriided.ee\/toode\/naiste-pikad-puksid-leggings\/\" \/>\n<meta property=\"og:site_name\" content=\"Tiimiriided\" \/>\n<meta property=\"article:modified_time\" content=\"2024-01-18T08:40:09+00:00\" \/>\n<meta property=\"og:image\" content=\"https:\/\/tiimiriided.ee\/wp-content\/uploads\/2023\/05\/Naiste-pikad-retuusid-eest.jpg\" \/>\n\t<meta property=\"og:image:width\" content=\"1333\" \/>\n\t<meta property=\"og:image:height\" content=\"2000\" \/>\n\t<meta property=\"og:image:type\" content=\"image\/jpeg\" \/>\n<meta name=\"twitter:card\" content=\"summary_large_image\" \/>\n<meta name=\"twitter:label1\" content=\"Est. reading time\" \/>\n\t<meta name=\"twitter:data1\" content=\"2 minutes\" \/>\n<script type=\"application\/ld+json\" class=\"yoast-schema-graph\">{\"@context\":\"https:\\\/\\\/schema.org\",\"@graph\":[{\"@type\":\"WebPage\",\"@id\":\"https:\\\/\\\/tiimiriided.ee\\\/toode\\\/naiste-pikad-puksid-leggings\\\/\",\"url\":\"https:\\\/\\\/tiimiriided.ee\\\/toode\\\/naiste-pikad-puksid-leggings\\\/\",\"name\":\"Women\u2019s Leggings - Tiimiriided\",\"isPartOf\":{\"@id\":\"https:\\\/\\\/tiimiriided.ee\\\/#website\"},\"primaryImageOfPage\":{\"@id\":\"https:\\\/\\\/tiimiriided.ee\\\/toode\\\/naiste-pikad-puksid-leggings\\\/#primaryimage\"},\"image\":{\"@id\":\"https:\\\/\\\/tiimiriided.ee\\\/toode\\\/naiste-pikad-puksid-leggings\\\/#primaryimage\"},\"thumbnailUrl\":\"https:\\\/\\\/tiimiriided.ee\\\/wp-content\\\/uploads\\\/2023\\\/05\\\/Naiste-pikad-retuusid.jpg\",\"datePublished\":\"2023-05-30T07:58:35+00:00\",\"dateModified\":\"2024-01-18T08:40:09+00:00\",\"breadcrumb\":{\"@id\":\"https:\\\/\\\/tiimiriided.ee\\\/toode\\\/naiste-pikad-puksid-leggings\\\/#breadcrumb\"},\"inLanguage\":\"en-US\",\"potentialAction\":[{\"@type\":\"ReadAction\",\"target\":[\"https:\\\/\\\/tiimiriided.ee\\\/toode\\\/naiste-pikad-puksid-leggings\\\/\"]}]},{\"@type\":\"ImageObject\",\"inLanguage\":\"en-US\",\"@id\":\"https:\\\/\\\/tiimiriided.ee\\\/toode\\\/naiste-pikad-puksid-leggings\\\/#primaryimage\",\"url\":\"https:\\\/\\\/tiimiriided.ee\\\/wp-content\\\/uploads\\\/2023\\\/05\\\/Naiste-pikad-retuusid.jpg\",\"contentUrl\":\"https:\\\/\\\/tiimiriided.ee\\\/wp-content\\\/uploads\\\/2023\\\/05\\\/Naiste-pikad-retuusid.jpg\",\"width\":1275,\"height\":1689},{\"@type\":\"BreadcrumbList\",\"@id\":\"https:\\\/\\\/tiimiriided.ee\\\/toode\\\/naiste-pikad-puksid-leggings\\\/#breadcrumb\",\"itemListElement\":[{\"@type\":\"ListItem\",\"position\":1,\"name\":\"Home\",\"item\":\"https:\\\/\\\/tiimiriided.ee\\\/en\\\/?page_id=15263\"},{\"@type\":\"ListItem\",\"position\":2,\"name\":\"Shop\",\"item\":\"https:\\\/\\\/tiimiriided.ee\\\/en\\\/pood\\\/\"},{\"@type\":\"ListItem\",\"position\":3,\"name\":\"Women\u2019s Leggings\"}]},{\"@type\":\"WebSite\",\"@id\":\"https:\\\/\\\/tiimiriided.ee\\\/#website\",\"url\":\"https:\\\/\\\/tiimiriided.ee\\\/\",\"name\":\"Tiimiriided\",\"description\":\"\",\"potentialAction\":[{\"@type\":\"SearchAction\",\"target\":{\"@type\":\"EntryPoint\",\"urlTemplate\":\"https:\\\/\\\/tiimiriided.ee\\\/?s={search_term_string}\"},\"query-input\":{\"@type\":\"PropertyValueSpecification\",\"valueRequired\":true,\"valueName\":\"search_term_string\"}}],\"inLanguage\":\"en-US\"}]}<\/script>\n<!-- \/ Yoast SEO plugin. -->","yoast_head_json":{"title":"Women\u2019s Leggings - Tiimiriided","robots":{"index":"index","follow":"follow","max-snippet":"max-snippet:-1","max-image-preview":"max-image-preview:large","max-video-preview":"max-video-preview:-1"},"canonical":"https:\/\/tiimiriided.ee\/toode\/naiste-pikad-puksid-leggings\/","og_locale":"en_US","og_type":"article","og_title":"Women\u2019s Leggings - Tiimiriided","og_description":"Long, tight-fitting elastane pants are very suitable for running, gym, fitness, or MMA training. Thanks to the stretchable material, such clothes follow the body\u2019s shape without hindering natural movement. To the touch, the material feels silky, effectively wicking body moisture away from the inside.  Material:\u00a081% polyester, 19 % elastane, weight 240 g\/m2 Features:\u00a0quick-drying, and breathable fabric, with an internal product label that does not scratch. Sublimation printing:\u00a0sharp and permanent printing covering the entire product, based on the customer\u2019s approved design. The print does not affect the technical properties of the fabric, it cannot be felt by hand. Personalization:\u00a0For an additional fee, add a name, number, or other unique feature. Sizes:\u00a0XS, S, M, L, XL, 2XL, 3XL  The product images are samples, and the customer\u2019s chosen design will be printed on the fabric. There is an option to select a suitable design template from our extensive design gallery and have our designer further develop it.","og_url":"https:\/\/tiimiriided.ee\/toode\/naiste-pikad-puksid-leggings\/","og_site_name":"Tiimiriided","article_modified_time":"2024-01-18T08:40:09+00:00","og_image":[{"width":1333,"height":2000,"url":"https:\/\/tiimiriided.ee\/wp-content\/uploads\/2023\/05\/Naiste-pikad-retuusid-eest.jpg","type":"image\/jpeg"}],"twitter_card":"summary_large_image","twitter_misc":{"Est. reading time":"2 minutes"},"schema":{"@context":"https:\/\/schema.org","@graph":[{"@type":"WebPage","@id":"https:\/\/tiimiriided.ee\/toode\/naiste-pikad-puksid-leggings\/","url":"https:\/\/tiimiriided.ee\/toode\/naiste-pikad-puksid-leggings\/","name":"Women\u2019s Leggings - Tiimiriided","isPartOf":{"@id":"https:\/\/tiimiriided.ee\/#website"},"primaryImageOfPage":{"@id":"https:\/\/tiimiriided.ee\/toode\/naiste-pikad-puksid-leggings\/#primaryimage"},"image":{"@id":"https:\/\/tiimiriided.ee\/toode\/naiste-pikad-puksid-leggings\/#primaryimage"},"thumbnailUrl":"https:\/\/tiimiriided.ee\/wp-content\/uploads\/2023\/05\/Naiste-pikad-retuusid.jpg","datePublished":"2023-05-30T07:58:35+00:00","dateModified":"2024-01-18T08:40:09+00:00","breadcrumb":{"@id":"https:\/\/tiimiriided.ee\/toode\/naiste-pikad-puksid-leggings\/#breadcrumb"},"inLanguage":"en-US","potentialAction":[{"@type":"ReadAction","target":["https:\/\/tiimiriided.ee\/toode\/naiste-pikad-puksid-leggings\/"]}]},{"@type":"ImageObject","inLanguage":"en-US","@id":"https:\/\/tiimiriided.ee\/toode\/naiste-pikad-puksid-leggings\/#primaryimage","url":"https:\/\/tiimiriided.ee\/wp-content\/uploads\/2023\/05\/Naiste-pikad-retuusid.jpg","contentUrl":"https:\/\/tiimiriided.ee\/wp-content\/uploads\/2023\/05\/Naiste-pikad-retuusid.jpg","width":1275,"height":1689},{"@type":"BreadcrumbList","@id":"https:\/\/tiimiriided.ee\/toode\/naiste-pikad-puksid-leggings\/#breadcrumb","itemListElement":[{"@type":"ListItem","position":1,"name":"Home","item":"https:\/\/tiimiriided.ee\/en\/?page_id=15263"},{"@type":"ListItem","position":2,"name":"Shop","item":"https:\/\/tiimiriided.ee\/en\/pood\/"},{"@type":"ListItem","position":3,"name":"Women\u2019s Leggings"}]},{"@type":"WebSite","@id":"https:\/\/tiimiriided.ee\/#website","url":"https:\/\/tiimiriided.ee\/","name":"Tiimiriided","description":"","potentialAction":[{"@type":"SearchAction","target":{"@type":"EntryPoint","urlTemplate":"https:\/\/tiimiriided.ee\/?s={search_term_string}"},"query-input":{"@type":"PropertyValueSpecification","valueRequired":true,"valueName":"search_term_string"}}],"inLanguage":"en-US"}]}},"builder_content":"<img src=\"https:\/\/tiimiriided.ee\/wp-content\/uploads\/2023\/12\/HD-kangas-elastaaniga.jpg\" title=\"HD kangas elastaaniga\" alt=\"HD kangas elastaaniga\" srcset=\"https:\/\/tiimiriided.ee\/wp-content\/uploads\/2023\/12\/HD-kangas-elastaaniga.jpg 1000w, https:\/\/tiimiriided.ee\/wp-content\/uploads\/2023\/12\/HD-kangas-elastaaniga-300x300.jpg 300w, https:\/\/tiimiriided.ee\/wp-content\/uploads\/2023\/12\/HD-kangas-elastaaniga-150x150.jpg 150w, https:\/\/tiimiriided.ee\/wp-content\/uploads\/2023\/12\/HD-kangas-elastaaniga-768x768.jpg 768w, https:\/\/tiimiriided.ee\/wp-content\/uploads\/2023\/12\/HD-kangas-elastaaniga-600x600.jpg 600w, https:\/\/tiimiriided.ee\/wp-content\/uploads\/2023\/12\/HD-kangas-elastaaniga-100x100.jpg 100w\" sizes=\"(max-width: 1000px) 100vw, 1000px\" \/>\n<h3>Breathable HD material<\/h3> <p>\u00a0We use a blend of elastane and technical material, ensuring sufficient breathability for the clothes. The material feels pleasantly silky to the touch and complements the body\u2019s movement. The HD material\u2019s surface treatment is denser, making the colors exceptionally sharp.<\/p>\n<h3>High-waisted cut<\/h3> <p>The effect is mainly achieved by the higher waistband, which is elastic and holds the tights well.<\/p>\n<img src=\"https:\/\/tiimiriided.ee\/wp-content\/uploads\/2023\/12\/Korge-ulaosaga-puksid.jpg\" title=\"K\u00f5rge \u00fclaosaga p\u00fcksid\" alt=\"K\u00f5rge \u00fclaosaga p\u00fcksid\" srcset=\"https:\/\/tiimiriided.ee\/wp-content\/uploads\/2023\/12\/Korge-ulaosaga-puksid.jpg 1000w, https:\/\/tiimiriided.ee\/wp-content\/uploads\/2023\/12\/Korge-ulaosaga-puksid-300x300.jpg 300w, https:\/\/tiimiriided.ee\/wp-content\/uploads\/2023\/12\/Korge-ulaosaga-puksid-150x150.jpg 150w, https:\/\/tiimiriided.ee\/wp-content\/uploads\/2023\/12\/Korge-ulaosaga-puksid-768x768.jpg 768w, https:\/\/tiimiriided.ee\/wp-content\/uploads\/2023\/12\/Korge-ulaosaga-puksid-600x600.jpg 600w, https:\/\/tiimiriided.ee\/wp-content\/uploads\/2023\/12\/Korge-ulaosaga-puksid-100x100.jpg 100w\" sizes=\"(max-width: 1000px) 100vw, 1000px\" \/>\n<img src=\"https:\/\/tiimiriided.ee\/wp-content\/uploads\/2023\/12\/Luhikeste-pukste-valikuline-tasku.jpg\" title=\"L\u00fchikeste p\u00fckste valikuline tasku\" alt=\"L\u00fchikeste p\u00fckste valikuline tasku\" srcset=\"https:\/\/tiimiriided.ee\/wp-content\/uploads\/2023\/12\/Luhikeste-pukste-valikuline-tasku.jpg 1000w, https:\/\/tiimiriided.ee\/wp-content\/uploads\/2023\/12\/Luhikeste-pukste-valikuline-tasku-300x300.jpg 300w, https:\/\/tiimiriided.ee\/wp-content\/uploads\/2023\/12\/Luhikeste-pukste-valikuline-tasku-150x150.jpg 150w, https:\/\/tiimiriided.ee\/wp-content\/uploads\/2023\/12\/Luhikeste-pukste-valikuline-tasku-768x768.jpg 768w, https:\/\/tiimiriided.ee\/wp-content\/uploads\/2023\/12\/Luhikeste-pukste-valikuline-tasku-600x600.jpg 600w, https:\/\/tiimiriided.ee\/wp-content\/uploads\/2023\/12\/Luhikeste-pukste-valikuline-tasku-100x100.jpg 100w\" sizes=\"(max-width: 1000px) 100vw, 1000px\" \/>\n<h3>A small zippered pocket (optional)<\/h3>","_links":{"self":[{"href":"https:\/\/tiimiriided.ee\/en\/wp-json\/wp\/v2\/product\/6094","targetHints":{"allow":["GET"]}}],"collection":[{"href":"https:\/\/tiimiriided.ee\/en\/wp-json\/wp\/v2\/product"}],"about":[{"href":"https:\/\/tiimiriided.ee\/en\/wp-json\/wp\/v2\/types\/product"}],"replies":[{"embeddable":true,"href":"https:\/\/tiimiriided.ee\/en\/wp-json\/wp\/v2\/comments?post=6094"}],"wp:featuredmedia":[{"embeddable":true,"href":"https:\/\/tiimiriided.ee\/en\/wp-json\/wp\/v2\/media\/22659"}],"wp:attachment":[{"href":"https:\/\/tiimiriided.ee\/en\/wp-json\/wp\/v2\/media?parent=6094"}],"wp:term":[{"taxonomy":"product_brand","embeddable":true,"href":"https:\/\/tiimiriided.ee\/en\/wp-json\/wp\/v2\/product_brand?post=6094"},{"taxonomy":"product_cat","embeddable":true,"href":"https:\/\/tiimiriided.ee\/en\/wp-json\/wp\/v2\/product_cat?post=6094"},{"taxonomy":"product_tag","embeddable":true,"href":"https:\/\/tiimiriided.ee\/en\/wp-json\/wp\/v2\/product_tag?post=6094"}],"curies":[{"name":"wp","href":"https:\/\/api.w.org\/{rel}","templated":true}]}}