{"id":6043,"date":"2023-06-29T13:09:40","date_gmt":"2023-06-29T13:09:40","guid":{"rendered":"https:\/\/tiimiriided.ee\/toode\/rattasark-naistele\/"},"modified":"2024-01-16T20:24:02","modified_gmt":"2024-01-16T20:24:02","slug":"womens-cycling-jersey","status":"publish","type":"product","link":"https:\/\/tiimiriided.ee\/en\/toode\/womens-cycling-jersey\/","title":{"rendered":"Women\u2019s Cycling Jersey"},"content":{"rendered":"<!--themify_builder_content-->\n<div id=\"themify_builder_content-6043\" data-postid=\"6043\" class=\"themify_builder_content themify_builder_content-6043 themify_builder tf_clear\">\n                    <div  data-lazy=\"1\" class=\"module_row themify_builder_row tb_bvr4183 tb_first tf_w\">\n                        <div class=\"row_inner col_align_top tb_col_count_1 tf_box tf_rel\">\n                        <div  data-lazy=\"1\" class=\"module_column tb-column col-full tb_cvfv184 first\">\n                            <div  data-lazy=\"1\" class=\"module_subrow themify_builder_sub_row tf_w col_align_middle tb_col_count_2 tb_urbr728\">\n                <div  data-lazy=\"1\" class=\"module_column sub_column col4-2 tb_kb12729 first\">\n                    <!-- module image -->\n<div  class=\"module module-image tb_nr1b312 image-top   tf_mw\" data-lazy=\"1\">\n        <div class=\"image-wrap tf_rel tf_mw\">\n            <img loading=\"lazy\" decoding=\"async\" width=\"1000\" height=\"1000\" src=\"https:\/\/tiimiriided.ee\/wp-content\/uploads\/2023\/06\/Rattasark-naistele-eest-2.jpg\" class=\"wp-post-image wp-image-1438\" title=\"Rattas\u00e4rk naistele eest 2\" alt=\"Rattas\u00e4rk naistele eest 2\" srcset=\"https:\/\/tiimiriided.ee\/wp-content\/uploads\/2023\/06\/Rattasark-naistele-eest-2.jpg 1000w, https:\/\/tiimiriided.ee\/wp-content\/uploads\/2023\/06\/Rattasark-naistele-eest-2-300x300.jpg 300w, https:\/\/tiimiriided.ee\/wp-content\/uploads\/2023\/06\/Rattasark-naistele-eest-2-150x150.jpg 150w, https:\/\/tiimiriided.ee\/wp-content\/uploads\/2023\/06\/Rattasark-naistele-eest-2-768x768.jpg 768w, https:\/\/tiimiriided.ee\/wp-content\/uploads\/2023\/06\/Rattasark-naistele-eest-2-600x600.jpg 600w, https:\/\/tiimiriided.ee\/wp-content\/uploads\/2023\/06\/Rattasark-naistele-eest-2-100x100.jpg 100w\" sizes=\"auto, (max-width: 1000px) 100vw, 1000px\" \/>    \n        <\/div>\n    <!-- \/image-wrap -->\n    \n        <\/div>\n<!-- \/module image -->        <\/div>\n                    <div  data-lazy=\"1\" class=\"module_column sub_column col4-2 tb_lb60729 last\">\n                    <!-- module text -->\n<div  class=\"module module-text tb_8d3l863   \" data-lazy=\"1\">\n        <div  class=\"tb_text_wrap\">\n        <h3>Zipper Protection<\/h3>\n<p>Anti-chafing protection with a small zipper pocket<\/p>    <\/div>\n<\/div>\n<!-- \/module text -->        <\/div>\n                    <\/div>\n                <\/div>\n                        <\/div>\n        <\/div>\n                        <div  data-lazy=\"1\" class=\"module_row themify_builder_row tb_0qxr425 tf_w\">\n                        <div class=\"row_inner col_align_top tb_col_count_1 tf_box tf_rel\">\n                        <div  data-lazy=\"1\" class=\"module_column tb-column col-full tb_t0y4425 first\">\n                            <div  data-lazy=\"1\" class=\"module_subrow themify_builder_sub_row tf_w col_align_middle tb_col_count_2 tb_rpxl425\">\n                <div  data-lazy=\"1\" class=\"module_column sub_column col4-2 tb_fk0l425 first\">\n                    <!-- module text -->\n<div  class=\"module module-text tb_o4dp426   \" data-lazy=\"1\">\n        <div  class=\"tb_text_wrap\">\n        <h3>Combination of two technical materials<\/h3>\n<p>The chest area and back pocket are made of a soft and comfortable material, with a small amount of elastane fiber for stretch. The material for the sleeves and back is technically superior, effectively moving moisture to the outer surface of the fabric, keeping the body as dry as possible.<\/p>    <\/div>\n<\/div>\n<!-- \/module text -->        <\/div>\n                    <div  data-lazy=\"1\" class=\"module_column sub_column col4-2 tb_0e51426 last\">\n                    <!-- module image -->\n<div  class=\"module module-image tb_s269425 image-top   tf_mw\" data-lazy=\"1\">\n        <div class=\"image-wrap tf_rel tf_mw\">\n            <img loading=\"lazy\" decoding=\"async\" width=\"1000\" height=\"1000\" src=\"https:\/\/tiimiriided.ee\/wp-content\/uploads\/2023\/06\/Rattasark-naistele-eest-3.jpg\" class=\"wp-post-image wp-image-1440\" title=\"Rattas\u00e4rk naistele eest 3\" alt=\"Rattas\u00e4rk naistele eest 3\" srcset=\"https:\/\/tiimiriided.ee\/wp-content\/uploads\/2023\/06\/Rattasark-naistele-eest-3.jpg 1000w, https:\/\/tiimiriided.ee\/wp-content\/uploads\/2023\/06\/Rattasark-naistele-eest-3-300x300.jpg 300w, https:\/\/tiimiriided.ee\/wp-content\/uploads\/2023\/06\/Rattasark-naistele-eest-3-150x150.jpg 150w, https:\/\/tiimiriided.ee\/wp-content\/uploads\/2023\/06\/Rattasark-naistele-eest-3-768x768.jpg 768w, https:\/\/tiimiriided.ee\/wp-content\/uploads\/2023\/06\/Rattasark-naistele-eest-3-600x600.jpg 600w, https:\/\/tiimiriided.ee\/wp-content\/uploads\/2023\/06\/Rattasark-naistele-eest-3-100x100.jpg 100w\" sizes=\"auto, (max-width: 1000px) 100vw, 1000px\" \/>    \n        <\/div>\n    <!-- \/image-wrap -->\n    \n        <\/div>\n<!-- \/module image -->        <\/div>\n                    <\/div>\n                <\/div>\n                        <\/div>\n        <\/div>\n                        <div  data-lazy=\"1\" class=\"module_row themify_builder_row tb_33b5200 tf_w\">\n                        <div class=\"row_inner col_align_top tb_col_count_1 tf_box tf_rel\">\n                        <div  data-lazy=\"1\" class=\"module_column tb-column col-full tb_dr4v200 first\">\n                            <div  data-lazy=\"1\" class=\"module_subrow themify_builder_sub_row tf_w col_align_middle tb_col_count_2 tb_jsar201\">\n                <div  data-lazy=\"1\" class=\"module_column sub_column col4-2 tb_fwmi201 first\">\n                    <!-- module image -->\n<div  class=\"module module-image tb_jx4k201 image-top   tf_mw\" data-lazy=\"1\">\n        <div class=\"image-wrap tf_rel tf_mw\">\n            <img loading=\"lazy\" decoding=\"async\" width=\"1000\" height=\"1000\" src=\"https:\/\/tiimiriided.ee\/wp-content\/uploads\/2023\/06\/Rattasark-naistele-tagant-2.jpg\" class=\"wp-post-image wp-image-1446\" title=\"Rattas\u00e4rk naistele tagant 2\" alt=\"Rattas\u00e4rk naistele tagant 2\" srcset=\"https:\/\/tiimiriided.ee\/wp-content\/uploads\/2023\/06\/Rattasark-naistele-tagant-2.jpg 1000w, https:\/\/tiimiriided.ee\/wp-content\/uploads\/2023\/06\/Rattasark-naistele-tagant-2-300x300.jpg 300w, https:\/\/tiimiriided.ee\/wp-content\/uploads\/2023\/06\/Rattasark-naistele-tagant-2-150x150.jpg 150w, https:\/\/tiimiriided.ee\/wp-content\/uploads\/2023\/06\/Rattasark-naistele-tagant-2-768x768.jpg 768w, https:\/\/tiimiriided.ee\/wp-content\/uploads\/2023\/06\/Rattasark-naistele-tagant-2-600x600.jpg 600w, https:\/\/tiimiriided.ee\/wp-content\/uploads\/2023\/06\/Rattasark-naistele-tagant-2-100x100.jpg 100w\" sizes=\"auto, (max-width: 1000px) 100vw, 1000px\" \/>    \n        <\/div>\n    <!-- \/image-wrap -->\n    \n        <\/div>\n<!-- \/module image -->        <\/div>\n                    <div  data-lazy=\"1\" class=\"module_column sub_column col4-2 tb_yt0u201 last\">\n                    <!-- module text -->\n<div  class=\"module module-text tb_fpmo201   \" data-lazy=\"1\">\n        <div  class=\"tb_text_wrap\">\n        <h3>Funktsionaalne seljatasku<\/h3>\n<p>Kolmeosaline kummiga tasku, mille \u00e4\u00e4rmised vahed on kitsad, keskmine laiem. Mugav spordigeelide, telefoni ja teiste v\u00e4ikeste asjade mahutamiseks ka pikkadeks s\u00f5itudeks.<\/p>    <\/div>\n<\/div>\n<!-- \/module text -->        <\/div>\n                    <\/div>\n                <\/div>\n                        <\/div>\n        <\/div>\n        <\/div>\n<!--\/themify_builder_content-->","protected":false},"excerpt":{"rendered":"<p>A very lightweight cycling jersey designed for training and competing. The chest area is made from a soft fiber and elastane blend, while the back and sleeves are crafted from a special fabric with effective moisture-wicking properties. The jersey is slightly longer in the back than in the front, making it suitable for intense workouts. It features a convenient three-section pocket on the back, ideal for carrying items like a bottle, sports gels, or a phone.<\/p>\n<p><strong>Material:<\/strong>\u00a0Front 81% polyester, 19% elastane; Back and sleeves 96.5% polyester, 3.5% elastane<br \/>\n<strong>Fabric weight:<\/strong>\u00a0Front 125 g\/m2; Back and sleeves 150 g\/m2<br \/>\n<strong>Back pocket:<\/strong>\u00a0A three-part pocket with smaller outer sections and a larger middle section<br \/>\n<strong>Zipper:<\/strong>\u00a0Available with short and long zippers.<br \/>\n<strong>Sublimation printing:<\/strong>\u00a0sharp and permanent printing covering the entire product, based on the customer\u2019s approved design. The print does not affect the technical properties of the fabric, it cannot be felt by hand.<br \/>\n<strong>Personalization:<\/strong>\u00a0For an additional fee, add a name, number, or other unique feature.<br \/>\n<strong>Sizes:<\/strong>\u00a0XS, S, M, L, XL, 2XL, 3XL<\/p>\n<p>The product images are samples, and the customer\u2019s chosen design will be printed on the fabric. There is an option to select a suitable design template from our extensive design gallery and have our designer further develop it.<\/p>\n","protected":false},"featured_media":22603,"comment_status":"closed","ping_status":"closed","template":"","meta":{"_acf_changed":false},"product_brand":[],"product_cat":[64,53],"product_tag":[],"class_list":{"0":"post-6043","1":"product","2":"type-product","3":"status-publish","4":"has-post-thumbnail","6":"product_cat-jalgrattasport-en","7":"product_cat-women","8":"has-post-title","9":"has-post-date","10":"has-post-category","11":"has-post-tag","12":"has-post-comment","13":"has-post-author","14":"","16":"first","17":"instock","18":"taxable","19":"shipping-taxable","20":"purchasable","21":"product-type-simple"},"acf":[],"yoast_head":"<!-- This site is optimized with the Yoast SEO plugin v27.3 - https:\/\/yoast.com\/product\/yoast-seo-wordpress\/ -->\n<title>Women\u2019s Cycling Jersey - Tiimiriided<\/title>\n<meta name=\"robots\" content=\"index, follow, max-snippet:-1, max-image-preview:large, max-video-preview:-1\" \/>\n<link rel=\"canonical\" href=\"https:\/\/tiimiriided.ee\/toode\/rattasark-naistele\/\" \/>\n<meta property=\"og:locale\" content=\"en_US\" \/>\n<meta property=\"og:type\" content=\"article\" \/>\n<meta property=\"og:title\" content=\"Women\u2019s Cycling Jersey - Tiimiriided\" \/>\n<meta property=\"og:description\" content=\"A very lightweight cycling jersey designed for training and competing. The chest area is made from a soft fiber and elastane blend, while the back and sleeves are crafted from a special fabric with effective moisture-wicking properties. The jersey is slightly longer in the back than in the front, making it suitable for intense workouts. It features a convenient three-section pocket on the back, ideal for carrying items like a bottle, sports gels, or a phone.  Material:\u00a0Front 81% polyester, 19% elastane; Back and sleeves 96.5% polyester, 3.5% elastane Fabric weight:\u00a0Front 125 g\/m2; Back and sleeves 150 g\/m2 Back pocket:\u00a0A three-part pocket with smaller outer sections and a larger middle section Zipper:\u00a0Available with short and long zippers. Sublimation printing:\u00a0sharp and permanent printing covering the entire product, based on the customer\u2019s approved design. The print does not affect the technical properties of the fabric, it cannot be felt by hand. Personalization:\u00a0For an additional fee, add a name, number, or other unique feature. Sizes:\u00a0XS, S, M, L, XL, 2XL, 3XL  The product images are samples, and the customer\u2019s chosen design will be printed on the fabric. There is an option to select a suitable design template from our extensive design gallery and have our designer further develop it.\" \/>\n<meta property=\"og:url\" content=\"https:\/\/tiimiriided.ee\/toode\/rattasark-naistele\/\" \/>\n<meta property=\"og:site_name\" content=\"Tiimiriided\" \/>\n<meta property=\"article:modified_time\" content=\"2024-01-16T20:24:02+00:00\" \/>\n<meta property=\"og:image\" content=\"https:\/\/tiimiriided.ee\/wp-content\/uploads\/2023\/06\/Rattasark-naistele-eest.jpg\" \/>\n\t<meta property=\"og:image:width\" content=\"1000\" \/>\n\t<meta property=\"og:image:height\" content=\"1000\" \/>\n\t<meta property=\"og:image:type\" content=\"image\/jpeg\" \/>\n<meta name=\"twitter:card\" content=\"summary_large_image\" \/>\n<meta name=\"twitter:label1\" content=\"Est. reading time\" \/>\n\t<meta name=\"twitter:data1\" content=\"2 minutes\" \/>\n<script type=\"application\/ld+json\" class=\"yoast-schema-graph\">{\"@context\":\"https:\\\/\\\/schema.org\",\"@graph\":[{\"@type\":\"WebPage\",\"@id\":\"https:\\\/\\\/tiimiriided.ee\\\/toode\\\/rattasark-naistele\\\/\",\"url\":\"https:\\\/\\\/tiimiriided.ee\\\/toode\\\/rattasark-naistele\\\/\",\"name\":\"Women\u2019s Cycling Jersey - Tiimiriided\",\"isPartOf\":{\"@id\":\"https:\\\/\\\/tiimiriided.ee\\\/#website\"},\"primaryImageOfPage\":{\"@id\":\"https:\\\/\\\/tiimiriided.ee\\\/toode\\\/rattasark-naistele\\\/#primaryimage\"},\"image\":{\"@id\":\"https:\\\/\\\/tiimiriided.ee\\\/toode\\\/rattasark-naistele\\\/#primaryimage\"},\"thumbnailUrl\":\"https:\\\/\\\/tiimiriided.ee\\\/wp-content\\\/uploads\\\/2023\\\/06\\\/Rattasark-naistele-eest-1.png\",\"datePublished\":\"2023-06-29T13:09:40+00:00\",\"dateModified\":\"2024-01-16T20:24:02+00:00\",\"breadcrumb\":{\"@id\":\"https:\\\/\\\/tiimiriided.ee\\\/toode\\\/rattasark-naistele\\\/#breadcrumb\"},\"inLanguage\":\"en-US\",\"potentialAction\":[{\"@type\":\"ReadAction\",\"target\":[\"https:\\\/\\\/tiimiriided.ee\\\/toode\\\/rattasark-naistele\\\/\"]}]},{\"@type\":\"ImageObject\",\"inLanguage\":\"en-US\",\"@id\":\"https:\\\/\\\/tiimiriided.ee\\\/toode\\\/rattasark-naistele\\\/#primaryimage\",\"url\":\"https:\\\/\\\/tiimiriided.ee\\\/wp-content\\\/uploads\\\/2023\\\/06\\\/Rattasark-naistele-eest-1.png\",\"contentUrl\":\"https:\\\/\\\/tiimiriided.ee\\\/wp-content\\\/uploads\\\/2023\\\/06\\\/Rattasark-naistele-eest-1.png\",\"width\":500,\"height\":804},{\"@type\":\"BreadcrumbList\",\"@id\":\"https:\\\/\\\/tiimiriided.ee\\\/toode\\\/rattasark-naistele\\\/#breadcrumb\",\"itemListElement\":[{\"@type\":\"ListItem\",\"position\":1,\"name\":\"Home\",\"item\":\"https:\\\/\\\/tiimiriided.ee\\\/en\\\/?page_id=15263\"},{\"@type\":\"ListItem\",\"position\":2,\"name\":\"Shop\",\"item\":\"https:\\\/\\\/tiimiriided.ee\\\/en\\\/pood\\\/\"},{\"@type\":\"ListItem\",\"position\":3,\"name\":\"Women\u2019s Cycling Jersey\"}]},{\"@type\":\"WebSite\",\"@id\":\"https:\\\/\\\/tiimiriided.ee\\\/#website\",\"url\":\"https:\\\/\\\/tiimiriided.ee\\\/\",\"name\":\"Tiimiriided\",\"description\":\"\",\"potentialAction\":[{\"@type\":\"SearchAction\",\"target\":{\"@type\":\"EntryPoint\",\"urlTemplate\":\"https:\\\/\\\/tiimiriided.ee\\\/?s={search_term_string}\"},\"query-input\":{\"@type\":\"PropertyValueSpecification\",\"valueRequired\":true,\"valueName\":\"search_term_string\"}}],\"inLanguage\":\"en-US\"}]}<\/script>\n<!-- \/ Yoast SEO plugin. -->","yoast_head_json":{"title":"Women\u2019s Cycling Jersey - Tiimiriided","robots":{"index":"index","follow":"follow","max-snippet":"max-snippet:-1","max-image-preview":"max-image-preview:large","max-video-preview":"max-video-preview:-1"},"canonical":"https:\/\/tiimiriided.ee\/toode\/rattasark-naistele\/","og_locale":"en_US","og_type":"article","og_title":"Women\u2019s Cycling Jersey - Tiimiriided","og_description":"A very lightweight cycling jersey designed for training and competing. The chest area is made from a soft fiber and elastane blend, while the back and sleeves are crafted from a special fabric with effective moisture-wicking properties. The jersey is slightly longer in the back than in the front, making it suitable for intense workouts. It features a convenient three-section pocket on the back, ideal for carrying items like a bottle, sports gels, or a phone.  Material:\u00a0Front 81% polyester, 19% elastane; Back and sleeves 96.5% polyester, 3.5% elastane Fabric weight:\u00a0Front 125 g\/m2; Back and sleeves 150 g\/m2 Back pocket:\u00a0A three-part pocket with smaller outer sections and a larger middle section Zipper:\u00a0Available with short and long zippers. Sublimation printing:\u00a0sharp and permanent printing covering the entire product, based on the customer\u2019s approved design. The print does not affect the technical properties of the fabric, it cannot be felt by hand. Personalization:\u00a0For an additional fee, add a name, number, or other unique feature. Sizes:\u00a0XS, S, M, L, XL, 2XL, 3XL  The product images are samples, and the customer\u2019s chosen design will be printed on the fabric. There is an option to select a suitable design template from our extensive design gallery and have our designer further develop it.","og_url":"https:\/\/tiimiriided.ee\/toode\/rattasark-naistele\/","og_site_name":"Tiimiriided","article_modified_time":"2024-01-16T20:24:02+00:00","og_image":[{"width":1000,"height":1000,"url":"https:\/\/tiimiriided.ee\/wp-content\/uploads\/2023\/06\/Rattasark-naistele-eest.jpg","type":"image\/jpeg"}],"twitter_card":"summary_large_image","twitter_misc":{"Est. reading time":"2 minutes"},"schema":{"@context":"https:\/\/schema.org","@graph":[{"@type":"WebPage","@id":"https:\/\/tiimiriided.ee\/toode\/rattasark-naistele\/","url":"https:\/\/tiimiriided.ee\/toode\/rattasark-naistele\/","name":"Women\u2019s Cycling Jersey - Tiimiriided","isPartOf":{"@id":"https:\/\/tiimiriided.ee\/#website"},"primaryImageOfPage":{"@id":"https:\/\/tiimiriided.ee\/toode\/rattasark-naistele\/#primaryimage"},"image":{"@id":"https:\/\/tiimiriided.ee\/toode\/rattasark-naistele\/#primaryimage"},"thumbnailUrl":"https:\/\/tiimiriided.ee\/wp-content\/uploads\/2023\/06\/Rattasark-naistele-eest-1.png","datePublished":"2023-06-29T13:09:40+00:00","dateModified":"2024-01-16T20:24:02+00:00","breadcrumb":{"@id":"https:\/\/tiimiriided.ee\/toode\/rattasark-naistele\/#breadcrumb"},"inLanguage":"en-US","potentialAction":[{"@type":"ReadAction","target":["https:\/\/tiimiriided.ee\/toode\/rattasark-naistele\/"]}]},{"@type":"ImageObject","inLanguage":"en-US","@id":"https:\/\/tiimiriided.ee\/toode\/rattasark-naistele\/#primaryimage","url":"https:\/\/tiimiriided.ee\/wp-content\/uploads\/2023\/06\/Rattasark-naistele-eest-1.png","contentUrl":"https:\/\/tiimiriided.ee\/wp-content\/uploads\/2023\/06\/Rattasark-naistele-eest-1.png","width":500,"height":804},{"@type":"BreadcrumbList","@id":"https:\/\/tiimiriided.ee\/toode\/rattasark-naistele\/#breadcrumb","itemListElement":[{"@type":"ListItem","position":1,"name":"Home","item":"https:\/\/tiimiriided.ee\/en\/?page_id=15263"},{"@type":"ListItem","position":2,"name":"Shop","item":"https:\/\/tiimiriided.ee\/en\/pood\/"},{"@type":"ListItem","position":3,"name":"Women\u2019s Cycling Jersey"}]},{"@type":"WebSite","@id":"https:\/\/tiimiriided.ee\/#website","url":"https:\/\/tiimiriided.ee\/","name":"Tiimiriided","description":"","potentialAction":[{"@type":"SearchAction","target":{"@type":"EntryPoint","urlTemplate":"https:\/\/tiimiriided.ee\/?s={search_term_string}"},"query-input":{"@type":"PropertyValueSpecification","valueRequired":true,"valueName":"search_term_string"}}],"inLanguage":"en-US"}]}},"builder_content":"<img src=\"https:\/\/tiimiriided.ee\/wp-content\/uploads\/2023\/06\/Rattasark-naistele-eest-2.jpg\" title=\"Rattas\u00e4rk naistele eest 2\" alt=\"Rattas\u00e4rk naistele eest 2\" srcset=\"https:\/\/tiimiriided.ee\/wp-content\/uploads\/2023\/06\/Rattasark-naistele-eest-2.jpg 1000w, https:\/\/tiimiriided.ee\/wp-content\/uploads\/2023\/06\/Rattasark-naistele-eest-2-300x300.jpg 300w, https:\/\/tiimiriided.ee\/wp-content\/uploads\/2023\/06\/Rattasark-naistele-eest-2-150x150.jpg 150w, https:\/\/tiimiriided.ee\/wp-content\/uploads\/2023\/06\/Rattasark-naistele-eest-2-768x768.jpg 768w, https:\/\/tiimiriided.ee\/wp-content\/uploads\/2023\/06\/Rattasark-naistele-eest-2-600x600.jpg 600w, https:\/\/tiimiriided.ee\/wp-content\/uploads\/2023\/06\/Rattasark-naistele-eest-2-100x100.jpg 100w\" sizes=\"(max-width: 1000px) 100vw, 1000px\" \/>\n<h3>Zipper Protection<\/h3> <p>Anti-chafing protection with a small zipper pocket<\/p>\n<h3>Combination of two technical materials<\/h3> <p>The chest area and back pocket are made of a soft and comfortable material, with a small amount of elastane fiber for stretch. The material for the sleeves and back is technically superior, effectively moving moisture to the outer surface of the fabric, keeping the body as dry as possible.<\/p>\n<img src=\"https:\/\/tiimiriided.ee\/wp-content\/uploads\/2023\/06\/Rattasark-naistele-eest-3.jpg\" title=\"Rattas\u00e4rk naistele eest 3\" alt=\"Rattas\u00e4rk naistele eest 3\" srcset=\"https:\/\/tiimiriided.ee\/wp-content\/uploads\/2023\/06\/Rattasark-naistele-eest-3.jpg 1000w, https:\/\/tiimiriided.ee\/wp-content\/uploads\/2023\/06\/Rattasark-naistele-eest-3-300x300.jpg 300w, https:\/\/tiimiriided.ee\/wp-content\/uploads\/2023\/06\/Rattasark-naistele-eest-3-150x150.jpg 150w, https:\/\/tiimiriided.ee\/wp-content\/uploads\/2023\/06\/Rattasark-naistele-eest-3-768x768.jpg 768w, https:\/\/tiimiriided.ee\/wp-content\/uploads\/2023\/06\/Rattasark-naistele-eest-3-600x600.jpg 600w, https:\/\/tiimiriided.ee\/wp-content\/uploads\/2023\/06\/Rattasark-naistele-eest-3-100x100.jpg 100w\" sizes=\"(max-width: 1000px) 100vw, 1000px\" \/>\n<img src=\"https:\/\/tiimiriided.ee\/wp-content\/uploads\/2023\/06\/Rattasark-naistele-tagant-2.jpg\" title=\"Rattas\u00e4rk naistele tagant 2\" alt=\"Rattas\u00e4rk naistele tagant 2\" srcset=\"https:\/\/tiimiriided.ee\/wp-content\/uploads\/2023\/06\/Rattasark-naistele-tagant-2.jpg 1000w, https:\/\/tiimiriided.ee\/wp-content\/uploads\/2023\/06\/Rattasark-naistele-tagant-2-300x300.jpg 300w, https:\/\/tiimiriided.ee\/wp-content\/uploads\/2023\/06\/Rattasark-naistele-tagant-2-150x150.jpg 150w, https:\/\/tiimiriided.ee\/wp-content\/uploads\/2023\/06\/Rattasark-naistele-tagant-2-768x768.jpg 768w, https:\/\/tiimiriided.ee\/wp-content\/uploads\/2023\/06\/Rattasark-naistele-tagant-2-600x600.jpg 600w, https:\/\/tiimiriided.ee\/wp-content\/uploads\/2023\/06\/Rattasark-naistele-tagant-2-100x100.jpg 100w\" sizes=\"(max-width: 1000px) 100vw, 1000px\" \/>\n<h3>Funktsionaalne seljatasku<\/h3> <p>Kolmeosaline kummiga tasku, mille \u00e4\u00e4rmised vahed on kitsad, keskmine laiem. Mugav spordigeelide, telefoni ja teiste v\u00e4ikeste asjade mahutamiseks ka pikkadeks s\u00f5itudeks.<\/p>","_links":{"self":[{"href":"https:\/\/tiimiriided.ee\/en\/wp-json\/wp\/v2\/product\/6043","targetHints":{"allow":["GET"]}}],"collection":[{"href":"https:\/\/tiimiriided.ee\/en\/wp-json\/wp\/v2\/product"}],"about":[{"href":"https:\/\/tiimiriided.ee\/en\/wp-json\/wp\/v2\/types\/product"}],"replies":[{"embeddable":true,"href":"https:\/\/tiimiriided.ee\/en\/wp-json\/wp\/v2\/comments?post=6043"}],"wp:featuredmedia":[{"embeddable":true,"href":"https:\/\/tiimiriided.ee\/en\/wp-json\/wp\/v2\/media\/22603"}],"wp:attachment":[{"href":"https:\/\/tiimiriided.ee\/en\/wp-json\/wp\/v2\/media?parent=6043"}],"wp:term":[{"taxonomy":"product_brand","embeddable":true,"href":"https:\/\/tiimiriided.ee\/en\/wp-json\/wp\/v2\/product_brand?post=6043"},{"taxonomy":"product_cat","embeddable":true,"href":"https:\/\/tiimiriided.ee\/en\/wp-json\/wp\/v2\/product_cat?post=6043"},{"taxonomy":"product_tag","embeddable":true,"href":"https:\/\/tiimiriided.ee\/en\/wp-json\/wp\/v2\/product_tag?post=6043"}],"curies":[{"name":"wp","href":"https:\/\/api.w.org\/{rel}","templated":true}]}}