{"id":5574,"date":"2023-05-30T08:01:03","date_gmt":"2023-05-30T08:01:03","guid":{"rendered":"https:\/\/tiimiriided.ee\/toode\/meeste-vorkpallisark-pro\/"},"modified":"2023-12-17T13:14:13","modified_gmt":"2023-12-17T13:14:13","slug":"mens-volleyball-shirt-pro","status":"publish","type":"product","link":"https:\/\/tiimiriided.ee\/en\/toode\/mens-volleyball-shirt-pro\/","title":{"rendered":"Men&#8217;s volleyball shirt Pro"},"content":{"rendered":"<!--themify_builder_content-->\n<div id=\"themify_builder_content-5574\" data-postid=\"5574\" class=\"themify_builder_content themify_builder_content-5574 themify_builder tf_clear\">\n                    <div  data-lazy=\"1\" class=\"module_row themify_builder_row tb_v1gd668 tb_first tf_w\">\n                        <div class=\"row_inner col_align_top tb_col_count_1 tf_box tf_rel\">\n                        <div  data-lazy=\"1\" class=\"module_column tb-column col-full tb_75jz668 first\">\n                            <div  data-lazy=\"1\" class=\"module_subrow themify_builder_sub_row tf_w col_align_middle tb_col_count_2 tb_w61k668\">\n                <div  data-lazy=\"1\" class=\"module_column sub_column col4-2 tb_9kcf669 first\">\n                    <!-- module image -->\n<div  class=\"module module-image tb_6d5o669 image-top   tf_mw\" data-lazy=\"1\">\n        <div class=\"image-wrap tf_rel tf_mw\">\n            <img loading=\"lazy\" decoding=\"async\" width=\"1000\" height=\"1000\" src=\"https:\/\/tiimiriided.ee\/wp-content\/uploads\/2023\/05\/Meeste-vorkpallivorm-Pro-kulgvaates.jpg\" class=\"wp-post-image wp-image-1213\" title=\"Meeste v\u00f5rkpallivorm Pro k\u00fclgvaates\" alt=\"Meeste v\u00f5rkpallivorm Pro k\u00fclgvaates\" srcset=\"https:\/\/tiimiriided.ee\/wp-content\/uploads\/2023\/05\/Meeste-vorkpallivorm-Pro-kulgvaates.jpg 1000w, https:\/\/tiimiriided.ee\/wp-content\/uploads\/2023\/05\/Meeste-vorkpallivorm-Pro-kulgvaates-300x300.jpg 300w, https:\/\/tiimiriided.ee\/wp-content\/uploads\/2023\/05\/Meeste-vorkpallivorm-Pro-kulgvaates-150x150.jpg 150w, https:\/\/tiimiriided.ee\/wp-content\/uploads\/2023\/05\/Meeste-vorkpallivorm-Pro-kulgvaates-768x768.jpg 768w, https:\/\/tiimiriided.ee\/wp-content\/uploads\/2023\/05\/Meeste-vorkpallivorm-Pro-kulgvaates-600x600.jpg 600w, https:\/\/tiimiriided.ee\/wp-content\/uploads\/2023\/05\/Meeste-vorkpallivorm-Pro-kulgvaates-100x100.jpg 100w\" sizes=\"auto, (max-width: 1000px) 100vw, 1000px\" \/>    \n        <\/div>\n    <!-- \/image-wrap -->\n    \n        <\/div>\n<!-- \/module image -->        <\/div>\n                    <div  data-lazy=\"1\" class=\"module_column sub_column col4-2 tb_s0zt669 last\">\n                    <!-- module text -->\n<div  class=\"module module-text tb_fjye669   \" data-lazy=\"1\">\n        <div  class=\"tb_text_wrap\">\n        <h3>Ventilating side mesh<\/h3>\n<p>Compared to the basic series, this mesh offers even better breathability.<\/p>    <\/div>\n<\/div>\n<!-- \/module text -->        <\/div>\n                    <\/div>\n                <\/div>\n                        <\/div>\n        <\/div>\n                        <div  data-lazy=\"1\" class=\"module_row themify_builder_row tb_3tf9669 tf_w\">\n                        <div class=\"row_inner col_align_top tb_col_count_1 tf_box tf_rel\">\n                        <div  data-lazy=\"1\" class=\"module_column tb-column col-full tb_2cxp669 first\">\n                            <div  data-lazy=\"1\" class=\"module_subrow themify_builder_sub_row tf_w col_align_middle tb_col_count_2 tb_tprs669\">\n                <div  data-lazy=\"1\" class=\"module_column sub_column col4-2 tb_me0v669 first\">\n                    <!-- module text -->\n<div  class=\"module module-text tb_h30q669   \" data-lazy=\"1\">\n        <div  class=\"tb_text_wrap\">\n        <h3>The multicolored neckline<\/h3>\n<p>Available for an extra charge upon request. It can also be used as advertising space.<\/p>    <\/div>\n<\/div>\n<!-- \/module text -->        <\/div>\n                    <div  data-lazy=\"1\" class=\"module_column sub_column col4-2 tb_udvi669 last\">\n                    <!-- module image -->\n<div  class=\"module module-image tb_ie6b669 image-top   tf_mw\" data-lazy=\"1\">\n        <div class=\"image-wrap tf_rel tf_mw\">\n            <img loading=\"lazy\" decoding=\"async\" width=\"1000\" height=\"1000\" src=\"https:\/\/tiimiriided.ee\/wp-content\/uploads\/2023\/12\/Mitmevarviline-kaelus.jpg\" class=\"wp-post-image wp-image-5255\" title=\"Mitmev\u00e4rviline kaelus\" alt=\"Mitmev\u00e4rviline kaelus\" srcset=\"https:\/\/tiimiriided.ee\/wp-content\/uploads\/2023\/12\/Mitmevarviline-kaelus.jpg 1000w, https:\/\/tiimiriided.ee\/wp-content\/uploads\/2023\/12\/Mitmevarviline-kaelus-300x300.jpg 300w, https:\/\/tiimiriided.ee\/wp-content\/uploads\/2023\/12\/Mitmevarviline-kaelus-150x150.jpg 150w, https:\/\/tiimiriided.ee\/wp-content\/uploads\/2023\/12\/Mitmevarviline-kaelus-768x768.jpg 768w, https:\/\/tiimiriided.ee\/wp-content\/uploads\/2023\/12\/Mitmevarviline-kaelus-600x600.jpg 600w, https:\/\/tiimiriided.ee\/wp-content\/uploads\/2023\/12\/Mitmevarviline-kaelus-100x100.jpg 100w\" sizes=\"auto, (max-width: 1000px) 100vw, 1000px\" \/>    \n        <\/div>\n    <!-- \/image-wrap -->\n    \n        <\/div>\n<!-- \/module image -->        <\/div>\n                    <\/div>\n                <\/div>\n                        <\/div>\n        <\/div>\n                        <div  data-lazy=\"1\" class=\"module_row themify_builder_row tb_33b5200 tf_w\">\n                        <div class=\"row_inner col_align_top tb_col_count_1 tf_box tf_rel\">\n                        <div  data-lazy=\"1\" class=\"module_column tb-column col-full tb_dr4v200 first\">\n                            <div  data-lazy=\"1\" class=\"module_subrow themify_builder_sub_row tf_w col_align_middle tb_col_count_2 tb_jsar201\">\n                <div  data-lazy=\"1\" class=\"module_column sub_column col4-2 tb_fwmi201 first\">\n                    <!-- module image -->\n<div  class=\"module module-image tb_zp7t687 image-top   tf_mw\" data-lazy=\"1\">\n        <div class=\"image-wrap tf_rel tf_mw\">\n            <img loading=\"lazy\" decoding=\"async\" width=\"1000\" height=\"1000\" src=\"https:\/\/tiimiriided.ee\/wp-content\/uploads\/2023\/05\/Naiste-jalgpallivorm-kuljelt-3.jpg\" class=\"wp-post-image wp-image-1336\" title=\"Naiste jalgpallivorm k\u00fcljelt 3\" alt=\"Naiste jalgpallivorm k\u00fcljelt 3\" srcset=\"https:\/\/tiimiriided.ee\/wp-content\/uploads\/2023\/05\/Naiste-jalgpallivorm-kuljelt-3.jpg 1000w, https:\/\/tiimiriided.ee\/wp-content\/uploads\/2023\/05\/Naiste-jalgpallivorm-kuljelt-3-300x300.jpg 300w, https:\/\/tiimiriided.ee\/wp-content\/uploads\/2023\/05\/Naiste-jalgpallivorm-kuljelt-3-150x150.jpg 150w, https:\/\/tiimiriided.ee\/wp-content\/uploads\/2023\/05\/Naiste-jalgpallivorm-kuljelt-3-768x768.jpg 768w, https:\/\/tiimiriided.ee\/wp-content\/uploads\/2023\/05\/Naiste-jalgpallivorm-kuljelt-3-600x600.jpg 600w, https:\/\/tiimiriided.ee\/wp-content\/uploads\/2023\/05\/Naiste-jalgpallivorm-kuljelt-3-100x100.jpg 100w\" sizes=\"auto, (max-width: 1000px) 100vw, 1000px\" \/>    \n        <\/div>\n    <!-- \/image-wrap -->\n    \n        <\/div>\n<!-- \/module image -->        <\/div>\n                    <div  data-lazy=\"1\" class=\"module_column sub_column col4-2 tb_yt0u201 last\">\n                    <!-- module text -->\n<div  class=\"module module-text tb_fpmo201   \" data-lazy=\"1\">\n        <div  class=\"tb_text_wrap\">\n        <h3>Sleeve trim (optional)<\/h3>\n<p>The multicolored sleeve trim sewn on allows for further personalization of the garment\u2019s design. It can also be used as advertising space.<\/p>    <\/div>\n<\/div>\n<!-- \/module text -->        <\/div>\n                    <\/div>\n                <\/div>\n                        <\/div>\n        <\/div>\n                        <div  data-lazy=\"1\" class=\"module_row themify_builder_row tb_4mbw351 tf_w\">\n                        <div class=\"row_inner col_align_top tb_col_count_1 tf_box tf_rel\">\n                        <div  data-lazy=\"1\" class=\"module_column tb-column col-full tb_wlxu351 first\">\n                            <div  data-lazy=\"1\" class=\"module_subrow themify_builder_sub_row tf_w col_align_middle tb_col_count_2 tb_6ald351\">\n                <div  data-lazy=\"1\" class=\"module_column sub_column col4-2 tb_bryf351 first\">\n                    <!-- module text -->\n<div  class=\"module module-text tb_8xde352   \" data-lazy=\"1\">\n        <div  class=\"tb_text_wrap\">\n        <h3>Team Emblems (optional)<\/h3>\n<p>Adding a team emblem, such as a logo or crest, can lend a touch of formality and elegance to the uniform. The price of the emblem depends on the quantity and the technique used for attaching it to the garments. Depending on the technology, the minimum quantity ranges from 15 to 100.<\/p>    <\/div>\n<\/div>\n<!-- \/module text -->        <\/div>\n                    <div  data-lazy=\"1\" class=\"module_column sub_column col4-2 tb_udn0352 last\">\n                    <!-- module image -->\n<div  class=\"module module-image tb_zq29134 image-top   tf_mw\" data-lazy=\"1\">\n        <div class=\"image-wrap tf_rel tf_mw\">\n            <img loading=\"lazy\" decoding=\"async\" width=\"700\" height=\"700\" src=\"https:\/\/tiimiriided.ee\/wp-content\/uploads\/2023\/08\/Embleem-sargil.jpg\" class=\"wp-post-image wp-image-4406\" title=\"Embleem s\u00e4rgil\" alt=\"Embleem s\u00e4rgil\" srcset=\"https:\/\/tiimiriided.ee\/wp-content\/uploads\/2023\/08\/Embleem-sargil.jpg 700w, https:\/\/tiimiriided.ee\/wp-content\/uploads\/2023\/08\/Embleem-sargil-300x300.jpg 300w, https:\/\/tiimiriided.ee\/wp-content\/uploads\/2023\/08\/Embleem-sargil-150x150.jpg 150w, https:\/\/tiimiriided.ee\/wp-content\/uploads\/2023\/08\/Embleem-sargil-600x600.jpg 600w, https:\/\/tiimiriided.ee\/wp-content\/uploads\/2023\/08\/Embleem-sargil-100x100.jpg 100w\" sizes=\"auto, (max-width: 700px) 100vw, 700px\" \/>    \n        <\/div>\n    <!-- \/image-wrap -->\n    \n        <\/div>\n<!-- \/module image -->        <\/div>\n                    <\/div>\n                <\/div>\n                        <\/div>\n        <\/div>\n        <\/div>\n<!--\/themify_builder_content-->","protected":false},"excerpt":{"rendered":"<p>Classic fit volleyball shirt with airy fabric and side panels for training and competition. Easy-care and quick-drying fabric wicks moisture away from the body surface. The shirt has been developed in cooperation with professional players.<\/p>\n<p><strong>Material:<\/strong>\u00a081 % polyester, 19% Elastane<br \/>\n<strong>Neckline Options:<\/strong>\u00a0Slightly V-shaped neckline or a multicolored neckline for an additional fee.<br \/>\n<strong>Additional Features:<\/strong>\u00a0Team emblem, sleeve trim, and multicolored neckline available for an extra charge upon request.<\/p>\n<p><strong>Sublimation Printing:<\/strong>\u00a0Full-coverage, sharp, and durable print based on the design approved by the customer. The print does not affect the technical properties of the fabric, it cannot be felt by hand.<br \/>\n<strong>Personalization:<\/strong>\u00a0Add a player number and\/or name at no extra cost.<br \/>\n<strong>Sizes:<\/strong>\u00a0XS, S, M, L, XL, 2XL, 3XL<\/p>\n<p>Product images are samples. The customer\u2019s chosen design will be printed on the fabric. There is an option to select a suitable design from and extensive design gallery and have it further developed by our designer.<\/p>\n","protected":false},"featured_media":23294,"comment_status":"closed","ping_status":"closed","template":"","meta":{"_acf_changed":false},"product_brand":[],"product_cat":[55,61],"product_tag":[],"class_list":{"0":"post-5574","1":"product","2":"type-product","3":"status-publish","4":"has-post-thumbnail","6":"product_cat-mehed-en","7":"product_cat-volleyball","8":"has-post-title","9":"has-post-date","10":"has-post-category","11":"has-post-tag","12":"has-post-comment","13":"has-post-author","14":"","16":"first","17":"instock","18":"taxable","19":"shipping-taxable","20":"purchasable","21":"product-type-simple"},"acf":[],"yoast_head":"<!-- This site is optimized with the Yoast SEO plugin v27.3 - https:\/\/yoast.com\/product\/yoast-seo-wordpress\/ -->\n<title>Men&#039;s volleyball shirt Pro - Tiimiriided<\/title>\n<meta name=\"description\" content=\"Klassikalise l\u00f5ikega meeste v\u00f5rkpallis\u00e4rk sobib suurep\u00e4raselt treenimiseks ja v\u00f5istlemiseks. Kangale prinditakse kliendi soovitud kujundus.\" \/>\n<meta name=\"robots\" content=\"index, follow, max-snippet:-1, max-image-preview:large, max-video-preview:-1\" \/>\n<link rel=\"canonical\" href=\"https:\/\/tiimiriided.ee\/toode\/meeste-vorkpallisark-pro\/\" \/>\n<meta property=\"og:locale\" content=\"en_US\" \/>\n<meta property=\"og:type\" content=\"article\" \/>\n<meta property=\"og:title\" content=\"Men&#039;s volleyball shirt Pro - Tiimiriided\" \/>\n<meta property=\"og:description\" content=\"Klassikalise l\u00f5ikega meeste v\u00f5rkpallis\u00e4rk sobib suurep\u00e4raselt treenimiseks ja v\u00f5istlemiseks. Kangale prinditakse kliendi soovitud kujundus.\" \/>\n<meta property=\"og:url\" content=\"https:\/\/tiimiriided.ee\/toode\/meeste-vorkpallisark-pro\/\" \/>\n<meta property=\"og:site_name\" content=\"Tiimiriided\" \/>\n<meta property=\"article:modified_time\" content=\"2023-12-17T13:14:13+00:00\" \/>\n<meta property=\"og:image\" content=\"https:\/\/tiimiriided.ee\/wp-content\/uploads\/2023\/05\/Meeste-vorkpallivorm-Pro-tagant.jpg\" \/>\n\t<meta property=\"og:image:width\" content=\"1000\" \/>\n\t<meta property=\"og:image:height\" content=\"1000\" \/>\n\t<meta property=\"og:image:type\" content=\"image\/jpeg\" \/>\n<meta name=\"twitter:card\" content=\"summary_large_image\" \/>\n<meta name=\"twitter:label1\" content=\"Est. reading time\" \/>\n\t<meta name=\"twitter:data1\" content=\"2 minutes\" \/>\n<script type=\"application\/ld+json\" class=\"yoast-schema-graph\">{\"@context\":\"https:\\\/\\\/schema.org\",\"@graph\":[{\"@type\":\"WebPage\",\"@id\":\"https:\\\/\\\/tiimiriided.ee\\\/toode\\\/meeste-vorkpallisark-pro\\\/\",\"url\":\"https:\\\/\\\/tiimiriided.ee\\\/toode\\\/meeste-vorkpallisark-pro\\\/\",\"name\":\"Men's volleyball shirt Pro - Tiimiriided\",\"isPartOf\":{\"@id\":\"https:\\\/\\\/tiimiriided.ee\\\/#website\"},\"primaryImageOfPage\":{\"@id\":\"https:\\\/\\\/tiimiriided.ee\\\/toode\\\/meeste-vorkpallisark-pro\\\/#primaryimage\"},\"image\":{\"@id\":\"https:\\\/\\\/tiimiriided.ee\\\/toode\\\/meeste-vorkpallisark-pro\\\/#primaryimage\"},\"thumbnailUrl\":\"https:\\\/\\\/tiimiriided.ee\\\/wp-content\\\/uploads\\\/2023\\\/05\\\/Meeste-vorkpallisark-Pro.png\",\"datePublished\":\"2023-05-30T08:01:03+00:00\",\"dateModified\":\"2023-12-17T13:14:13+00:00\",\"description\":\"Klassikalise l\u00f5ikega meeste v\u00f5rkpallis\u00e4rk sobib suurep\u00e4raselt treenimiseks ja v\u00f5istlemiseks. Kangale prinditakse kliendi soovitud kujundus.\",\"breadcrumb\":{\"@id\":\"https:\\\/\\\/tiimiriided.ee\\\/toode\\\/meeste-vorkpallisark-pro\\\/#breadcrumb\"},\"inLanguage\":\"en-US\",\"potentialAction\":[{\"@type\":\"ReadAction\",\"target\":[\"https:\\\/\\\/tiimiriided.ee\\\/toode\\\/meeste-vorkpallisark-pro\\\/\"]}]},{\"@type\":\"ImageObject\",\"inLanguage\":\"en-US\",\"@id\":\"https:\\\/\\\/tiimiriided.ee\\\/toode\\\/meeste-vorkpallisark-pro\\\/#primaryimage\",\"url\":\"https:\\\/\\\/tiimiriided.ee\\\/wp-content\\\/uploads\\\/2023\\\/05\\\/Meeste-vorkpallisark-Pro.png\",\"contentUrl\":\"https:\\\/\\\/tiimiriided.ee\\\/wp-content\\\/uploads\\\/2023\\\/05\\\/Meeste-vorkpallisark-Pro.png\",\"width\":500,\"height\":694},{\"@type\":\"BreadcrumbList\",\"@id\":\"https:\\\/\\\/tiimiriided.ee\\\/toode\\\/meeste-vorkpallisark-pro\\\/#breadcrumb\",\"itemListElement\":[{\"@type\":\"ListItem\",\"position\":1,\"name\":\"Home\",\"item\":\"https:\\\/\\\/tiimiriided.ee\\\/en\\\/?page_id=15263\"},{\"@type\":\"ListItem\",\"position\":2,\"name\":\"Shop\",\"item\":\"https:\\\/\\\/tiimiriided.ee\\\/en\\\/pood\\\/\"},{\"@type\":\"ListItem\",\"position\":3,\"name\":\"Men&#8217;s volleyball shirt Pro\"}]},{\"@type\":\"WebSite\",\"@id\":\"https:\\\/\\\/tiimiriided.ee\\\/#website\",\"url\":\"https:\\\/\\\/tiimiriided.ee\\\/\",\"name\":\"Tiimiriided\",\"description\":\"\",\"potentialAction\":[{\"@type\":\"SearchAction\",\"target\":{\"@type\":\"EntryPoint\",\"urlTemplate\":\"https:\\\/\\\/tiimiriided.ee\\\/?s={search_term_string}\"},\"query-input\":{\"@type\":\"PropertyValueSpecification\",\"valueRequired\":true,\"valueName\":\"search_term_string\"}}],\"inLanguage\":\"en-US\"}]}<\/script>\n<!-- \/ Yoast SEO plugin. -->","yoast_head_json":{"title":"Men's volleyball shirt Pro - Tiimiriided","description":"Klassikalise l\u00f5ikega meeste v\u00f5rkpallis\u00e4rk sobib suurep\u00e4raselt treenimiseks ja v\u00f5istlemiseks. Kangale prinditakse kliendi soovitud kujundus.","robots":{"index":"index","follow":"follow","max-snippet":"max-snippet:-1","max-image-preview":"max-image-preview:large","max-video-preview":"max-video-preview:-1"},"canonical":"https:\/\/tiimiriided.ee\/toode\/meeste-vorkpallisark-pro\/","og_locale":"en_US","og_type":"article","og_title":"Men's volleyball shirt Pro - Tiimiriided","og_description":"Klassikalise l\u00f5ikega meeste v\u00f5rkpallis\u00e4rk sobib suurep\u00e4raselt treenimiseks ja v\u00f5istlemiseks. Kangale prinditakse kliendi soovitud kujundus.","og_url":"https:\/\/tiimiriided.ee\/toode\/meeste-vorkpallisark-pro\/","og_site_name":"Tiimiriided","article_modified_time":"2023-12-17T13:14:13+00:00","og_image":[{"width":1000,"height":1000,"url":"https:\/\/tiimiriided.ee\/wp-content\/uploads\/2023\/05\/Meeste-vorkpallivorm-Pro-tagant.jpg","type":"image\/jpeg"}],"twitter_card":"summary_large_image","twitter_misc":{"Est. reading time":"2 minutes"},"schema":{"@context":"https:\/\/schema.org","@graph":[{"@type":"WebPage","@id":"https:\/\/tiimiriided.ee\/toode\/meeste-vorkpallisark-pro\/","url":"https:\/\/tiimiriided.ee\/toode\/meeste-vorkpallisark-pro\/","name":"Men's volleyball shirt Pro - Tiimiriided","isPartOf":{"@id":"https:\/\/tiimiriided.ee\/#website"},"primaryImageOfPage":{"@id":"https:\/\/tiimiriided.ee\/toode\/meeste-vorkpallisark-pro\/#primaryimage"},"image":{"@id":"https:\/\/tiimiriided.ee\/toode\/meeste-vorkpallisark-pro\/#primaryimage"},"thumbnailUrl":"https:\/\/tiimiriided.ee\/wp-content\/uploads\/2023\/05\/Meeste-vorkpallisark-Pro.png","datePublished":"2023-05-30T08:01:03+00:00","dateModified":"2023-12-17T13:14:13+00:00","description":"Klassikalise l\u00f5ikega meeste v\u00f5rkpallis\u00e4rk sobib suurep\u00e4raselt treenimiseks ja v\u00f5istlemiseks. Kangale prinditakse kliendi soovitud kujundus.","breadcrumb":{"@id":"https:\/\/tiimiriided.ee\/toode\/meeste-vorkpallisark-pro\/#breadcrumb"},"inLanguage":"en-US","potentialAction":[{"@type":"ReadAction","target":["https:\/\/tiimiriided.ee\/toode\/meeste-vorkpallisark-pro\/"]}]},{"@type":"ImageObject","inLanguage":"en-US","@id":"https:\/\/tiimiriided.ee\/toode\/meeste-vorkpallisark-pro\/#primaryimage","url":"https:\/\/tiimiriided.ee\/wp-content\/uploads\/2023\/05\/Meeste-vorkpallisark-Pro.png","contentUrl":"https:\/\/tiimiriided.ee\/wp-content\/uploads\/2023\/05\/Meeste-vorkpallisark-Pro.png","width":500,"height":694},{"@type":"BreadcrumbList","@id":"https:\/\/tiimiriided.ee\/toode\/meeste-vorkpallisark-pro\/#breadcrumb","itemListElement":[{"@type":"ListItem","position":1,"name":"Home","item":"https:\/\/tiimiriided.ee\/en\/?page_id=15263"},{"@type":"ListItem","position":2,"name":"Shop","item":"https:\/\/tiimiriided.ee\/en\/pood\/"},{"@type":"ListItem","position":3,"name":"Men&#8217;s volleyball shirt Pro"}]},{"@type":"WebSite","@id":"https:\/\/tiimiriided.ee\/#website","url":"https:\/\/tiimiriided.ee\/","name":"Tiimiriided","description":"","potentialAction":[{"@type":"SearchAction","target":{"@type":"EntryPoint","urlTemplate":"https:\/\/tiimiriided.ee\/?s={search_term_string}"},"query-input":{"@type":"PropertyValueSpecification","valueRequired":true,"valueName":"search_term_string"}}],"inLanguage":"en-US"}]}},"builder_content":"<img src=\"https:\/\/tiimiriided.ee\/wp-content\/uploads\/2023\/05\/Meeste-vorkpallivorm-Pro-kulgvaates.jpg\" title=\"Meeste v\u00f5rkpallivorm Pro k\u00fclgvaates\" alt=\"Meeste v\u00f5rkpallivorm Pro k\u00fclgvaates\" srcset=\"https:\/\/tiimiriided.ee\/wp-content\/uploads\/2023\/05\/Meeste-vorkpallivorm-Pro-kulgvaates.jpg 1000w, https:\/\/tiimiriided.ee\/wp-content\/uploads\/2023\/05\/Meeste-vorkpallivorm-Pro-kulgvaates-300x300.jpg 300w, https:\/\/tiimiriided.ee\/wp-content\/uploads\/2023\/05\/Meeste-vorkpallivorm-Pro-kulgvaates-150x150.jpg 150w, https:\/\/tiimiriided.ee\/wp-content\/uploads\/2023\/05\/Meeste-vorkpallivorm-Pro-kulgvaates-768x768.jpg 768w, https:\/\/tiimiriided.ee\/wp-content\/uploads\/2023\/05\/Meeste-vorkpallivorm-Pro-kulgvaates-600x600.jpg 600w, https:\/\/tiimiriided.ee\/wp-content\/uploads\/2023\/05\/Meeste-vorkpallivorm-Pro-kulgvaates-100x100.jpg 100w\" sizes=\"(max-width: 1000px) 100vw, 1000px\" \/>\n<h3>Ventilating side mesh<\/h3> <p>Compared to the basic series, this mesh offers even better breathability.<\/p>\n<h3>The multicolored neckline<\/h3> <p>Available for an extra charge upon request. It can also be used as advertising space.<\/p>\n<img src=\"https:\/\/tiimiriided.ee\/wp-content\/uploads\/2023\/12\/Mitmevarviline-kaelus.jpg\" title=\"Mitmev\u00e4rviline kaelus\" alt=\"Mitmev\u00e4rviline kaelus\" srcset=\"https:\/\/tiimiriided.ee\/wp-content\/uploads\/2023\/12\/Mitmevarviline-kaelus.jpg 1000w, https:\/\/tiimiriided.ee\/wp-content\/uploads\/2023\/12\/Mitmevarviline-kaelus-300x300.jpg 300w, https:\/\/tiimiriided.ee\/wp-content\/uploads\/2023\/12\/Mitmevarviline-kaelus-150x150.jpg 150w, https:\/\/tiimiriided.ee\/wp-content\/uploads\/2023\/12\/Mitmevarviline-kaelus-768x768.jpg 768w, https:\/\/tiimiriided.ee\/wp-content\/uploads\/2023\/12\/Mitmevarviline-kaelus-600x600.jpg 600w, https:\/\/tiimiriided.ee\/wp-content\/uploads\/2023\/12\/Mitmevarviline-kaelus-100x100.jpg 100w\" sizes=\"(max-width: 1000px) 100vw, 1000px\" \/>\n<img src=\"https:\/\/tiimiriided.ee\/wp-content\/uploads\/2023\/05\/Naiste-jalgpallivorm-kuljelt-3.jpg\" title=\"Naiste jalgpallivorm k\u00fcljelt 3\" alt=\"Naiste jalgpallivorm k\u00fcljelt 3\" srcset=\"https:\/\/tiimiriided.ee\/wp-content\/uploads\/2023\/05\/Naiste-jalgpallivorm-kuljelt-3.jpg 1000w, https:\/\/tiimiriided.ee\/wp-content\/uploads\/2023\/05\/Naiste-jalgpallivorm-kuljelt-3-300x300.jpg 300w, https:\/\/tiimiriided.ee\/wp-content\/uploads\/2023\/05\/Naiste-jalgpallivorm-kuljelt-3-150x150.jpg 150w, https:\/\/tiimiriided.ee\/wp-content\/uploads\/2023\/05\/Naiste-jalgpallivorm-kuljelt-3-768x768.jpg 768w, https:\/\/tiimiriided.ee\/wp-content\/uploads\/2023\/05\/Naiste-jalgpallivorm-kuljelt-3-600x600.jpg 600w, https:\/\/tiimiriided.ee\/wp-content\/uploads\/2023\/05\/Naiste-jalgpallivorm-kuljelt-3-100x100.jpg 100w\" sizes=\"(max-width: 1000px) 100vw, 1000px\" \/>\n<h3>Sleeve trim (optional)<\/h3> <p>The multicolored sleeve trim sewn on allows for further personalization of the garment\u2019s design. It can also be used as advertising space.<\/p>\n<h3>Team Emblems (optional)<\/h3> <p>Adding a team emblem, such as a logo or crest, can lend a touch of formality and elegance to the uniform. The price of the emblem depends on the quantity and the technique used for attaching it to the garments. Depending on the technology, the minimum quantity ranges from 15 to 100.<\/p>\n<img src=\"https:\/\/tiimiriided.ee\/wp-content\/uploads\/2023\/08\/Embleem-sargil.jpg\" title=\"Embleem s\u00e4rgil\" alt=\"Embleem s\u00e4rgil\" srcset=\"https:\/\/tiimiriided.ee\/wp-content\/uploads\/2023\/08\/Embleem-sargil.jpg 700w, https:\/\/tiimiriided.ee\/wp-content\/uploads\/2023\/08\/Embleem-sargil-300x300.jpg 300w, https:\/\/tiimiriided.ee\/wp-content\/uploads\/2023\/08\/Embleem-sargil-150x150.jpg 150w, https:\/\/tiimiriided.ee\/wp-content\/uploads\/2023\/08\/Embleem-sargil-600x600.jpg 600w, https:\/\/tiimiriided.ee\/wp-content\/uploads\/2023\/08\/Embleem-sargil-100x100.jpg 100w\" sizes=\"(max-width: 700px) 100vw, 700px\" \/>","_links":{"self":[{"href":"https:\/\/tiimiriided.ee\/en\/wp-json\/wp\/v2\/product\/5574","targetHints":{"allow":["GET"]}}],"collection":[{"href":"https:\/\/tiimiriided.ee\/en\/wp-json\/wp\/v2\/product"}],"about":[{"href":"https:\/\/tiimiriided.ee\/en\/wp-json\/wp\/v2\/types\/product"}],"replies":[{"embeddable":true,"href":"https:\/\/tiimiriided.ee\/en\/wp-json\/wp\/v2\/comments?post=5574"}],"wp:featuredmedia":[{"embeddable":true,"href":"https:\/\/tiimiriided.ee\/en\/wp-json\/wp\/v2\/media\/23294"}],"wp:attachment":[{"href":"https:\/\/tiimiriided.ee\/en\/wp-json\/wp\/v2\/media?parent=5574"}],"wp:term":[{"taxonomy":"product_brand","embeddable":true,"href":"https:\/\/tiimiriided.ee\/en\/wp-json\/wp\/v2\/product_brand?post=5574"},{"taxonomy":"product_cat","embeddable":true,"href":"https:\/\/tiimiriided.ee\/en\/wp-json\/wp\/v2\/product_cat?post=5574"},{"taxonomy":"product_tag","embeddable":true,"href":"https:\/\/tiimiriided.ee\/en\/wp-json\/wp\/v2\/product_tag?post=5574"}],"curies":[{"name":"wp","href":"https:\/\/api.w.org\/{rel}","templated":true}]}}