{"id":5555,"date":"2023-05-30T08:01:02","date_gmt":"2023-05-30T08:01:02","guid":{"rendered":"https:\/\/tiimiriided.ee\/toode\/laste-vorkpallivorm-basic\/"},"modified":"2026-01-18T10:23:29","modified_gmt":"2026-01-18T10:23:29","slug":"laste-vorkpallivorm-basic","status":"publish","type":"product","link":"https:\/\/tiimiriided.ee\/en\/toode\/laste-vorkpallivorm-basic\/","title":{"rendered":"Laste v\u00f5rkpallivorm Basic"},"content":{"rendered":"<!--themify_builder_content-->\n<div id=\"themify_builder_content-5555\" data-postid=\"5555\" class=\"themify_builder_content themify_builder_content-5555 themify_builder tf_clear\">\n                    <div  data-lazy=\"1\" class=\"module_row themify_builder_row tb_20lw320 tb_first tf_w\">\n                        <div class=\"row_inner col_align_top tb_col_count_1 tf_box tf_rel\">\n                        <div  data-lazy=\"1\" class=\"module_column tb-column col-full tb_1h6j320 first\">\n                            <div  data-lazy=\"1\" class=\"module_subrow themify_builder_sub_row tf_w col_align_middle tb_col_count_2 tb_10pa320\">\n                <div  data-lazy=\"1\" class=\"module_column sub_column col4-2 tb_bo9q320 first\">\n                    <!-- module text -->\n<div  class=\"module module-text tb_l5ji320   \" data-lazy=\"1\">\n        <div  class=\"tb_text_wrap\">\n        <h3>Lisatud k\u00e4iserant (valikuline)<\/h3>\n<p>Juurde\u00f5mmeldud mitmev\u00e4rviline k\u00e4iserant, mis v\u00f5imaldab riiete disaini t\u00e4iendavalt isikup\u00e4rastada. Kasutatav ka reklaampinnana.<\/p>\n<div class=\"col-md-6 image-box\">\u00a0<\/div>    <\/div>\n<\/div>\n<!-- \/module text -->        <\/div>\n                    <div  data-lazy=\"1\" class=\"module_column sub_column col4-2 tb_n350320 last\">\n                    <!-- module image -->\n<div  class=\"module module-image tb_0r4d320 image-top   tf_mw\" data-lazy=\"1\">\n        <div class=\"image-wrap tf_rel tf_mw\">\n            <img loading=\"lazy\" decoding=\"async\" width=\"1000\" height=\"1000\" src=\"https:\/\/tiimiriided.ee\/wp-content\/uploads\/2023\/08\/Jalgpallisargi-taiendav-kaiserant.jpg\" class=\"wp-post-image wp-image-4402\" title=\"Jalgpallis\u00e4rgi t\u00e4iendav k\u00e4iserant\" alt=\"Jalgpallis\u00e4rgi t\u00e4iendav k\u00e4iserant\" srcset=\"https:\/\/tiimiriided.ee\/wp-content\/uploads\/2023\/08\/Jalgpallisargi-taiendav-kaiserant.jpg 1000w, https:\/\/tiimiriided.ee\/wp-content\/uploads\/2023\/08\/Jalgpallisargi-taiendav-kaiserant-300x300.jpg 300w, https:\/\/tiimiriided.ee\/wp-content\/uploads\/2023\/08\/Jalgpallisargi-taiendav-kaiserant-150x150.jpg 150w, https:\/\/tiimiriided.ee\/wp-content\/uploads\/2023\/08\/Jalgpallisargi-taiendav-kaiserant-768x768.jpg 768w, https:\/\/tiimiriided.ee\/wp-content\/uploads\/2023\/08\/Jalgpallisargi-taiendav-kaiserant-600x600.jpg 600w, https:\/\/tiimiriided.ee\/wp-content\/uploads\/2023\/08\/Jalgpallisargi-taiendav-kaiserant-100x100.jpg 100w\" sizes=\"auto, (max-width: 1000px) 100vw, 1000px\" \/>    \n        <\/div>\n    <!-- \/image-wrap -->\n    \n        <\/div>\n<!-- \/module image -->        <\/div>\n                    <\/div>\n                <\/div>\n                        <\/div>\n        <\/div>\n                        <div  data-lazy=\"1\" class=\"module_row themify_builder_row tb_lu3x134 tf_w\">\n                        <div class=\"row_inner col_align_top tb_col_count_1 tf_box tf_rel\">\n                        <div  data-lazy=\"1\" class=\"module_column tb-column col-full tb_lter134 first\">\n                            <div  data-lazy=\"1\" class=\"module_subrow themify_builder_sub_row tf_w col_align_middle tb_col_count_2 tb_pps6134\">\n                <div  data-lazy=\"1\" class=\"module_column sub_column col4-2 tb_94v4134 first\">\n                    <!-- module image -->\n<div  class=\"module module-image tb_zq29134 image-top   tf_mw\" data-lazy=\"1\">\n        <div class=\"image-wrap tf_rel tf_mw\">\n            <img loading=\"lazy\" decoding=\"async\" width=\"700\" height=\"700\" src=\"https:\/\/tiimiriided.ee\/wp-content\/uploads\/2023\/08\/Embleem-sargil.jpg\" class=\"wp-post-image wp-image-4406\" title=\"Embleem s\u00e4rgil\" alt=\"Embleem s\u00e4rgil\" srcset=\"https:\/\/tiimiriided.ee\/wp-content\/uploads\/2023\/08\/Embleem-sargil.jpg 700w, https:\/\/tiimiriided.ee\/wp-content\/uploads\/2023\/08\/Embleem-sargil-300x300.jpg 300w, https:\/\/tiimiriided.ee\/wp-content\/uploads\/2023\/08\/Embleem-sargil-150x150.jpg 150w, https:\/\/tiimiriided.ee\/wp-content\/uploads\/2023\/08\/Embleem-sargil-600x600.jpg 600w, https:\/\/tiimiriided.ee\/wp-content\/uploads\/2023\/08\/Embleem-sargil-100x100.jpg 100w\" sizes=\"auto, (max-width: 700px) 100vw, 700px\" \/>    \n        <\/div>\n    <!-- \/image-wrap -->\n    \n        <\/div>\n<!-- \/module image -->        <\/div>\n                    <div  data-lazy=\"1\" class=\"module_column sub_column col4-2 tb_gcoj134 last\">\n                    <!-- module text -->\n<div  class=\"module module-text tb_xa0e134   \" data-lazy=\"1\">\n        <div  class=\"tb_text_wrap\">\n        <h3>Tiimi embleemid (valikuline)<\/h3>\n<p>Vormile saab anda pidulikkust ja elegantsi v\u00f5istkonna embleemi, n\u00e4iteks logo v\u00f5i vapi, lisamisega.<\/p>\n<p>Embleemi hind s\u00f5ltub kogusest ja riietele kinnitamise tehnikast. S\u00f5ltuvalt tehnoloogiast on minimaalseks koguseks 15-100.<\/p>    <\/div>\n<\/div>\n<!-- \/module text -->        <\/div>\n                    <\/div>\n                <\/div>\n                        <\/div>\n        <\/div>\n        <\/div>\n<!--\/themify_builder_content-->","protected":false},"excerpt":{"rendered":"<p>Klassikalise l\u00f5ikega laste v\u00f5rkpallivorm Basic koosneb s\u00e4rgist ja p\u00fckstest ning sobib treenimiseks ja v\u00f5istlemiseks. Mugavalt hooldatav ja kiirelt kuivav kangas juhib niiskuse kehapinnalt eemale. Vorm on v\u00e4lja arendatud koost\u00f6\u00f6s professionaalsete m\u00e4ngijatega.<\/p>\n<p><strong>Materjal:<\/strong>\u00a081% pol\u00fcester, 19% elastaan<br \/>\n<strong>Kaeluse valik:<\/strong>\u00a0klassikaline \u00fcmar v\u00f5i V-kaelus<br \/>\n<strong>Lisaelemendid:<\/strong>\u00a0soovi korral v\u00f5istkonna embleem, k\u00e4iserant ja mitmev\u00e4rviline kaelus.<br \/>\n<strong>Sublimatsioonitr\u00fckk:<\/strong>\u00a0tervet toodet kattev terav ja p\u00fcsiv tr\u00fckk, mis p\u00f5hineb tellija kinnitatud kujundusel. Print ei m\u00f5juta kanga tehnilisi omadusi, seda pole k\u00e4ega katsudes tunda.<br \/>\n<strong>Isikup\u00e4rasta:<\/strong>\u00a0lisa tasuta m\u00e4ngija number ja\/v\u00f5i nimi.<br \/>\n<strong>Suurused:<\/strong> 98-110, 110-122, 122-134, 134-146, 146-158, 158-164.<\/p>\n<p>Tootepiltidel on n\u00e4idised,\u00a0<strong>kangale prinditakse kliendi tellitud kujundus<\/strong>. V\u00f5imalus on valida mahukast disainigaleriist sobiv disainimall ja lasta seda meie disaineril edasi arendada.<\/p>\n","protected":false},"featured_media":22744,"comment_status":"closed","ping_status":"closed","template":"","meta":{"_acf_changed":false},"product_brand":[],"product_cat":[57,61],"product_tag":[],"class_list":{"0":"post-5555","1":"product","2":"type-product","3":"status-publish","4":"has-post-thumbnail","6":"product_cat-kids","7":"product_cat-volleyball","8":"has-post-title","9":"has-post-date","10":"has-post-category","11":"has-post-tag","12":"has-post-comment","13":"has-post-author","14":"","16":"first","17":"instock","18":"taxable","19":"shipping-taxable","20":"purchasable","21":"product-type-simple"},"acf":[],"yoast_head":"<!-- This site is optimized with the Yoast SEO plugin v27.3 - https:\/\/yoast.com\/product\/yoast-seo-wordpress\/ -->\n<title>Laste v\u00f5rkpallivorm Basic - Tiimiriided<\/title>\n<meta name=\"robots\" content=\"index, follow, max-snippet:-1, max-image-preview:large, max-video-preview:-1\" \/>\n<link rel=\"canonical\" href=\"https:\/\/tiimiriided.ee\/en\/toode\/laste-vorkpallivorm-basic\/\" \/>\n<meta property=\"og:locale\" content=\"en_US\" \/>\n<meta property=\"og:type\" content=\"article\" \/>\n<meta property=\"og:title\" content=\"Laste v\u00f5rkpallivorm Basic - Tiimiriided\" \/>\n<meta property=\"og:description\" content=\"Klassikalise l\u00f5ikega laste v\u00f5rkpallivorm Basic koosneb s\u00e4rgist ja p\u00fckstest ning sobib treenimiseks ja v\u00f5istlemiseks. Mugavalt hooldatav ja kiirelt kuivav kangas juhib niiskuse kehapinnalt eemale. Vorm on v\u00e4lja arendatud koost\u00f6\u00f6s professionaalsete m\u00e4ngijatega.  Materjal:\u00a081% pol\u00fcester, 19% elastaan Kaeluse valik:\u00a0klassikaline \u00fcmar v\u00f5i V-kaelus Lisaelemendid:\u00a0soovi korral v\u00f5istkonna embleem, k\u00e4iserant ja mitmev\u00e4rviline kaelus. Sublimatsioonitr\u00fckk:\u00a0tervet toodet kattev terav ja p\u00fcsiv tr\u00fckk, mis p\u00f5hineb tellija kinnitatud kujundusel. Print ei m\u00f5juta kanga tehnilisi omadusi, seda pole k\u00e4ega katsudes tunda. Isikup\u00e4rasta:\u00a0lisa tasuta m\u00e4ngija number ja\/v\u00f5i nimi. Suurused: 98-110, 110-122, 122-134, 134-146, 146-158, 158-164.  Tootepiltidel on n\u00e4idised,\u00a0kangale prinditakse kliendi tellitud kujundus. V\u00f5imalus on valida mahukast disainigaleriist sobiv disainimall ja lasta seda meie disaineril edasi arendada.\" \/>\n<meta property=\"og:url\" content=\"https:\/\/tiimiriided.ee\/en\/toode\/laste-vorkpallivorm-basic\/\" \/>\n<meta property=\"og:site_name\" content=\"Tiimiriided\" \/>\n<meta property=\"article:modified_time\" content=\"2026-01-18T10:23:29+00:00\" \/>\n<meta property=\"og:image\" content=\"https:\/\/tiimiriided.ee\/wp-content\/uploads\/2023\/05\/Laste-vorkpallivorm-Basic-1.png\" \/>\n\t<meta property=\"og:image:width\" content=\"500\" \/>\n\t<meta property=\"og:image:height\" content=\"713\" \/>\n\t<meta property=\"og:image:type\" content=\"image\/png\" \/>\n<meta name=\"twitter:card\" content=\"summary_large_image\" \/>\n<meta name=\"twitter:label1\" content=\"Est. reading time\" \/>\n\t<meta name=\"twitter:data1\" content=\"1 minute\" \/>\n<script type=\"application\/ld+json\" class=\"yoast-schema-graph\">{\"@context\":\"https:\\\/\\\/schema.org\",\"@graph\":[{\"@type\":\"WebPage\",\"@id\":\"https:\\\/\\\/tiimiriided.ee\\\/en\\\/toode\\\/laste-vorkpallivorm-basic\\\/\",\"url\":\"https:\\\/\\\/tiimiriided.ee\\\/en\\\/toode\\\/laste-vorkpallivorm-basic\\\/\",\"name\":\"Laste v\u00f5rkpallivorm Basic - Tiimiriided\",\"isPartOf\":{\"@id\":\"https:\\\/\\\/tiimiriided.ee\\\/#website\"},\"primaryImageOfPage\":{\"@id\":\"https:\\\/\\\/tiimiriided.ee\\\/en\\\/toode\\\/laste-vorkpallivorm-basic\\\/#primaryimage\"},\"image\":{\"@id\":\"https:\\\/\\\/tiimiriided.ee\\\/en\\\/toode\\\/laste-vorkpallivorm-basic\\\/#primaryimage\"},\"thumbnailUrl\":\"https:\\\/\\\/tiimiriided.ee\\\/wp-content\\\/uploads\\\/2023\\\/05\\\/Laste-vorkpallivorm-Basic-1.png\",\"datePublished\":\"2023-05-30T08:01:02+00:00\",\"dateModified\":\"2026-01-18T10:23:29+00:00\",\"breadcrumb\":{\"@id\":\"https:\\\/\\\/tiimiriided.ee\\\/en\\\/toode\\\/laste-vorkpallivorm-basic\\\/#breadcrumb\"},\"inLanguage\":\"en-US\",\"potentialAction\":[{\"@type\":\"ReadAction\",\"target\":[\"https:\\\/\\\/tiimiriided.ee\\\/en\\\/toode\\\/laste-vorkpallivorm-basic\\\/\"]}]},{\"@type\":\"ImageObject\",\"inLanguage\":\"en-US\",\"@id\":\"https:\\\/\\\/tiimiriided.ee\\\/en\\\/toode\\\/laste-vorkpallivorm-basic\\\/#primaryimage\",\"url\":\"https:\\\/\\\/tiimiriided.ee\\\/wp-content\\\/uploads\\\/2023\\\/05\\\/Laste-vorkpallivorm-Basic-1.png\",\"contentUrl\":\"https:\\\/\\\/tiimiriided.ee\\\/wp-content\\\/uploads\\\/2023\\\/05\\\/Laste-vorkpallivorm-Basic-1.png\",\"width\":500,\"height\":713},{\"@type\":\"BreadcrumbList\",\"@id\":\"https:\\\/\\\/tiimiriided.ee\\\/en\\\/toode\\\/laste-vorkpallivorm-basic\\\/#breadcrumb\",\"itemListElement\":[{\"@type\":\"ListItem\",\"position\":1,\"name\":\"Home\",\"item\":\"https:\\\/\\\/tiimiriided.ee\\\/en\\\/?page_id=15263\"},{\"@type\":\"ListItem\",\"position\":2,\"name\":\"Shop\",\"item\":\"https:\\\/\\\/tiimiriided.ee\\\/en\\\/pood\\\/\"},{\"@type\":\"ListItem\",\"position\":3,\"name\":\"Laste v\u00f5rkpallivorm Basic\"}]},{\"@type\":\"WebSite\",\"@id\":\"https:\\\/\\\/tiimiriided.ee\\\/#website\",\"url\":\"https:\\\/\\\/tiimiriided.ee\\\/\",\"name\":\"Tiimiriided\",\"description\":\"\",\"potentialAction\":[{\"@type\":\"SearchAction\",\"target\":{\"@type\":\"EntryPoint\",\"urlTemplate\":\"https:\\\/\\\/tiimiriided.ee\\\/?s={search_term_string}\"},\"query-input\":{\"@type\":\"PropertyValueSpecification\",\"valueRequired\":true,\"valueName\":\"search_term_string\"}}],\"inLanguage\":\"en-US\"}]}<\/script>\n<!-- \/ Yoast SEO plugin. -->","yoast_head_json":{"title":"Laste v\u00f5rkpallivorm Basic - Tiimiriided","robots":{"index":"index","follow":"follow","max-snippet":"max-snippet:-1","max-image-preview":"max-image-preview:large","max-video-preview":"max-video-preview:-1"},"canonical":"https:\/\/tiimiriided.ee\/en\/toode\/laste-vorkpallivorm-basic\/","og_locale":"en_US","og_type":"article","og_title":"Laste v\u00f5rkpallivorm Basic - Tiimiriided","og_description":"Klassikalise l\u00f5ikega laste v\u00f5rkpallivorm Basic koosneb s\u00e4rgist ja p\u00fckstest ning sobib treenimiseks ja v\u00f5istlemiseks. Mugavalt hooldatav ja kiirelt kuivav kangas juhib niiskuse kehapinnalt eemale. Vorm on v\u00e4lja arendatud koost\u00f6\u00f6s professionaalsete m\u00e4ngijatega.  Materjal:\u00a081% pol\u00fcester, 19% elastaan Kaeluse valik:\u00a0klassikaline \u00fcmar v\u00f5i V-kaelus Lisaelemendid:\u00a0soovi korral v\u00f5istkonna embleem, k\u00e4iserant ja mitmev\u00e4rviline kaelus. Sublimatsioonitr\u00fckk:\u00a0tervet toodet kattev terav ja p\u00fcsiv tr\u00fckk, mis p\u00f5hineb tellija kinnitatud kujundusel. Print ei m\u00f5juta kanga tehnilisi omadusi, seda pole k\u00e4ega katsudes tunda. Isikup\u00e4rasta:\u00a0lisa tasuta m\u00e4ngija number ja\/v\u00f5i nimi. Suurused: 98-110, 110-122, 122-134, 134-146, 146-158, 158-164.  Tootepiltidel on n\u00e4idised,\u00a0kangale prinditakse kliendi tellitud kujundus. V\u00f5imalus on valida mahukast disainigaleriist sobiv disainimall ja lasta seda meie disaineril edasi arendada.","og_url":"https:\/\/tiimiriided.ee\/en\/toode\/laste-vorkpallivorm-basic\/","og_site_name":"Tiimiriided","article_modified_time":"2026-01-18T10:23:29+00:00","og_image":[{"width":500,"height":713,"url":"https:\/\/tiimiriided.ee\/wp-content\/uploads\/2023\/05\/Laste-vorkpallivorm-Basic-1.png","type":"image\/png"}],"twitter_card":"summary_large_image","twitter_misc":{"Est. reading time":"1 minute"},"schema":{"@context":"https:\/\/schema.org","@graph":[{"@type":"WebPage","@id":"https:\/\/tiimiriided.ee\/en\/toode\/laste-vorkpallivorm-basic\/","url":"https:\/\/tiimiriided.ee\/en\/toode\/laste-vorkpallivorm-basic\/","name":"Laste v\u00f5rkpallivorm Basic - Tiimiriided","isPartOf":{"@id":"https:\/\/tiimiriided.ee\/#website"},"primaryImageOfPage":{"@id":"https:\/\/tiimiriided.ee\/en\/toode\/laste-vorkpallivorm-basic\/#primaryimage"},"image":{"@id":"https:\/\/tiimiriided.ee\/en\/toode\/laste-vorkpallivorm-basic\/#primaryimage"},"thumbnailUrl":"https:\/\/tiimiriided.ee\/wp-content\/uploads\/2023\/05\/Laste-vorkpallivorm-Basic-1.png","datePublished":"2023-05-30T08:01:02+00:00","dateModified":"2026-01-18T10:23:29+00:00","breadcrumb":{"@id":"https:\/\/tiimiriided.ee\/en\/toode\/laste-vorkpallivorm-basic\/#breadcrumb"},"inLanguage":"en-US","potentialAction":[{"@type":"ReadAction","target":["https:\/\/tiimiriided.ee\/en\/toode\/laste-vorkpallivorm-basic\/"]}]},{"@type":"ImageObject","inLanguage":"en-US","@id":"https:\/\/tiimiriided.ee\/en\/toode\/laste-vorkpallivorm-basic\/#primaryimage","url":"https:\/\/tiimiriided.ee\/wp-content\/uploads\/2023\/05\/Laste-vorkpallivorm-Basic-1.png","contentUrl":"https:\/\/tiimiriided.ee\/wp-content\/uploads\/2023\/05\/Laste-vorkpallivorm-Basic-1.png","width":500,"height":713},{"@type":"BreadcrumbList","@id":"https:\/\/tiimiriided.ee\/en\/toode\/laste-vorkpallivorm-basic\/#breadcrumb","itemListElement":[{"@type":"ListItem","position":1,"name":"Home","item":"https:\/\/tiimiriided.ee\/en\/?page_id=15263"},{"@type":"ListItem","position":2,"name":"Shop","item":"https:\/\/tiimiriided.ee\/en\/pood\/"},{"@type":"ListItem","position":3,"name":"Laste v\u00f5rkpallivorm Basic"}]},{"@type":"WebSite","@id":"https:\/\/tiimiriided.ee\/#website","url":"https:\/\/tiimiriided.ee\/","name":"Tiimiriided","description":"","potentialAction":[{"@type":"SearchAction","target":{"@type":"EntryPoint","urlTemplate":"https:\/\/tiimiriided.ee\/?s={search_term_string}"},"query-input":{"@type":"PropertyValueSpecification","valueRequired":true,"valueName":"search_term_string"}}],"inLanguage":"en-US"}]}},"builder_content":"<h3>Lisatud k\u00e4iserant (valikuline)<\/h3> <p>Juurde\u00f5mmeldud mitmev\u00e4rviline k\u00e4iserant, mis v\u00f5imaldab riiete disaini t\u00e4iendavalt isikup\u00e4rastada. Kasutatav ka reklaampinnana.<\/p> \u00a0\n<img src=\"https:\/\/tiimiriided.ee\/wp-content\/uploads\/2023\/08\/Jalgpallisargi-taiendav-kaiserant.jpg\" title=\"Jalgpallis\u00e4rgi t\u00e4iendav k\u00e4iserant\" alt=\"Jalgpallis\u00e4rgi t\u00e4iendav k\u00e4iserant\" srcset=\"https:\/\/tiimiriided.ee\/wp-content\/uploads\/2023\/08\/Jalgpallisargi-taiendav-kaiserant.jpg 1000w, https:\/\/tiimiriided.ee\/wp-content\/uploads\/2023\/08\/Jalgpallisargi-taiendav-kaiserant-300x300.jpg 300w, https:\/\/tiimiriided.ee\/wp-content\/uploads\/2023\/08\/Jalgpallisargi-taiendav-kaiserant-150x150.jpg 150w, https:\/\/tiimiriided.ee\/wp-content\/uploads\/2023\/08\/Jalgpallisargi-taiendav-kaiserant-768x768.jpg 768w, https:\/\/tiimiriided.ee\/wp-content\/uploads\/2023\/08\/Jalgpallisargi-taiendav-kaiserant-600x600.jpg 600w, https:\/\/tiimiriided.ee\/wp-content\/uploads\/2023\/08\/Jalgpallisargi-taiendav-kaiserant-100x100.jpg 100w\" sizes=\"(max-width: 1000px) 100vw, 1000px\" \/>\n<img src=\"https:\/\/tiimiriided.ee\/wp-content\/uploads\/2023\/08\/Embleem-sargil.jpg\" title=\"Embleem s\u00e4rgil\" alt=\"Embleem s\u00e4rgil\" srcset=\"https:\/\/tiimiriided.ee\/wp-content\/uploads\/2023\/08\/Embleem-sargil.jpg 700w, https:\/\/tiimiriided.ee\/wp-content\/uploads\/2023\/08\/Embleem-sargil-300x300.jpg 300w, https:\/\/tiimiriided.ee\/wp-content\/uploads\/2023\/08\/Embleem-sargil-150x150.jpg 150w, https:\/\/tiimiriided.ee\/wp-content\/uploads\/2023\/08\/Embleem-sargil-600x600.jpg 600w, https:\/\/tiimiriided.ee\/wp-content\/uploads\/2023\/08\/Embleem-sargil-100x100.jpg 100w\" sizes=\"(max-width: 700px) 100vw, 700px\" \/>\n<h3>Tiimi embleemid (valikuline)<\/h3> <p>Vormile saab anda pidulikkust ja elegantsi v\u00f5istkonna embleemi, n\u00e4iteks logo v\u00f5i vapi, lisamisega.<\/p> <p>Embleemi hind s\u00f5ltub kogusest ja riietele kinnitamise tehnikast. S\u00f5ltuvalt tehnoloogiast on minimaalseks koguseks 15-100.<\/p>","_links":{"self":[{"href":"https:\/\/tiimiriided.ee\/en\/wp-json\/wp\/v2\/product\/5555","targetHints":{"allow":["GET"]}}],"collection":[{"href":"https:\/\/tiimiriided.ee\/en\/wp-json\/wp\/v2\/product"}],"about":[{"href":"https:\/\/tiimiriided.ee\/en\/wp-json\/wp\/v2\/types\/product"}],"replies":[{"embeddable":true,"href":"https:\/\/tiimiriided.ee\/en\/wp-json\/wp\/v2\/comments?post=5555"}],"wp:featuredmedia":[{"embeddable":true,"href":"https:\/\/tiimiriided.ee\/en\/wp-json\/wp\/v2\/media\/22744"}],"wp:attachment":[{"href":"https:\/\/tiimiriided.ee\/en\/wp-json\/wp\/v2\/media?parent=5555"}],"wp:term":[{"taxonomy":"product_brand","embeddable":true,"href":"https:\/\/tiimiriided.ee\/en\/wp-json\/wp\/v2\/product_brand?post=5555"},{"taxonomy":"product_cat","embeddable":true,"href":"https:\/\/tiimiriided.ee\/en\/wp-json\/wp\/v2\/product_cat?post=5555"},{"taxonomy":"product_tag","embeddable":true,"href":"https:\/\/tiimiriided.ee\/en\/wp-json\/wp\/v2\/product_tag?post=5555"}],"curies":[{"name":"wp","href":"https:\/\/api.w.org\/{rel}","templated":true}]}}