{"id":5547,"date":"2023-06-29T07:33:48","date_gmt":"2023-06-29T07:33:48","guid":{"rendered":"https:\/\/tiimiriided.ee\/toode\/varavavahi-sark-naistele\/"},"modified":"2023-12-16T21:44:46","modified_gmt":"2023-12-16T21:44:46","slug":"womens-goalkeeper-shirt","status":"publish","type":"product","link":"https:\/\/tiimiriided.ee\/en\/toode\/womens-goalkeeper-shirt\/","title":{"rendered":"Women&#8217;s goalkeeper shirt"},"content":{"rendered":"<!--themify_builder_content-->\n<div id=\"themify_builder_content-5547\" data-postid=\"5547\" class=\"themify_builder_content themify_builder_content-5547 themify_builder tf_clear\">\n                    <div  data-lazy=\"1\" class=\"module_row themify_builder_row tb_v1gd668 tb_first tf_w\">\n                        <div class=\"row_inner col_align_top tb_col_count_1 tf_box tf_rel\">\n                        <div  data-lazy=\"1\" class=\"module_column tb-column col-full tb_75jz668 first\">\n                            <div  data-lazy=\"1\" class=\"module_subrow themify_builder_sub_row tf_w col_align_middle tb_col_count_2 tb_w61k668\">\n                <div  data-lazy=\"1\" class=\"module_column sub_column col4-2 tb_9kcf669 first\">\n                    <!-- module image -->\n<div  class=\"module module-image tb_6d5o669 image-top   tf_mw\" data-lazy=\"1\">\n        <div class=\"image-wrap tf_rel tf_mw\">\n            <img loading=\"lazy\" decoding=\"async\" width=\"1000\" height=\"1000\" src=\"https:\/\/tiimiriided.ee\/wp-content\/uploads\/2023\/06\/Varavavahi-sark-naistele-kuljelt-2-1.jpg\" class=\"wp-post-image wp-image-5195\" title=\"V\u00e4ravavahi s\u00e4rk naistele k\u00fcljelt 2\" alt=\"V\u00e4ravavahi s\u00e4rk naistele k\u00fcljelt 2\" srcset=\"https:\/\/tiimiriided.ee\/wp-content\/uploads\/2023\/06\/Varavavahi-sark-naistele-kuljelt-2-1.jpg 1000w, https:\/\/tiimiriided.ee\/wp-content\/uploads\/2023\/06\/Varavavahi-sark-naistele-kuljelt-2-1-300x300.jpg 300w, https:\/\/tiimiriided.ee\/wp-content\/uploads\/2023\/06\/Varavavahi-sark-naistele-kuljelt-2-1-150x150.jpg 150w, https:\/\/tiimiriided.ee\/wp-content\/uploads\/2023\/06\/Varavavahi-sark-naistele-kuljelt-2-1-768x768.jpg 768w, https:\/\/tiimiriided.ee\/wp-content\/uploads\/2023\/06\/Varavavahi-sark-naistele-kuljelt-2-1-600x600.jpg 600w, https:\/\/tiimiriided.ee\/wp-content\/uploads\/2023\/06\/Varavavahi-sark-naistele-kuljelt-2-1-100x100.jpg 100w, https:\/\/tiimiriided.ee\/wp-content\/uploads\/2023\/06\/Varavavahi-sark-naistele-kuljelt-2-1-47x48.jpg 47w\" sizes=\"auto, (max-width: 1000px) 100vw, 1000px\" \/>    \n        <\/div>\n    <!-- \/image-wrap -->\n    \n        <\/div>\n<!-- \/module image -->        <\/div>\n                    <div  data-lazy=\"1\" class=\"module_column sub_column col4-2 tb_s0zt669 last\">\n                    <!-- module text -->\n<div  class=\"module module-text tb_fjye669   \" data-lazy=\"1\">\n        <div  class=\"tb_text_wrap\">\n        <h3><strong>Bolstered elbows<\/strong><\/h3>\n<p>To mitigate the impacts of falling<\/p>    <\/div>\n<\/div>\n<!-- \/module text -->        <\/div>\n                    <\/div>\n                <\/div>\n                        <\/div>\n        <\/div>\n        <\/div>\n<!--\/themify_builder_content-->","protected":false},"excerpt":{"rendered":"<p>Goalkeeper shirt with airy fabric for training and competition. Easy-care and quick-drying fabric wicks moisture away from the body surface. The shirt has been developed in cooperation with professional players.<\/p>\n<p><strong>Material:<\/strong>\u00a0100% Sports Polyester<br \/>\n<strong>Bolstered elbows:<\/strong>\u00a0To mitigate the impacts of falling, the elbows are reinforced with bolstered pads.<br \/>\n<strong>Sublimation Printing:<\/strong>\u00a0Full-coverage, sharp, and durable print based on the design approved by the customer. The print does not affect the technical properties of the fabric, it cannot be felt by hand.<br \/>\n<strong>Personalization:<\/strong>\u00a0Add a player number and\/or name at no extra cost.<br \/>\n<strong>Sizes:<\/strong>\u00a0XS, S, M, L, XL, 2XL, 3XL<\/p>\n<p>Product images are samples. The customer\u2019s chosen design will be printed on the fabric. There is an option to select a suitable design from and extensive design gallery and have it further developed by our designer.<\/p>\n","protected":false},"featured_media":22607,"comment_status":"closed","ping_status":"closed","template":"","meta":{"_acf_changed":false},"product_brand":[],"product_cat":[58,53],"product_tag":[],"class_list":{"0":"post-5547","1":"product","2":"type-product","3":"status-publish","4":"has-post-thumbnail","6":"product_cat-football","7":"product_cat-women","8":"has-post-title","9":"has-post-date","10":"has-post-category","11":"has-post-tag","12":"has-post-comment","13":"has-post-author","14":"","16":"first","17":"instock","18":"taxable","19":"shipping-taxable","20":"purchasable","21":"product-type-simple"},"acf":[],"yoast_head":"<!-- This site is optimized with the Yoast SEO plugin v27.3 - https:\/\/yoast.com\/product\/yoast-seo-wordpress\/ -->\n<title>Women&#039;s goalkeeper shirt - Tiimiriided<\/title>\n<meta name=\"robots\" content=\"index, follow, max-snippet:-1, max-image-preview:large, max-video-preview:-1\" \/>\n<link rel=\"canonical\" href=\"https:\/\/tiimiriided.ee\/toode\/varavavahi-sark-naistele\/\" \/>\n<meta property=\"og:locale\" content=\"en_US\" \/>\n<meta property=\"og:type\" content=\"article\" \/>\n<meta property=\"og:title\" content=\"Women&#039;s goalkeeper shirt - Tiimiriided\" \/>\n<meta property=\"og:description\" content=\"Goalkeeper shirt with airy fabric for training and competition. Easy-care and quick-drying fabric wicks moisture away from the body surface. The shirt has been developed in cooperation with professional players.  Material:\u00a0100% Sports Polyester Bolstered elbows:\u00a0To mitigate the impacts of falling, the elbows are reinforced with bolstered pads. Sublimation Printing:\u00a0Full-coverage, sharp, and durable print based on the design approved by the customer. The print does not affect the technical properties of the fabric, it cannot be felt by hand. Personalization:\u00a0Add a player number and\/or name at no extra cost. Sizes:\u00a0XS, S, M, L, XL, 2XL, 3XL  Product images are samples. The customer\u2019s chosen design will be printed on the fabric. There is an option to select a suitable design from and extensive design gallery and have it further developed by our designer.\" \/>\n<meta property=\"og:url\" content=\"https:\/\/tiimiriided.ee\/toode\/varavavahi-sark-naistele\/\" \/>\n<meta property=\"og:site_name\" content=\"Tiimiriided\" \/>\n<meta property=\"article:modified_time\" content=\"2023-12-16T21:44:46+00:00\" \/>\n<meta property=\"og:image\" content=\"https:\/\/tiimiriided.ee\/wp-content\/uploads\/2023\/06\/Varavavahi-sark-naistele-eest.jpg\" \/>\n\t<meta property=\"og:image:width\" content=\"1000\" \/>\n\t<meta property=\"og:image:height\" content=\"1000\" \/>\n\t<meta property=\"og:image:type\" content=\"image\/jpeg\" \/>\n<meta name=\"twitter:card\" content=\"summary_large_image\" \/>\n<meta name=\"twitter:label1\" content=\"Est. reading time\" \/>\n\t<meta name=\"twitter:data1\" content=\"1 minute\" \/>\n<script type=\"application\/ld+json\" class=\"yoast-schema-graph\">{\"@context\":\"https:\\\/\\\/schema.org\",\"@graph\":[{\"@type\":\"WebPage\",\"@id\":\"https:\\\/\\\/tiimiriided.ee\\\/toode\\\/varavavahi-sark-naistele\\\/\",\"url\":\"https:\\\/\\\/tiimiriided.ee\\\/toode\\\/varavavahi-sark-naistele\\\/\",\"name\":\"Women's goalkeeper shirt - Tiimiriided\",\"isPartOf\":{\"@id\":\"https:\\\/\\\/tiimiriided.ee\\\/#website\"},\"primaryImageOfPage\":{\"@id\":\"https:\\\/\\\/tiimiriided.ee\\\/toode\\\/varavavahi-sark-naistele\\\/#primaryimage\"},\"image\":{\"@id\":\"https:\\\/\\\/tiimiriided.ee\\\/toode\\\/varavavahi-sark-naistele\\\/#primaryimage\"},\"thumbnailUrl\":\"https:\\\/\\\/tiimiriided.ee\\\/wp-content\\\/uploads\\\/2023\\\/06\\\/Naiste-varavavahisark.png\",\"datePublished\":\"2023-06-29T07:33:48+00:00\",\"dateModified\":\"2023-12-16T21:44:46+00:00\",\"breadcrumb\":{\"@id\":\"https:\\\/\\\/tiimiriided.ee\\\/toode\\\/varavavahi-sark-naistele\\\/#breadcrumb\"},\"inLanguage\":\"en-US\",\"potentialAction\":[{\"@type\":\"ReadAction\",\"target\":[\"https:\\\/\\\/tiimiriided.ee\\\/toode\\\/varavavahi-sark-naistele\\\/\"]}]},{\"@type\":\"ImageObject\",\"inLanguage\":\"en-US\",\"@id\":\"https:\\\/\\\/tiimiriided.ee\\\/toode\\\/varavavahi-sark-naistele\\\/#primaryimage\",\"url\":\"https:\\\/\\\/tiimiriided.ee\\\/wp-content\\\/uploads\\\/2023\\\/06\\\/Naiste-varavavahisark.png\",\"contentUrl\":\"https:\\\/\\\/tiimiriided.ee\\\/wp-content\\\/uploads\\\/2023\\\/06\\\/Naiste-varavavahisark.png\",\"width\":500,\"height\":867},{\"@type\":\"BreadcrumbList\",\"@id\":\"https:\\\/\\\/tiimiriided.ee\\\/toode\\\/varavavahi-sark-naistele\\\/#breadcrumb\",\"itemListElement\":[{\"@type\":\"ListItem\",\"position\":1,\"name\":\"Home\",\"item\":\"https:\\\/\\\/tiimiriided.ee\\\/en\\\/?page_id=15263\"},{\"@type\":\"ListItem\",\"position\":2,\"name\":\"Shop\",\"item\":\"https:\\\/\\\/tiimiriided.ee\\\/en\\\/pood\\\/\"},{\"@type\":\"ListItem\",\"position\":3,\"name\":\"Women&#8217;s goalkeeper shirt\"}]},{\"@type\":\"WebSite\",\"@id\":\"https:\\\/\\\/tiimiriided.ee\\\/#website\",\"url\":\"https:\\\/\\\/tiimiriided.ee\\\/\",\"name\":\"Tiimiriided\",\"description\":\"\",\"potentialAction\":[{\"@type\":\"SearchAction\",\"target\":{\"@type\":\"EntryPoint\",\"urlTemplate\":\"https:\\\/\\\/tiimiriided.ee\\\/?s={search_term_string}\"},\"query-input\":{\"@type\":\"PropertyValueSpecification\",\"valueRequired\":true,\"valueName\":\"search_term_string\"}}],\"inLanguage\":\"en-US\"}]}<\/script>\n<!-- \/ Yoast SEO plugin. -->","yoast_head_json":{"title":"Women's goalkeeper shirt - Tiimiriided","robots":{"index":"index","follow":"follow","max-snippet":"max-snippet:-1","max-image-preview":"max-image-preview:large","max-video-preview":"max-video-preview:-1"},"canonical":"https:\/\/tiimiriided.ee\/toode\/varavavahi-sark-naistele\/","og_locale":"en_US","og_type":"article","og_title":"Women's goalkeeper shirt - Tiimiriided","og_description":"Goalkeeper shirt with airy fabric for training and competition. Easy-care and quick-drying fabric wicks moisture away from the body surface. The shirt has been developed in cooperation with professional players.  Material:\u00a0100% Sports Polyester Bolstered elbows:\u00a0To mitigate the impacts of falling, the elbows are reinforced with bolstered pads. Sublimation Printing:\u00a0Full-coverage, sharp, and durable print based on the design approved by the customer. The print does not affect the technical properties of the fabric, it cannot be felt by hand. Personalization:\u00a0Add a player number and\/or name at no extra cost. Sizes:\u00a0XS, S, M, L, XL, 2XL, 3XL  Product images are samples. The customer\u2019s chosen design will be printed on the fabric. There is an option to select a suitable design from and extensive design gallery and have it further developed by our designer.","og_url":"https:\/\/tiimiriided.ee\/toode\/varavavahi-sark-naistele\/","og_site_name":"Tiimiriided","article_modified_time":"2023-12-16T21:44:46+00:00","og_image":[{"width":1000,"height":1000,"url":"https:\/\/tiimiriided.ee\/wp-content\/uploads\/2023\/06\/Varavavahi-sark-naistele-eest.jpg","type":"image\/jpeg"}],"twitter_card":"summary_large_image","twitter_misc":{"Est. reading time":"1 minute"},"schema":{"@context":"https:\/\/schema.org","@graph":[{"@type":"WebPage","@id":"https:\/\/tiimiriided.ee\/toode\/varavavahi-sark-naistele\/","url":"https:\/\/tiimiriided.ee\/toode\/varavavahi-sark-naistele\/","name":"Women's goalkeeper shirt - Tiimiriided","isPartOf":{"@id":"https:\/\/tiimiriided.ee\/#website"},"primaryImageOfPage":{"@id":"https:\/\/tiimiriided.ee\/toode\/varavavahi-sark-naistele\/#primaryimage"},"image":{"@id":"https:\/\/tiimiriided.ee\/toode\/varavavahi-sark-naistele\/#primaryimage"},"thumbnailUrl":"https:\/\/tiimiriided.ee\/wp-content\/uploads\/2023\/06\/Naiste-varavavahisark.png","datePublished":"2023-06-29T07:33:48+00:00","dateModified":"2023-12-16T21:44:46+00:00","breadcrumb":{"@id":"https:\/\/tiimiriided.ee\/toode\/varavavahi-sark-naistele\/#breadcrumb"},"inLanguage":"en-US","potentialAction":[{"@type":"ReadAction","target":["https:\/\/tiimiriided.ee\/toode\/varavavahi-sark-naistele\/"]}]},{"@type":"ImageObject","inLanguage":"en-US","@id":"https:\/\/tiimiriided.ee\/toode\/varavavahi-sark-naistele\/#primaryimage","url":"https:\/\/tiimiriided.ee\/wp-content\/uploads\/2023\/06\/Naiste-varavavahisark.png","contentUrl":"https:\/\/tiimiriided.ee\/wp-content\/uploads\/2023\/06\/Naiste-varavavahisark.png","width":500,"height":867},{"@type":"BreadcrumbList","@id":"https:\/\/tiimiriided.ee\/toode\/varavavahi-sark-naistele\/#breadcrumb","itemListElement":[{"@type":"ListItem","position":1,"name":"Home","item":"https:\/\/tiimiriided.ee\/en\/?page_id=15263"},{"@type":"ListItem","position":2,"name":"Shop","item":"https:\/\/tiimiriided.ee\/en\/pood\/"},{"@type":"ListItem","position":3,"name":"Women&#8217;s goalkeeper shirt"}]},{"@type":"WebSite","@id":"https:\/\/tiimiriided.ee\/#website","url":"https:\/\/tiimiriided.ee\/","name":"Tiimiriided","description":"","potentialAction":[{"@type":"SearchAction","target":{"@type":"EntryPoint","urlTemplate":"https:\/\/tiimiriided.ee\/?s={search_term_string}"},"query-input":{"@type":"PropertyValueSpecification","valueRequired":true,"valueName":"search_term_string"}}],"inLanguage":"en-US"}]}},"builder_content":"<img src=\"https:\/\/tiimiriided.ee\/wp-content\/uploads\/2023\/06\/Varavavahi-sark-naistele-kuljelt-2-1.jpg\" title=\"V\u00e4ravavahi s\u00e4rk naistele k\u00fcljelt 2\" alt=\"V\u00e4ravavahi s\u00e4rk naistele k\u00fcljelt 2\" srcset=\"https:\/\/tiimiriided.ee\/wp-content\/uploads\/2023\/06\/Varavavahi-sark-naistele-kuljelt-2-1.jpg 1000w, https:\/\/tiimiriided.ee\/wp-content\/uploads\/2023\/06\/Varavavahi-sark-naistele-kuljelt-2-1-300x300.jpg 300w, https:\/\/tiimiriided.ee\/wp-content\/uploads\/2023\/06\/Varavavahi-sark-naistele-kuljelt-2-1-150x150.jpg 150w, https:\/\/tiimiriided.ee\/wp-content\/uploads\/2023\/06\/Varavavahi-sark-naistele-kuljelt-2-1-768x768.jpg 768w, https:\/\/tiimiriided.ee\/wp-content\/uploads\/2023\/06\/Varavavahi-sark-naistele-kuljelt-2-1-600x600.jpg 600w, https:\/\/tiimiriided.ee\/wp-content\/uploads\/2023\/06\/Varavavahi-sark-naistele-kuljelt-2-1-100x100.jpg 100w, https:\/\/tiimiriided.ee\/wp-content\/uploads\/2023\/06\/Varavavahi-sark-naistele-kuljelt-2-1-47x48.jpg 47w\" sizes=\"(max-width: 1000px) 100vw, 1000px\" \/>\n<h3><strong>Bolstered elbows<\/strong><\/h3> <p>To mitigate the impacts of falling<\/p>","_links":{"self":[{"href":"https:\/\/tiimiriided.ee\/en\/wp-json\/wp\/v2\/product\/5547","targetHints":{"allow":["GET"]}}],"collection":[{"href":"https:\/\/tiimiriided.ee\/en\/wp-json\/wp\/v2\/product"}],"about":[{"href":"https:\/\/tiimiriided.ee\/en\/wp-json\/wp\/v2\/types\/product"}],"replies":[{"embeddable":true,"href":"https:\/\/tiimiriided.ee\/en\/wp-json\/wp\/v2\/comments?post=5547"}],"wp:featuredmedia":[{"embeddable":true,"href":"https:\/\/tiimiriided.ee\/en\/wp-json\/wp\/v2\/media\/22607"}],"wp:attachment":[{"href":"https:\/\/tiimiriided.ee\/en\/wp-json\/wp\/v2\/media?parent=5547"}],"wp:term":[{"taxonomy":"product_brand","embeddable":true,"href":"https:\/\/tiimiriided.ee\/en\/wp-json\/wp\/v2\/product_brand?post=5547"},{"taxonomy":"product_cat","embeddable":true,"href":"https:\/\/tiimiriided.ee\/en\/wp-json\/wp\/v2\/product_cat?post=5547"},{"taxonomy":"product_tag","embeddable":true,"href":"https:\/\/tiimiriided.ee\/en\/wp-json\/wp\/v2\/product_tag?post=5547"}],"curies":[{"name":"wp","href":"https:\/\/api.w.org\/{rel}","templated":true}]}}