{"id":5525,"date":"2023-05-30T08:01:03","date_gmt":"2023-05-30T08:01:03","guid":{"rendered":"https:\/\/tiimiriided.ee\/toode\/meeste-jalgpallivorm-pro\/"},"modified":"2023-12-16T10:34:47","modified_gmt":"2023-12-16T10:34:47","slug":"mens-football-kit-pro","status":"publish","type":"product","link":"https:\/\/tiimiriided.ee\/en\/toode\/mens-football-kit-pro\/","title":{"rendered":"Men&#8217;s football kit Pro"},"content":{"rendered":"<!--themify_builder_content-->\n<div id=\"themify_builder_content-5525\" data-postid=\"5525\" class=\"themify_builder_content themify_builder_content-5525 themify_builder tf_clear\">\n                    <div  data-lazy=\"1\" class=\"module_row themify_builder_row tb_v1gd668 tb_first tf_w\">\n                        <div class=\"row_inner col_align_top tb_col_count_1 tf_box tf_rel\">\n                        <div  data-lazy=\"1\" class=\"module_column tb-column col-full tb_75jz668 first\">\n                            <div  data-lazy=\"1\" class=\"module_subrow themify_builder_sub_row tf_w col_align_middle tb_col_count_2 tb_w61k668\">\n                <div  data-lazy=\"1\" class=\"module_column sub_column col4-2 tb_9kcf669 first\">\n                    <!-- module image -->\n<div  class=\"module module-image tb_6d5o669 image-top   tf_mw\" data-lazy=\"1\">\n        <div class=\"image-wrap tf_rel tf_mw\">\n            <img loading=\"lazy\" decoding=\"async\" width=\"1000\" height=\"1000\" src=\"https:\/\/tiimiriided.ee\/wp-content\/uploads\/2023\/10\/Pro-jalgpallivormi-kuljevork.jpg\" class=\"wp-post-image wp-image-4903\" title=\"Pro jalgpallivormi k\u00fcljev\u00f5rk\" alt=\"Pro jalgpallivormi k\u00fcljev\u00f5rk\" srcset=\"https:\/\/tiimiriided.ee\/wp-content\/uploads\/2023\/10\/Pro-jalgpallivormi-kuljevork.jpg 1000w, https:\/\/tiimiriided.ee\/wp-content\/uploads\/2023\/10\/Pro-jalgpallivormi-kuljevork-300x300.jpg 300w, https:\/\/tiimiriided.ee\/wp-content\/uploads\/2023\/10\/Pro-jalgpallivormi-kuljevork-150x150.jpg 150w, https:\/\/tiimiriided.ee\/wp-content\/uploads\/2023\/10\/Pro-jalgpallivormi-kuljevork-768x768.jpg 768w, https:\/\/tiimiriided.ee\/wp-content\/uploads\/2023\/10\/Pro-jalgpallivormi-kuljevork-600x600.jpg 600w, https:\/\/tiimiriided.ee\/wp-content\/uploads\/2023\/10\/Pro-jalgpallivormi-kuljevork-100x100.jpg 100w\" sizes=\"auto, (max-width: 1000px) 100vw, 1000px\" \/>    \n        <\/div>\n    <!-- \/image-wrap -->\n    \n        <\/div>\n<!-- \/module image -->        <\/div>\n                    <div  data-lazy=\"1\" class=\"module_column sub_column col4-2 tb_s0zt669 last\">\n                    <!-- module text -->\n<div  class=\"module module-text tb_fjye669   \" data-lazy=\"1\">\n        <div  class=\"tb_text_wrap\">\n        <h3>Ventilating side mesh<\/h3>\n<p>Compared to the basic series, this mesh offers even better breathability.<\/p>    <\/div>\n<\/div>\n<!-- \/module text -->        <\/div>\n                    <\/div>\n                <\/div>\n                        <\/div>\n        <\/div>\n                        <div  data-lazy=\"1\" class=\"module_row themify_builder_row tb_3tf9669 tf_w\">\n                        <div class=\"row_inner col_align_top tb_col_count_1 tf_box tf_rel\">\n                        <div  data-lazy=\"1\" class=\"module_column tb-column col-full tb_2cxp669 first\">\n                            <div  data-lazy=\"1\" class=\"module_subrow themify_builder_sub_row tf_w col_align_middle tb_col_count_2 tb_tprs669\">\n                <div  data-lazy=\"1\" class=\"module_column sub_column col4-2 tb_me0v669 first\">\n                    <!-- module text -->\n<div  class=\"module module-text tb_h30q669   \" data-lazy=\"1\">\n        <div  class=\"tb_text_wrap\">\n        <h3>Stylish neckline<\/h3>\n<p>A slightly V-shaped neckline<\/p>    <\/div>\n<\/div>\n<!-- \/module text -->        <\/div>\n                    <div  data-lazy=\"1\" class=\"module_column sub_column col4-2 tb_udvi669 last\">\n                    <!-- module image -->\n<div  class=\"module module-image tb_ie6b669 image-top   tf_mw\" data-lazy=\"1\">\n        <div class=\"image-wrap tf_rel tf_mw\">\n            <img loading=\"lazy\" decoding=\"async\" width=\"1000\" height=\"1000\" src=\"https:\/\/tiimiriided.ee\/wp-content\/uploads\/2023\/10\/Pro-jalgpallisargi-one-collar-cut.jpg\" class=\"wp-post-image wp-image-4907\" title=\"Pro jalgpallis\u00e4rgi one collar cut\" alt=\"Pro jalgpallis\u00e4rgi one collar cut\" srcset=\"https:\/\/tiimiriided.ee\/wp-content\/uploads\/2023\/10\/Pro-jalgpallisargi-one-collar-cut.jpg 1000w, https:\/\/tiimiriided.ee\/wp-content\/uploads\/2023\/10\/Pro-jalgpallisargi-one-collar-cut-300x300.jpg 300w, https:\/\/tiimiriided.ee\/wp-content\/uploads\/2023\/10\/Pro-jalgpallisargi-one-collar-cut-150x150.jpg 150w, https:\/\/tiimiriided.ee\/wp-content\/uploads\/2023\/10\/Pro-jalgpallisargi-one-collar-cut-768x768.jpg 768w, https:\/\/tiimiriided.ee\/wp-content\/uploads\/2023\/10\/Pro-jalgpallisargi-one-collar-cut-600x600.jpg 600w, https:\/\/tiimiriided.ee\/wp-content\/uploads\/2023\/10\/Pro-jalgpallisargi-one-collar-cut-100x100.jpg 100w\" sizes=\"auto, (max-width: 1000px) 100vw, 1000px\" \/>    \n        <\/div>\n    <!-- \/image-wrap -->\n    \n        <\/div>\n<!-- \/module image -->        <\/div>\n                    <\/div>\n                <\/div>\n                        <\/div>\n        <\/div>\n                        <div  data-lazy=\"1\" class=\"module_row themify_builder_row tb_33b5200 tf_w\">\n                        <div class=\"row_inner col_align_top tb_col_count_1 tf_box tf_rel\">\n                        <div  data-lazy=\"1\" class=\"module_column tb-column col-full tb_dr4v200 first\">\n                            <div  data-lazy=\"1\" class=\"module_subrow themify_builder_sub_row tf_w col_align_middle tb_col_count_2 tb_jsar201\">\n                <div  data-lazy=\"1\" class=\"module_column sub_column col4-2 tb_fwmi201 first\">\n                    <!-- module image -->\n<div  class=\"module module-image tb_zp7t687 image-top   tf_mw\" data-lazy=\"1\">\n        <div class=\"image-wrap tf_rel tf_mw\">\n            <img loading=\"lazy\" decoding=\"async\" width=\"1000\" height=\"1000\" src=\"https:\/\/tiimiriided.ee\/wp-content\/uploads\/2023\/08\/Jalgpallisargi-taiendav-kaiserant.jpg\" class=\"wp-post-image wp-image-4402\" title=\"Jalgpallis\u00e4rgi t\u00e4iendav k\u00e4iserant\" alt=\"Jalgpallis\u00e4rgi t\u00e4iendav k\u00e4iserant\" srcset=\"https:\/\/tiimiriided.ee\/wp-content\/uploads\/2023\/08\/Jalgpallisargi-taiendav-kaiserant.jpg 1000w, https:\/\/tiimiriided.ee\/wp-content\/uploads\/2023\/08\/Jalgpallisargi-taiendav-kaiserant-300x300.jpg 300w, https:\/\/tiimiriided.ee\/wp-content\/uploads\/2023\/08\/Jalgpallisargi-taiendav-kaiserant-150x150.jpg 150w, https:\/\/tiimiriided.ee\/wp-content\/uploads\/2023\/08\/Jalgpallisargi-taiendav-kaiserant-768x768.jpg 768w, https:\/\/tiimiriided.ee\/wp-content\/uploads\/2023\/08\/Jalgpallisargi-taiendav-kaiserant-600x600.jpg 600w, https:\/\/tiimiriided.ee\/wp-content\/uploads\/2023\/08\/Jalgpallisargi-taiendav-kaiserant-100x100.jpg 100w\" sizes=\"auto, (max-width: 1000px) 100vw, 1000px\" \/>    \n        <\/div>\n    <!-- \/image-wrap -->\n    \n        <\/div>\n<!-- \/module image -->        <\/div>\n                    <div  data-lazy=\"1\" class=\"module_column sub_column col4-2 tb_yt0u201 last\">\n                    <!-- module text -->\n<div  class=\"module module-text tb_fpmo201   \" data-lazy=\"1\">\n        <div  class=\"tb_text_wrap\">\n        <h3>Sleeve trim (optional)<\/h3>\n<p>The multicolored sleeve trim sewn on allows for further personalization of the garment\u2019s design. It can also be used as advertising space.<\/p>    <\/div>\n<\/div>\n<!-- \/module text -->        <\/div>\n                    <\/div>\n                <\/div>\n                        <\/div>\n        <\/div>\n                        <div  data-lazy=\"1\" class=\"module_row themify_builder_row tb_4mbw351 tf_w\">\n                        <div class=\"row_inner col_align_top tb_col_count_1 tf_box tf_rel\">\n                        <div  data-lazy=\"1\" class=\"module_column tb-column col-full tb_wlxu351 first\">\n                            <div  data-lazy=\"1\" class=\"module_subrow themify_builder_sub_row tf_w col_align_middle tb_col_count_2 tb_6ald351\">\n                <div  data-lazy=\"1\" class=\"module_column sub_column col4-2 tb_bryf351 first\">\n                    <!-- module text -->\n<div  class=\"module module-text tb_8xde352   \" data-lazy=\"1\">\n        <div  class=\"tb_text_wrap\">\n        <h3>Team Emblems (optional)<\/h3>\n<p>Adding a team emblem, such as a logo or crest, can lend a touch of formality and elegance to the uniform. The price of the emblem depends on the quantity and the technique used for attaching it to the garments. Depending on the technology, the minimum quantity ranges from 15 to 100.<\/p>    <\/div>\n<\/div>\n<!-- \/module text -->        <\/div>\n                    <div  data-lazy=\"1\" class=\"module_column sub_column col4-2 tb_udn0352 last\">\n                    <!-- module image -->\n<div  class=\"module module-image tb_zq29134 image-top   tf_mw\" data-lazy=\"1\">\n        <div class=\"image-wrap tf_rel tf_mw\">\n            <img loading=\"lazy\" decoding=\"async\" width=\"700\" height=\"700\" src=\"https:\/\/tiimiriided.ee\/wp-content\/uploads\/2023\/08\/Embleem-sargil.jpg\" class=\"wp-post-image wp-image-4406\" title=\"Embleem s\u00e4rgil\" alt=\"Embleem s\u00e4rgil\" srcset=\"https:\/\/tiimiriided.ee\/wp-content\/uploads\/2023\/08\/Embleem-sargil.jpg 700w, https:\/\/tiimiriided.ee\/wp-content\/uploads\/2023\/08\/Embleem-sargil-300x300.jpg 300w, https:\/\/tiimiriided.ee\/wp-content\/uploads\/2023\/08\/Embleem-sargil-150x150.jpg 150w, https:\/\/tiimiriided.ee\/wp-content\/uploads\/2023\/08\/Embleem-sargil-600x600.jpg 600w, https:\/\/tiimiriided.ee\/wp-content\/uploads\/2023\/08\/Embleem-sargil-100x100.jpg 100w\" sizes=\"auto, (max-width: 700px) 100vw, 700px\" \/>    \n        <\/div>\n    <!-- \/image-wrap -->\n    \n        <\/div>\n<!-- \/module image -->        <\/div>\n                    <\/div>\n                <\/div>\n                        <\/div>\n        <\/div>\n        <\/div>\n<!--\/themify_builder_content-->","protected":false},"excerpt":{"rendered":"<p>Classic fit football kit with airy fabric and side panels for training and competition. Easy-care and quick-drying fabric wicks moisture away from the body surface. The football kit has been developed in cooperation with professional players.<\/p>\n<p><strong>Material:<\/strong>\u00a0100% Sports Polyester<br \/>\n<strong>Neckline Options:<\/strong>\u00a0Slightly V-shaped neckline or a multicolored neckline for an additional fee.\u00a0<strong>Additional Features:<\/strong>\u00a0Team emblem, sleeve trim, and multicolored neckline available for an extra charge upon request.<br \/>\n<strong>Sublimation Printing:<\/strong>\u00a0Full-coverage, sharp, and durable print based on the design approved by the customer. The print does not affect the technical properties of the fabric, it cannot be felt by hand.<br \/>\n<strong>Personalization:<\/strong>\u00a0Add a player number and\/or name at no extra cost.<br \/>\n<strong>Sizes:<\/strong>\u00a0XS, S, M, L, XL, 2XL, 3XL<\/p>\n<p>Product images are samples. The customer\u2019s chosen design will be printed on the fabric. There is an option to select a suitable design from and extensive design gallery and have it further developed by our designer.<\/p>\n","protected":false},"featured_media":22348,"comment_status":"closed","ping_status":"closed","template":"","meta":{"_acf_changed":false},"product_brand":[],"product_cat":[58,55],"product_tag":[],"class_list":{"0":"post-5525","1":"product","2":"type-product","3":"status-publish","4":"has-post-thumbnail","6":"product_cat-football","7":"product_cat-mehed-en","8":"has-post-title","9":"has-post-date","10":"has-post-category","11":"has-post-tag","12":"has-post-comment","13":"has-post-author","14":"","16":"first","17":"instock","18":"taxable","19":"shipping-taxable","20":"purchasable","21":"product-type-simple"},"acf":[],"yoast_head":"<!-- This site is optimized with the Yoast SEO plugin v27.3 - https:\/\/yoast.com\/product\/yoast-seo-wordpress\/ -->\n<title>Men&#039;s football kit Pro - Tiimiriided<\/title>\n<meta name=\"description\" content=\"Pro jalgpallivorm meestele: treenimiseks ja v\u00f5istlusteks sobiv klassikaline l\u00f5ige, kiiresti kuivav ja mugav riie. Kohandatav kaelus, embleem ja nimi.\" \/>\n<meta name=\"robots\" content=\"index, follow, max-snippet:-1, max-image-preview:large, max-video-preview:-1\" \/>\n<link rel=\"canonical\" href=\"https:\/\/tiimiriided.ee\/toode\/meeste-jalgpallivorm-pro\/\" \/>\n<meta property=\"og:locale\" content=\"en_US\" \/>\n<meta property=\"og:type\" content=\"article\" \/>\n<meta property=\"og:title\" content=\"Men&#039;s football kit Pro - Tiimiriided\" \/>\n<meta property=\"og:description\" content=\"Pro jalgpallivorm meestele: treenimiseks ja v\u00f5istlusteks sobiv klassikaline l\u00f5ige, kiiresti kuivav ja mugav riie. Kohandatav kaelus, embleem ja nimi.\" \/>\n<meta property=\"og:url\" content=\"https:\/\/tiimiriided.ee\/toode\/meeste-jalgpallivorm-pro\/\" \/>\n<meta property=\"og:site_name\" content=\"Tiimiriided\" \/>\n<meta property=\"article:modified_time\" content=\"2023-12-16T10:34:47+00:00\" \/>\n<meta property=\"og:image\" content=\"https:\/\/tiimiriided.ee\/wp-content\/uploads\/2023\/05\/Meeste-jalgpallivorm-Pro-eest.jpg\" \/>\n\t<meta property=\"og:image:width\" content=\"1000\" \/>\n\t<meta property=\"og:image:height\" content=\"1000\" \/>\n\t<meta property=\"og:image:type\" content=\"image\/jpeg\" \/>\n<meta name=\"twitter:card\" content=\"summary_large_image\" \/>\n<meta name=\"twitter:label1\" content=\"Est. reading time\" \/>\n\t<meta name=\"twitter:data1\" content=\"2 minutes\" \/>\n<script type=\"application\/ld+json\" class=\"yoast-schema-graph\">{\"@context\":\"https:\\\/\\\/schema.org\",\"@graph\":[{\"@type\":\"WebPage\",\"@id\":\"https:\\\/\\\/tiimiriided.ee\\\/toode\\\/meeste-jalgpallivorm-pro\\\/\",\"url\":\"https:\\\/\\\/tiimiriided.ee\\\/toode\\\/meeste-jalgpallivorm-pro\\\/\",\"name\":\"Men's football kit Pro - Tiimiriided\",\"isPartOf\":{\"@id\":\"https:\\\/\\\/tiimiriided.ee\\\/#website\"},\"primaryImageOfPage\":{\"@id\":\"https:\\\/\\\/tiimiriided.ee\\\/toode\\\/meeste-jalgpallivorm-pro\\\/#primaryimage\"},\"image\":{\"@id\":\"https:\\\/\\\/tiimiriided.ee\\\/toode\\\/meeste-jalgpallivorm-pro\\\/#primaryimage\"},\"thumbnailUrl\":\"https:\\\/\\\/tiimiriided.ee\\\/wp-content\\\/uploads\\\/2023\\\/05\\\/Meeste-jalgpallivorm-Pro.png\",\"datePublished\":\"2023-05-30T08:01:03+00:00\",\"dateModified\":\"2023-12-16T10:34:47+00:00\",\"description\":\"Pro jalgpallivorm meestele: treenimiseks ja v\u00f5istlusteks sobiv klassikaline l\u00f5ige, kiiresti kuivav ja mugav riie. Kohandatav kaelus, embleem ja nimi.\",\"breadcrumb\":{\"@id\":\"https:\\\/\\\/tiimiriided.ee\\\/toode\\\/meeste-jalgpallivorm-pro\\\/#breadcrumb\"},\"inLanguage\":\"en-US\",\"potentialAction\":[{\"@type\":\"ReadAction\",\"target\":[\"https:\\\/\\\/tiimiriided.ee\\\/toode\\\/meeste-jalgpallivorm-pro\\\/\"]}]},{\"@type\":\"ImageObject\",\"inLanguage\":\"en-US\",\"@id\":\"https:\\\/\\\/tiimiriided.ee\\\/toode\\\/meeste-jalgpallivorm-pro\\\/#primaryimage\",\"url\":\"https:\\\/\\\/tiimiriided.ee\\\/wp-content\\\/uploads\\\/2023\\\/05\\\/Meeste-jalgpallivorm-Pro.png\",\"contentUrl\":\"https:\\\/\\\/tiimiriided.ee\\\/wp-content\\\/uploads\\\/2023\\\/05\\\/Meeste-jalgpallivorm-Pro.png\",\"width\":500,\"height\":745},{\"@type\":\"BreadcrumbList\",\"@id\":\"https:\\\/\\\/tiimiriided.ee\\\/toode\\\/meeste-jalgpallivorm-pro\\\/#breadcrumb\",\"itemListElement\":[{\"@type\":\"ListItem\",\"position\":1,\"name\":\"Home\",\"item\":\"https:\\\/\\\/tiimiriided.ee\\\/en\\\/?page_id=15263\"},{\"@type\":\"ListItem\",\"position\":2,\"name\":\"Shop\",\"item\":\"https:\\\/\\\/tiimiriided.ee\\\/en\\\/pood\\\/\"},{\"@type\":\"ListItem\",\"position\":3,\"name\":\"Men&#8217;s football kit Pro\"}]},{\"@type\":\"WebSite\",\"@id\":\"https:\\\/\\\/tiimiriided.ee\\\/#website\",\"url\":\"https:\\\/\\\/tiimiriided.ee\\\/\",\"name\":\"Tiimiriided\",\"description\":\"\",\"potentialAction\":[{\"@type\":\"SearchAction\",\"target\":{\"@type\":\"EntryPoint\",\"urlTemplate\":\"https:\\\/\\\/tiimiriided.ee\\\/?s={search_term_string}\"},\"query-input\":{\"@type\":\"PropertyValueSpecification\",\"valueRequired\":true,\"valueName\":\"search_term_string\"}}],\"inLanguage\":\"en-US\"}]}<\/script>\n<!-- \/ Yoast SEO plugin. -->","yoast_head_json":{"title":"Men's football kit Pro - Tiimiriided","description":"Pro jalgpallivorm meestele: treenimiseks ja v\u00f5istlusteks sobiv klassikaline l\u00f5ige, kiiresti kuivav ja mugav riie. Kohandatav kaelus, embleem ja nimi.","robots":{"index":"index","follow":"follow","max-snippet":"max-snippet:-1","max-image-preview":"max-image-preview:large","max-video-preview":"max-video-preview:-1"},"canonical":"https:\/\/tiimiriided.ee\/toode\/meeste-jalgpallivorm-pro\/","og_locale":"en_US","og_type":"article","og_title":"Men's football kit Pro - Tiimiriided","og_description":"Pro jalgpallivorm meestele: treenimiseks ja v\u00f5istlusteks sobiv klassikaline l\u00f5ige, kiiresti kuivav ja mugav riie. Kohandatav kaelus, embleem ja nimi.","og_url":"https:\/\/tiimiriided.ee\/toode\/meeste-jalgpallivorm-pro\/","og_site_name":"Tiimiriided","article_modified_time":"2023-12-16T10:34:47+00:00","og_image":[{"width":1000,"height":1000,"url":"https:\/\/tiimiriided.ee\/wp-content\/uploads\/2023\/05\/Meeste-jalgpallivorm-Pro-eest.jpg","type":"image\/jpeg"}],"twitter_card":"summary_large_image","twitter_misc":{"Est. reading time":"2 minutes"},"schema":{"@context":"https:\/\/schema.org","@graph":[{"@type":"WebPage","@id":"https:\/\/tiimiriided.ee\/toode\/meeste-jalgpallivorm-pro\/","url":"https:\/\/tiimiriided.ee\/toode\/meeste-jalgpallivorm-pro\/","name":"Men's football kit Pro - Tiimiriided","isPartOf":{"@id":"https:\/\/tiimiriided.ee\/#website"},"primaryImageOfPage":{"@id":"https:\/\/tiimiriided.ee\/toode\/meeste-jalgpallivorm-pro\/#primaryimage"},"image":{"@id":"https:\/\/tiimiriided.ee\/toode\/meeste-jalgpallivorm-pro\/#primaryimage"},"thumbnailUrl":"https:\/\/tiimiriided.ee\/wp-content\/uploads\/2023\/05\/Meeste-jalgpallivorm-Pro.png","datePublished":"2023-05-30T08:01:03+00:00","dateModified":"2023-12-16T10:34:47+00:00","description":"Pro jalgpallivorm meestele: treenimiseks ja v\u00f5istlusteks sobiv klassikaline l\u00f5ige, kiiresti kuivav ja mugav riie. Kohandatav kaelus, embleem ja nimi.","breadcrumb":{"@id":"https:\/\/tiimiriided.ee\/toode\/meeste-jalgpallivorm-pro\/#breadcrumb"},"inLanguage":"en-US","potentialAction":[{"@type":"ReadAction","target":["https:\/\/tiimiriided.ee\/toode\/meeste-jalgpallivorm-pro\/"]}]},{"@type":"ImageObject","inLanguage":"en-US","@id":"https:\/\/tiimiriided.ee\/toode\/meeste-jalgpallivorm-pro\/#primaryimage","url":"https:\/\/tiimiriided.ee\/wp-content\/uploads\/2023\/05\/Meeste-jalgpallivorm-Pro.png","contentUrl":"https:\/\/tiimiriided.ee\/wp-content\/uploads\/2023\/05\/Meeste-jalgpallivorm-Pro.png","width":500,"height":745},{"@type":"BreadcrumbList","@id":"https:\/\/tiimiriided.ee\/toode\/meeste-jalgpallivorm-pro\/#breadcrumb","itemListElement":[{"@type":"ListItem","position":1,"name":"Home","item":"https:\/\/tiimiriided.ee\/en\/?page_id=15263"},{"@type":"ListItem","position":2,"name":"Shop","item":"https:\/\/tiimiriided.ee\/en\/pood\/"},{"@type":"ListItem","position":3,"name":"Men&#8217;s football kit Pro"}]},{"@type":"WebSite","@id":"https:\/\/tiimiriided.ee\/#website","url":"https:\/\/tiimiriided.ee\/","name":"Tiimiriided","description":"","potentialAction":[{"@type":"SearchAction","target":{"@type":"EntryPoint","urlTemplate":"https:\/\/tiimiriided.ee\/?s={search_term_string}"},"query-input":{"@type":"PropertyValueSpecification","valueRequired":true,"valueName":"search_term_string"}}],"inLanguage":"en-US"}]}},"builder_content":"<img src=\"https:\/\/tiimiriided.ee\/wp-content\/uploads\/2023\/10\/Pro-jalgpallivormi-kuljevork.jpg\" title=\"Pro jalgpallivormi k\u00fcljev\u00f5rk\" alt=\"Pro jalgpallivormi k\u00fcljev\u00f5rk\" srcset=\"https:\/\/tiimiriided.ee\/wp-content\/uploads\/2023\/10\/Pro-jalgpallivormi-kuljevork.jpg 1000w, https:\/\/tiimiriided.ee\/wp-content\/uploads\/2023\/10\/Pro-jalgpallivormi-kuljevork-300x300.jpg 300w, https:\/\/tiimiriided.ee\/wp-content\/uploads\/2023\/10\/Pro-jalgpallivormi-kuljevork-150x150.jpg 150w, https:\/\/tiimiriided.ee\/wp-content\/uploads\/2023\/10\/Pro-jalgpallivormi-kuljevork-768x768.jpg 768w, https:\/\/tiimiriided.ee\/wp-content\/uploads\/2023\/10\/Pro-jalgpallivormi-kuljevork-600x600.jpg 600w, https:\/\/tiimiriided.ee\/wp-content\/uploads\/2023\/10\/Pro-jalgpallivormi-kuljevork-100x100.jpg 100w\" sizes=\"(max-width: 1000px) 100vw, 1000px\" \/>\n<h3>Ventilating side mesh<\/h3> <p>Compared to the basic series, this mesh offers even better breathability.<\/p>\n<h3>Stylish neckline<\/h3> <p>A slightly V-shaped neckline<\/p>\n<img src=\"https:\/\/tiimiriided.ee\/wp-content\/uploads\/2023\/10\/Pro-jalgpallisargi-one-collar-cut.jpg\" title=\"Pro jalgpallis\u00e4rgi one collar cut\" alt=\"Pro jalgpallis\u00e4rgi one collar cut\" srcset=\"https:\/\/tiimiriided.ee\/wp-content\/uploads\/2023\/10\/Pro-jalgpallisargi-one-collar-cut.jpg 1000w, https:\/\/tiimiriided.ee\/wp-content\/uploads\/2023\/10\/Pro-jalgpallisargi-one-collar-cut-300x300.jpg 300w, https:\/\/tiimiriided.ee\/wp-content\/uploads\/2023\/10\/Pro-jalgpallisargi-one-collar-cut-150x150.jpg 150w, https:\/\/tiimiriided.ee\/wp-content\/uploads\/2023\/10\/Pro-jalgpallisargi-one-collar-cut-768x768.jpg 768w, https:\/\/tiimiriided.ee\/wp-content\/uploads\/2023\/10\/Pro-jalgpallisargi-one-collar-cut-600x600.jpg 600w, https:\/\/tiimiriided.ee\/wp-content\/uploads\/2023\/10\/Pro-jalgpallisargi-one-collar-cut-100x100.jpg 100w\" sizes=\"(max-width: 1000px) 100vw, 1000px\" \/>\n<img src=\"https:\/\/tiimiriided.ee\/wp-content\/uploads\/2023\/08\/Jalgpallisargi-taiendav-kaiserant.jpg\" title=\"Jalgpallis\u00e4rgi t\u00e4iendav k\u00e4iserant\" alt=\"Jalgpallis\u00e4rgi t\u00e4iendav k\u00e4iserant\" srcset=\"https:\/\/tiimiriided.ee\/wp-content\/uploads\/2023\/08\/Jalgpallisargi-taiendav-kaiserant.jpg 1000w, https:\/\/tiimiriided.ee\/wp-content\/uploads\/2023\/08\/Jalgpallisargi-taiendav-kaiserant-300x300.jpg 300w, https:\/\/tiimiriided.ee\/wp-content\/uploads\/2023\/08\/Jalgpallisargi-taiendav-kaiserant-150x150.jpg 150w, https:\/\/tiimiriided.ee\/wp-content\/uploads\/2023\/08\/Jalgpallisargi-taiendav-kaiserant-768x768.jpg 768w, https:\/\/tiimiriided.ee\/wp-content\/uploads\/2023\/08\/Jalgpallisargi-taiendav-kaiserant-600x600.jpg 600w, https:\/\/tiimiriided.ee\/wp-content\/uploads\/2023\/08\/Jalgpallisargi-taiendav-kaiserant-100x100.jpg 100w\" sizes=\"(max-width: 1000px) 100vw, 1000px\" \/>\n<h3>Sleeve trim (optional)<\/h3> <p>The multicolored sleeve trim sewn on allows for further personalization of the garment\u2019s design. It can also be used as advertising space.<\/p>\n<h3>Team Emblems (optional)<\/h3> <p>Adding a team emblem, such as a logo or crest, can lend a touch of formality and elegance to the uniform. The price of the emblem depends on the quantity and the technique used for attaching it to the garments. Depending on the technology, the minimum quantity ranges from 15 to 100.<\/p>\n<img src=\"https:\/\/tiimiriided.ee\/wp-content\/uploads\/2023\/08\/Embleem-sargil.jpg\" title=\"Embleem s\u00e4rgil\" alt=\"Embleem s\u00e4rgil\" srcset=\"https:\/\/tiimiriided.ee\/wp-content\/uploads\/2023\/08\/Embleem-sargil.jpg 700w, https:\/\/tiimiriided.ee\/wp-content\/uploads\/2023\/08\/Embleem-sargil-300x300.jpg 300w, https:\/\/tiimiriided.ee\/wp-content\/uploads\/2023\/08\/Embleem-sargil-150x150.jpg 150w, https:\/\/tiimiriided.ee\/wp-content\/uploads\/2023\/08\/Embleem-sargil-600x600.jpg 600w, https:\/\/tiimiriided.ee\/wp-content\/uploads\/2023\/08\/Embleem-sargil-100x100.jpg 100w\" sizes=\"(max-width: 700px) 100vw, 700px\" \/>","_links":{"self":[{"href":"https:\/\/tiimiriided.ee\/en\/wp-json\/wp\/v2\/product\/5525","targetHints":{"allow":["GET"]}}],"collection":[{"href":"https:\/\/tiimiriided.ee\/en\/wp-json\/wp\/v2\/product"}],"about":[{"href":"https:\/\/tiimiriided.ee\/en\/wp-json\/wp\/v2\/types\/product"}],"replies":[{"embeddable":true,"href":"https:\/\/tiimiriided.ee\/en\/wp-json\/wp\/v2\/comments?post=5525"}],"wp:featuredmedia":[{"embeddable":true,"href":"https:\/\/tiimiriided.ee\/en\/wp-json\/wp\/v2\/media\/22348"}],"wp:attachment":[{"href":"https:\/\/tiimiriided.ee\/en\/wp-json\/wp\/v2\/media?parent=5525"}],"wp:term":[{"taxonomy":"product_brand","embeddable":true,"href":"https:\/\/tiimiriided.ee\/en\/wp-json\/wp\/v2\/product_brand?post=5525"},{"taxonomy":"product_cat","embeddable":true,"href":"https:\/\/tiimiriided.ee\/en\/wp-json\/wp\/v2\/product_cat?post=5525"},{"taxonomy":"product_tag","embeddable":true,"href":"https:\/\/tiimiriided.ee\/en\/wp-json\/wp\/v2\/product_tag?post=5525"}],"curies":[{"name":"wp","href":"https:\/\/api.w.org\/{rel}","templated":true}]}}