{"id":5519,"date":"2023-05-30T08:01:03","date_gmt":"2023-05-30T08:01:03","guid":{"rendered":"https:\/\/tiimiriided.ee\/toode\/naiste-jalgpallivorm-basic\/"},"modified":"2023-12-16T10:08:19","modified_gmt":"2023-12-16T10:08:19","slug":"womens-football-kit-basic","status":"publish","type":"product","link":"https:\/\/tiimiriided.ee\/en\/toode\/womens-football-kit-basic\/","title":{"rendered":"Women&#8217;s football kit Basic"},"content":{"rendered":"<!--themify_builder_content-->\n<div id=\"themify_builder_content-5519\" data-postid=\"5519\" class=\"themify_builder_content themify_builder_content-5519 themify_builder tf_clear\">\n                    <div  data-lazy=\"1\" class=\"module_row themify_builder_row tb_8bsl686 tb_first tf_w\">\n                        <div class=\"row_inner col_align_top tb_col_count_1 tf_box tf_rel\">\n                        <div  data-lazy=\"1\" class=\"module_column tb-column col-full tb_7otu686 first\">\n                            <div  data-lazy=\"1\" class=\"module_subrow themify_builder_sub_row tf_w col_align_middle tb_col_count_2 tb_9amg686\">\n                <div  data-lazy=\"1\" class=\"module_column sub_column col4-2 tb_ggje687 first\">\n                    <!-- module text -->\n<div  class=\"module module-text tb_f2ow687   \" data-lazy=\"1\">\n        <div  class=\"tb_text_wrap\">\n        <h3>Sleeve trim (optional)<\/h3>\n<p>The multicolored sleeve trim sewn on allows for further personalization of the garment\u2019s design. It can also be used as advertising space.<\/p>\n<div class=\"col-md-6 image-box\">\u00a0<\/div>    <\/div>\n<\/div>\n<!-- \/module text -->        <\/div>\n                    <div  data-lazy=\"1\" class=\"module_column sub_column col4-2 tb_qxn4687 last\">\n                    <!-- module image -->\n<div  class=\"module module-image tb_zp7t687 image-top   tf_mw\" data-lazy=\"1\">\n        <div class=\"image-wrap tf_rel tf_mw\">\n            <img loading=\"lazy\" decoding=\"async\" width=\"1000\" height=\"1000\" src=\"https:\/\/tiimiriided.ee\/wp-content\/uploads\/2023\/08\/Jalgpallisargi-taiendav-kaiserant.jpg\" class=\"wp-post-image wp-image-4402\" title=\"Jalgpallis\u00e4rgi t\u00e4iendav k\u00e4iserant\" alt=\"Jalgpallis\u00e4rgi t\u00e4iendav k\u00e4iserant\" srcset=\"https:\/\/tiimiriided.ee\/wp-content\/uploads\/2023\/08\/Jalgpallisargi-taiendav-kaiserant.jpg 1000w, https:\/\/tiimiriided.ee\/wp-content\/uploads\/2023\/08\/Jalgpallisargi-taiendav-kaiserant-300x300.jpg 300w, https:\/\/tiimiriided.ee\/wp-content\/uploads\/2023\/08\/Jalgpallisargi-taiendav-kaiserant-150x150.jpg 150w, https:\/\/tiimiriided.ee\/wp-content\/uploads\/2023\/08\/Jalgpallisargi-taiendav-kaiserant-768x768.jpg 768w, https:\/\/tiimiriided.ee\/wp-content\/uploads\/2023\/08\/Jalgpallisargi-taiendav-kaiserant-600x600.jpg 600w, https:\/\/tiimiriided.ee\/wp-content\/uploads\/2023\/08\/Jalgpallisargi-taiendav-kaiserant-100x100.jpg 100w\" sizes=\"auto, (max-width: 1000px) 100vw, 1000px\" \/>    \n        <\/div>\n    <!-- \/image-wrap -->\n    \n        <\/div>\n<!-- \/module image -->        <\/div>\n                    <\/div>\n                <\/div>\n                        <\/div>\n        <\/div>\n                        <div  data-lazy=\"1\" class=\"module_row themify_builder_row tb_lu3x134 tf_w\">\n                        <div class=\"row_inner col_align_top tb_col_count_1 tf_box tf_rel\">\n                        <div  data-lazy=\"1\" class=\"module_column tb-column col-full tb_lter134 first\">\n                            <div  data-lazy=\"1\" class=\"module_subrow themify_builder_sub_row tf_w col_align_middle tb_col_count_2 tb_pps6134\">\n                <div  data-lazy=\"1\" class=\"module_column sub_column col4-2 tb_94v4134 first\">\n                    <!-- module image -->\n<div  class=\"module module-image tb_zq29134 image-top   tf_mw\" data-lazy=\"1\">\n        <div class=\"image-wrap tf_rel tf_mw\">\n            <img loading=\"lazy\" decoding=\"async\" width=\"700\" height=\"700\" src=\"https:\/\/tiimiriided.ee\/wp-content\/uploads\/2023\/08\/Embleem-sargil.jpg\" class=\"wp-post-image wp-image-4406\" title=\"Embleem s\u00e4rgil\" alt=\"Embleem s\u00e4rgil\" srcset=\"https:\/\/tiimiriided.ee\/wp-content\/uploads\/2023\/08\/Embleem-sargil.jpg 700w, https:\/\/tiimiriided.ee\/wp-content\/uploads\/2023\/08\/Embleem-sargil-300x300.jpg 300w, https:\/\/tiimiriided.ee\/wp-content\/uploads\/2023\/08\/Embleem-sargil-150x150.jpg 150w, https:\/\/tiimiriided.ee\/wp-content\/uploads\/2023\/08\/Embleem-sargil-600x600.jpg 600w, https:\/\/tiimiriided.ee\/wp-content\/uploads\/2023\/08\/Embleem-sargil-100x100.jpg 100w\" sizes=\"auto, (max-width: 700px) 100vw, 700px\" \/>    \n        <\/div>\n    <!-- \/image-wrap -->\n    \n        <\/div>\n<!-- \/module image -->        <\/div>\n                    <div  data-lazy=\"1\" class=\"module_column sub_column col4-2 tb_gcoj134 last\">\n                    <!-- module text -->\n<div  class=\"module module-text tb_xa0e134   \" data-lazy=\"1\">\n        <div  class=\"tb_text_wrap\">\n        <h3>Team Emblems (optional)<\/h3>\n<p>Adding a team emblem, such as a logo or crest, can lend a touch of formality and elegance to the uniform. The price of the emblem depends on the quantity and the technique used for attaching it to the garments. Depending on the technology, the minimum quantity ranges from 15 to 100.<\/p>    <\/div>\n<\/div>\n<!-- \/module text -->        <\/div>\n                    <\/div>\n                <\/div>\n                        <\/div>\n        <\/div>\n        <\/div>\n<!--\/themify_builder_content-->","protected":false},"excerpt":{"rendered":"<p>Classic fit football kit for training and competition. Easy-care and quick-drying fabric wicks moisture away from the body surface. The football kit has been developed in cooperation with professional players.<\/p>\n<p><strong>Material:<\/strong>\u00a0100% Sports Polyester<br \/>\n<strong>Neckline Options:<\/strong>\u00a0V-shaped or classic rounded neckline<br \/>\n<strong>Additional Features:<\/strong>\u00a0Team emblem, sleeve trim, and multicolored neckline available for an extra charge upon request.<br \/>\n<strong>Sublimation Printing:<\/strong>\u00a0Full-coverage, sharp, and durable print based on the design approved by the customer. The print does not affect the technical properties of the fabric, it cannot be felt by hand.<br \/>\n<strong>Personalization:<\/strong>\u00a0Add a player number and\/or name at no extra cost.<br \/>\n<strong>Sizes:<\/strong>\u00a0XS, S, M, L, XL, 2XL, 3XL<\/p>\n<p>Product images are samples. The customer\u2019s chosen design will be printed on the fabric. There is an option to select a suitable design from and extensive design gallery and have it further developed by our designer.<\/p>\n","protected":false},"featured_media":22304,"comment_status":"closed","ping_status":"closed","template":"","meta":{"_acf_changed":false},"product_brand":[],"product_cat":[58,53],"product_tag":[],"class_list":{"0":"post-5519","1":"product","2":"type-product","3":"status-publish","4":"has-post-thumbnail","6":"product_cat-football","7":"product_cat-women","8":"has-post-title","9":"has-post-date","10":"has-post-category","11":"has-post-tag","12":"has-post-comment","13":"has-post-author","14":"","16":"first","17":"instock","18":"taxable","19":"shipping-taxable","20":"purchasable","21":"product-type-simple"},"acf":[],"yoast_head":"<!-- This site is optimized with the Yoast SEO plugin v27.3 - https:\/\/yoast.com\/product\/yoast-seo-wordpress\/ -->\n<title>Women&#039;s football kit Basic - Tiimiriided<\/title>\n<meta name=\"robots\" content=\"index, follow, max-snippet:-1, max-image-preview:large, max-video-preview:-1\" \/>\n<link rel=\"canonical\" href=\"https:\/\/tiimiriided.ee\/toode\/naiste-jalgpallivorm-basic\/\" \/>\n<meta property=\"og:locale\" content=\"en_US\" \/>\n<meta property=\"og:type\" content=\"article\" \/>\n<meta property=\"og:title\" content=\"Women&#039;s football kit Basic - Tiimiriided\" \/>\n<meta property=\"og:description\" content=\"Classic fit football kit for training and competition. Easy-care and quick-drying fabric wicks moisture away from the body surface. The football kit has been developed in cooperation with professional players.  Material:\u00a0100% Sports Polyester Neckline Options:\u00a0V-shaped or classic rounded neckline Additional Features:\u00a0Team emblem, sleeve trim, and multicolored neckline available for an extra charge upon request. Sublimation Printing:\u00a0Full-coverage, sharp, and durable print based on the design approved by the customer. The print does not affect the technical properties of the fabric, it cannot be felt by hand. Personalization:\u00a0Add a player number and\/or name at no extra cost. Sizes:\u00a0XS, S, M, L, XL, 2XL, 3XL  Product images are samples. The customer\u2019s chosen design will be printed on the fabric. There is an option to select a suitable design from and extensive design gallery and have it further developed by our designer.\" \/>\n<meta property=\"og:url\" content=\"https:\/\/tiimiriided.ee\/toode\/naiste-jalgpallivorm-basic\/\" \/>\n<meta property=\"og:site_name\" content=\"Tiimiriided\" \/>\n<meta property=\"article:modified_time\" content=\"2023-12-16T10:08:19+00:00\" \/>\n<meta property=\"og:image\" content=\"https:\/\/tiimiriided.ee\/wp-content\/uploads\/2023\/05\/Naiste-jalgpallivorm-Basic-eest.jpg\" \/>\n\t<meta property=\"og:image:width\" content=\"1000\" \/>\n\t<meta property=\"og:image:height\" content=\"1000\" \/>\n\t<meta property=\"og:image:type\" content=\"image\/jpeg\" \/>\n<meta name=\"twitter:card\" content=\"summary_large_image\" \/>\n<meta name=\"twitter:label1\" content=\"Est. reading time\" \/>\n\t<meta name=\"twitter:data1\" content=\"1 minute\" \/>\n<script type=\"application\/ld+json\" class=\"yoast-schema-graph\">{\"@context\":\"https:\\\/\\\/schema.org\",\"@graph\":[{\"@type\":\"WebPage\",\"@id\":\"https:\\\/\\\/tiimiriided.ee\\\/toode\\\/naiste-jalgpallivorm-basic\\\/\",\"url\":\"https:\\\/\\\/tiimiriided.ee\\\/toode\\\/naiste-jalgpallivorm-basic\\\/\",\"name\":\"Women's football kit Basic - Tiimiriided\",\"isPartOf\":{\"@id\":\"https:\\\/\\\/tiimiriided.ee\\\/#website\"},\"primaryImageOfPage\":{\"@id\":\"https:\\\/\\\/tiimiriided.ee\\\/toode\\\/naiste-jalgpallivorm-basic\\\/#primaryimage\"},\"image\":{\"@id\":\"https:\\\/\\\/tiimiriided.ee\\\/toode\\\/naiste-jalgpallivorm-basic\\\/#primaryimage\"},\"thumbnailUrl\":\"https:\\\/\\\/tiimiriided.ee\\\/wp-content\\\/uploads\\\/2023\\\/05\\\/Naiste-jalgpallivorm-Basic.png\",\"datePublished\":\"2023-05-30T08:01:03+00:00\",\"dateModified\":\"2023-12-16T10:08:19+00:00\",\"breadcrumb\":{\"@id\":\"https:\\\/\\\/tiimiriided.ee\\\/toode\\\/naiste-jalgpallivorm-basic\\\/#breadcrumb\"},\"inLanguage\":\"en-US\",\"potentialAction\":[{\"@type\":\"ReadAction\",\"target\":[\"https:\\\/\\\/tiimiriided.ee\\\/toode\\\/naiste-jalgpallivorm-basic\\\/\"]}]},{\"@type\":\"ImageObject\",\"inLanguage\":\"en-US\",\"@id\":\"https:\\\/\\\/tiimiriided.ee\\\/toode\\\/naiste-jalgpallivorm-basic\\\/#primaryimage\",\"url\":\"https:\\\/\\\/tiimiriided.ee\\\/wp-content\\\/uploads\\\/2023\\\/05\\\/Naiste-jalgpallivorm-Basic.png\",\"contentUrl\":\"https:\\\/\\\/tiimiriided.ee\\\/wp-content\\\/uploads\\\/2023\\\/05\\\/Naiste-jalgpallivorm-Basic.png\",\"width\":500,\"height\":745},{\"@type\":\"BreadcrumbList\",\"@id\":\"https:\\\/\\\/tiimiriided.ee\\\/toode\\\/naiste-jalgpallivorm-basic\\\/#breadcrumb\",\"itemListElement\":[{\"@type\":\"ListItem\",\"position\":1,\"name\":\"Home\",\"item\":\"https:\\\/\\\/tiimiriided.ee\\\/en\\\/?page_id=15263\"},{\"@type\":\"ListItem\",\"position\":2,\"name\":\"Shop\",\"item\":\"https:\\\/\\\/tiimiriided.ee\\\/en\\\/pood\\\/\"},{\"@type\":\"ListItem\",\"position\":3,\"name\":\"Women&#8217;s football kit Basic\"}]},{\"@type\":\"WebSite\",\"@id\":\"https:\\\/\\\/tiimiriided.ee\\\/#website\",\"url\":\"https:\\\/\\\/tiimiriided.ee\\\/\",\"name\":\"Tiimiriided\",\"description\":\"\",\"potentialAction\":[{\"@type\":\"SearchAction\",\"target\":{\"@type\":\"EntryPoint\",\"urlTemplate\":\"https:\\\/\\\/tiimiriided.ee\\\/?s={search_term_string}\"},\"query-input\":{\"@type\":\"PropertyValueSpecification\",\"valueRequired\":true,\"valueName\":\"search_term_string\"}}],\"inLanguage\":\"en-US\"}]}<\/script>\n<!-- \/ Yoast SEO plugin. -->","yoast_head_json":{"title":"Women's football kit Basic - Tiimiriided","robots":{"index":"index","follow":"follow","max-snippet":"max-snippet:-1","max-image-preview":"max-image-preview:large","max-video-preview":"max-video-preview:-1"},"canonical":"https:\/\/tiimiriided.ee\/toode\/naiste-jalgpallivorm-basic\/","og_locale":"en_US","og_type":"article","og_title":"Women's football kit Basic - Tiimiriided","og_description":"Classic fit football kit for training and competition. Easy-care and quick-drying fabric wicks moisture away from the body surface. The football kit has been developed in cooperation with professional players.  Material:\u00a0100% Sports Polyester Neckline Options:\u00a0V-shaped or classic rounded neckline Additional Features:\u00a0Team emblem, sleeve trim, and multicolored neckline available for an extra charge upon request. Sublimation Printing:\u00a0Full-coverage, sharp, and durable print based on the design approved by the customer. The print does not affect the technical properties of the fabric, it cannot be felt by hand. Personalization:\u00a0Add a player number and\/or name at no extra cost. Sizes:\u00a0XS, S, M, L, XL, 2XL, 3XL  Product images are samples. The customer\u2019s chosen design will be printed on the fabric. There is an option to select a suitable design from and extensive design gallery and have it further developed by our designer.","og_url":"https:\/\/tiimiriided.ee\/toode\/naiste-jalgpallivorm-basic\/","og_site_name":"Tiimiriided","article_modified_time":"2023-12-16T10:08:19+00:00","og_image":[{"width":1000,"height":1000,"url":"https:\/\/tiimiriided.ee\/wp-content\/uploads\/2023\/05\/Naiste-jalgpallivorm-Basic-eest.jpg","type":"image\/jpeg"}],"twitter_card":"summary_large_image","twitter_misc":{"Est. reading time":"1 minute"},"schema":{"@context":"https:\/\/schema.org","@graph":[{"@type":"WebPage","@id":"https:\/\/tiimiriided.ee\/toode\/naiste-jalgpallivorm-basic\/","url":"https:\/\/tiimiriided.ee\/toode\/naiste-jalgpallivorm-basic\/","name":"Women's football kit Basic - Tiimiriided","isPartOf":{"@id":"https:\/\/tiimiriided.ee\/#website"},"primaryImageOfPage":{"@id":"https:\/\/tiimiriided.ee\/toode\/naiste-jalgpallivorm-basic\/#primaryimage"},"image":{"@id":"https:\/\/tiimiriided.ee\/toode\/naiste-jalgpallivorm-basic\/#primaryimage"},"thumbnailUrl":"https:\/\/tiimiriided.ee\/wp-content\/uploads\/2023\/05\/Naiste-jalgpallivorm-Basic.png","datePublished":"2023-05-30T08:01:03+00:00","dateModified":"2023-12-16T10:08:19+00:00","breadcrumb":{"@id":"https:\/\/tiimiriided.ee\/toode\/naiste-jalgpallivorm-basic\/#breadcrumb"},"inLanguage":"en-US","potentialAction":[{"@type":"ReadAction","target":["https:\/\/tiimiriided.ee\/toode\/naiste-jalgpallivorm-basic\/"]}]},{"@type":"ImageObject","inLanguage":"en-US","@id":"https:\/\/tiimiriided.ee\/toode\/naiste-jalgpallivorm-basic\/#primaryimage","url":"https:\/\/tiimiriided.ee\/wp-content\/uploads\/2023\/05\/Naiste-jalgpallivorm-Basic.png","contentUrl":"https:\/\/tiimiriided.ee\/wp-content\/uploads\/2023\/05\/Naiste-jalgpallivorm-Basic.png","width":500,"height":745},{"@type":"BreadcrumbList","@id":"https:\/\/tiimiriided.ee\/toode\/naiste-jalgpallivorm-basic\/#breadcrumb","itemListElement":[{"@type":"ListItem","position":1,"name":"Home","item":"https:\/\/tiimiriided.ee\/en\/?page_id=15263"},{"@type":"ListItem","position":2,"name":"Shop","item":"https:\/\/tiimiriided.ee\/en\/pood\/"},{"@type":"ListItem","position":3,"name":"Women&#8217;s football kit Basic"}]},{"@type":"WebSite","@id":"https:\/\/tiimiriided.ee\/#website","url":"https:\/\/tiimiriided.ee\/","name":"Tiimiriided","description":"","potentialAction":[{"@type":"SearchAction","target":{"@type":"EntryPoint","urlTemplate":"https:\/\/tiimiriided.ee\/?s={search_term_string}"},"query-input":{"@type":"PropertyValueSpecification","valueRequired":true,"valueName":"search_term_string"}}],"inLanguage":"en-US"}]}},"builder_content":"<h3>Sleeve trim (optional)<\/h3> <p>The multicolored sleeve trim sewn on allows for further personalization of the garment\u2019s design. It can also be used as advertising space.<\/p> \u00a0\n<img src=\"https:\/\/tiimiriided.ee\/wp-content\/uploads\/2023\/08\/Jalgpallisargi-taiendav-kaiserant.jpg\" title=\"Jalgpallis\u00e4rgi t\u00e4iendav k\u00e4iserant\" alt=\"Jalgpallis\u00e4rgi t\u00e4iendav k\u00e4iserant\" srcset=\"https:\/\/tiimiriided.ee\/wp-content\/uploads\/2023\/08\/Jalgpallisargi-taiendav-kaiserant.jpg 1000w, https:\/\/tiimiriided.ee\/wp-content\/uploads\/2023\/08\/Jalgpallisargi-taiendav-kaiserant-300x300.jpg 300w, https:\/\/tiimiriided.ee\/wp-content\/uploads\/2023\/08\/Jalgpallisargi-taiendav-kaiserant-150x150.jpg 150w, https:\/\/tiimiriided.ee\/wp-content\/uploads\/2023\/08\/Jalgpallisargi-taiendav-kaiserant-768x768.jpg 768w, https:\/\/tiimiriided.ee\/wp-content\/uploads\/2023\/08\/Jalgpallisargi-taiendav-kaiserant-600x600.jpg 600w, https:\/\/tiimiriided.ee\/wp-content\/uploads\/2023\/08\/Jalgpallisargi-taiendav-kaiserant-100x100.jpg 100w\" sizes=\"(max-width: 1000px) 100vw, 1000px\" \/>\n<img src=\"https:\/\/tiimiriided.ee\/wp-content\/uploads\/2023\/08\/Embleem-sargil.jpg\" title=\"Embleem s\u00e4rgil\" alt=\"Embleem s\u00e4rgil\" srcset=\"https:\/\/tiimiriided.ee\/wp-content\/uploads\/2023\/08\/Embleem-sargil.jpg 700w, https:\/\/tiimiriided.ee\/wp-content\/uploads\/2023\/08\/Embleem-sargil-300x300.jpg 300w, https:\/\/tiimiriided.ee\/wp-content\/uploads\/2023\/08\/Embleem-sargil-150x150.jpg 150w, https:\/\/tiimiriided.ee\/wp-content\/uploads\/2023\/08\/Embleem-sargil-600x600.jpg 600w, https:\/\/tiimiriided.ee\/wp-content\/uploads\/2023\/08\/Embleem-sargil-100x100.jpg 100w\" sizes=\"(max-width: 700px) 100vw, 700px\" \/>\n<h3>Team Emblems (optional)<\/h3> <p>Adding a team emblem, such as a logo or crest, can lend a touch of formality and elegance to the uniform. The price of the emblem depends on the quantity and the technique used for attaching it to the garments. Depending on the technology, the minimum quantity ranges from 15 to 100.<\/p>","_links":{"self":[{"href":"https:\/\/tiimiriided.ee\/en\/wp-json\/wp\/v2\/product\/5519","targetHints":{"allow":["GET"]}}],"collection":[{"href":"https:\/\/tiimiriided.ee\/en\/wp-json\/wp\/v2\/product"}],"about":[{"href":"https:\/\/tiimiriided.ee\/en\/wp-json\/wp\/v2\/types\/product"}],"replies":[{"embeddable":true,"href":"https:\/\/tiimiriided.ee\/en\/wp-json\/wp\/v2\/comments?post=5519"}],"wp:featuredmedia":[{"embeddable":true,"href":"https:\/\/tiimiriided.ee\/en\/wp-json\/wp\/v2\/media\/22304"}],"wp:attachment":[{"href":"https:\/\/tiimiriided.ee\/en\/wp-json\/wp\/v2\/media?parent=5519"}],"wp:term":[{"taxonomy":"product_brand","embeddable":true,"href":"https:\/\/tiimiriided.ee\/en\/wp-json\/wp\/v2\/product_brand?post=5519"},{"taxonomy":"product_cat","embeddable":true,"href":"https:\/\/tiimiriided.ee\/en\/wp-json\/wp\/v2\/product_cat?post=5519"},{"taxonomy":"product_tag","embeddable":true,"href":"https:\/\/tiimiriided.ee\/en\/wp-json\/wp\/v2\/product_tag?post=5519"}],"curies":[{"name":"wp","href":"https:\/\/api.w.org\/{rel}","templated":true}]}}