{"id":5428,"date":"2023-12-12T11:40:15","date_gmt":"2023-12-12T11:40:15","guid":{"rendered":"https:\/\/tiimiriided.ee\/toode\/meeste-polosark-light\/"},"modified":"2023-12-18T08:28:08","modified_gmt":"2023-12-18T08:28:08","slug":"mens-polo-shirt-light","status":"publish","type":"product","link":"https:\/\/tiimiriided.ee\/en\/toode\/mens-polo-shirt-light\/","title":{"rendered":"Men&#8217;s Polo shirt Light"},"content":{"rendered":"<!--themify_builder_content-->\n<div id=\"themify_builder_content-5428\" data-postid=\"5428\" class=\"themify_builder_content themify_builder_content-5428 themify_builder tf_clear\">\n                    <div  data-lazy=\"1\" class=\"module_row themify_builder_row tb_ptt7357 tb_first tf_w\">\n                        <div class=\"row_inner col_align_top tb_col_count_1 tf_box tf_rel\">\n                        <div  data-lazy=\"1\" class=\"module_column tb-column col-full tb_7ij9357 first\">\n                            <div  data-lazy=\"1\" class=\"module_subrow themify_builder_sub_row tf_w col_align_middle tb_col_count_2 tb_e10j357\">\n                <div  data-lazy=\"1\" class=\"module_column sub_column col4-2 tb_iipz357 first\">\n                    <!-- module image -->\n<div  class=\"module module-image tb_ea6j357 image-top   tf_mw\" data-lazy=\"1\">\n        <div class=\"image-wrap tf_rel tf_mw\">\n            <img loading=\"lazy\" decoding=\"async\" width=\"900\" height=\"522\" src=\"https:\/\/tiimiriided.ee\/wp-content\/uploads\/2023\/12\/Light-materjal.jpg\" class=\"wp-post-image wp-image-5350\" title=\"Light materjal\" alt=\"Light materjal\" srcset=\"https:\/\/tiimiriided.ee\/wp-content\/uploads\/2023\/12\/Light-materjal.jpg 900w, https:\/\/tiimiriided.ee\/wp-content\/uploads\/2023\/12\/Light-materjal-300x174.jpg 300w, https:\/\/tiimiriided.ee\/wp-content\/uploads\/2023\/12\/Light-materjal-768x445.jpg 768w, https:\/\/tiimiriided.ee\/wp-content\/uploads\/2023\/12\/Light-materjal-600x348.jpg 600w\" sizes=\"auto, (max-width: 900px) 100vw, 900px\" \/>    \n        <\/div>\n    <!-- \/image-wrap -->\n    \n        <\/div>\n<!-- \/module image -->        <\/div>\n                    <div  data-lazy=\"1\" class=\"module_column sub_column col4-2 tb_qv93358 last\">\n                    <!-- module text -->\n<div  class=\"module module-text tb_k0fi358   \" data-lazy=\"1\">\n        <div  class=\"tb_text_wrap\">\n        <h3>The very technical Light\u2122 canvas<\/h3>\n<p>The super-light 80 g\/m2 sports fabric provides the highest level of breathability. It is pleasant to the touch and airy. It is made in Europe from 100% polyester.\u00a0<\/p>\n<p>Recommended activities: running (even on hot days), Nordic walking, gym and fitness, cycling, and all sports that cause intense sweating.<\/p>    <\/div>\n<\/div>\n<!-- \/module text -->        <\/div>\n                    <\/div>\n                <\/div>\n                        <\/div>\n        <\/div>\n                        <div  data-lazy=\"1\" class=\"module_row themify_builder_row tb_6syf284 tf_w\">\n                        <div class=\"row_inner col_align_top tb_col_count_1 tf_box tf_rel\">\n                        <div  data-lazy=\"1\" class=\"module_column tb-column col-full tb_dcm0284 first\">\n                            <div  data-lazy=\"1\" class=\"module_subrow themify_builder_sub_row tf_w col_align_middle tb_col_count_2 tb_uroa284\">\n                <div  data-lazy=\"1\" class=\"module_column sub_column col4-2 tb_kr8y284 first\">\n                    <!-- module text -->\n<div  class=\"module module-text tb_5twh284   \" data-lazy=\"1\">\n        <div  class=\"tb_text_wrap\">\n        <h3>Personalization (optional)<\/h3>\n<p>Add a wearer number and\/or name<\/p>    <\/div>\n<\/div>\n<!-- \/module text -->        <\/div>\n                    <div  data-lazy=\"1\" class=\"module_column sub_column col4-2 tb_kc6i284 last\">\n                    <!-- module image -->\n<div  class=\"module module-image tb_5bt7284 image-top   tf_mw\" data-lazy=\"1\">\n        <div class=\"image-wrap tf_rel tf_mw\">\n            <img loading=\"lazy\" decoding=\"async\" width=\"1800\" height=\"2368\" src=\"https:\/\/tiimiriided.ee\/wp-content\/uploads\/2023\/05\/Meeste-polosark-tagant.jpg\" class=\"wp-post-image wp-image-2232\" title=\"Meeste polos\u00e4rk tagant\" alt=\"Meeste polos\u00e4rk tagant\" srcset=\"https:\/\/tiimiriided.ee\/wp-content\/uploads\/2023\/05\/Meeste-polosark-tagant.jpg 1800w, https:\/\/tiimiriided.ee\/wp-content\/uploads\/2023\/05\/Meeste-polosark-tagant-228x300.jpg 228w, https:\/\/tiimiriided.ee\/wp-content\/uploads\/2023\/05\/Meeste-polosark-tagant-778x1024.jpg 778w, https:\/\/tiimiriided.ee\/wp-content\/uploads\/2023\/05\/Meeste-polosark-tagant-768x1010.jpg 768w, https:\/\/tiimiriided.ee\/wp-content\/uploads\/2023\/05\/Meeste-polosark-tagant-1168x1536.jpg 1168w, https:\/\/tiimiriided.ee\/wp-content\/uploads\/2023\/05\/Meeste-polosark-tagant-1557x2048.jpg 1557w, https:\/\/tiimiriided.ee\/wp-content\/uploads\/2023\/05\/Meeste-polosark-tagant-600x789.jpg 600w\" sizes=\"auto, (max-width: 1800px) 100vw, 1800px\" \/>    \n        <\/div>\n    <!-- \/image-wrap -->\n    \n        <\/div>\n<!-- \/module image -->        <\/div>\n                    <\/div>\n                <\/div>\n                        <\/div>\n        <\/div>\n        <\/div>\n<!--\/themify_builder_content-->","protected":false},"excerpt":{"rendered":"<p>This polo shirt is designed for the active individual and is made from a breathable and very light fabric, offering a very comfortable fit. The material feels silky to the touch, directing body moisture away from the inside of the fabric. An excellent choice for corporate clothing, disc golf enthusiasts, event organizers, and leisure time.<\/p>\n<p>Due to its weight, it is also more delicate and prone to puffs, especially through a backpack (of course, it is suitable for backpacking trips, but after a dozen or so uses, small puffs may appear).<\/p>\n<p><strong>Material:<\/strong>\u00a0100% polyester, 80 g\/m2<br \/>\n<strong>Features:<\/strong>\u00a0moisture-wicking, quick-drying and breathable fabric, non-scratching product label on the inside.<br \/>\n<strong>Sublimation printing:<\/strong>\u00a0sharp and permanent printing covering the entire product, based on the customer\u2019s approved design. The print does not affect the technical properties of the fabric, it cannot be felt by hand.<br \/>\n<strong>Personalization:<\/strong>\u00a0For an additional fee, add a name, number, or other unique feature.<br \/>\n<strong>Sizes:<\/strong>\u00a0XS, S, M, L, XL, 2XL, 3XL, 4XL, 5XL, 6XL<\/p>\n<p>The product images are samples, and the customer\u2019s chosen design will be printed on the fabric. There is an option to select a suitable design template from our extensive design gallery and have our designer further develop it.<\/p>\n","protected":false},"featured_media":23512,"comment_status":"closed","ping_status":"closed","template":"","meta":{"_acf_changed":false},"product_brand":[],"product_cat":[51,54,55],"product_tag":[],"class_list":{"0":"post-5428","1":"product","2":"type-product","3":"status-publish","4":"has-post-thumbnail","6":"product_cat-disc-golf-en","7":"product_cat-everyday-wear","8":"product_cat-mehed-en","9":"has-post-title","10":"has-post-date","11":"has-post-category","12":"has-post-tag","13":"has-post-comment","14":"has-post-author","15":"","17":"first","18":"instock","19":"taxable","20":"shipping-taxable","21":"purchasable","22":"product-type-simple"},"acf":[],"yoast_head":"<!-- This site is optimized with the Yoast SEO plugin v27.3 - https:\/\/yoast.com\/product\/yoast-seo-wordpress\/ -->\n<title>Men&#039;s Polo shirt Light - Tiimiriided<\/title>\n<meta name=\"description\" content=\"Esinduslik polos\u00e4rk - hea valik ettev\u00f5tetele, korraldustiimidele, spordiklubidele. Kehasse l\u00f5ige, kerge kangas, mugav ja stiilne. Tasuta disain!\" \/>\n<meta name=\"robots\" content=\"index, follow, max-snippet:-1, max-image-preview:large, max-video-preview:-1\" \/>\n<link rel=\"canonical\" href=\"https:\/\/tiimiriided.ee\/toode\/meeste-polosark-light\/\" \/>\n<meta property=\"og:locale\" content=\"en_US\" \/>\n<meta property=\"og:type\" content=\"article\" \/>\n<meta property=\"og:title\" content=\"Men&#039;s Polo shirt Light - Tiimiriided\" \/>\n<meta property=\"og:description\" content=\"Esinduslik polos\u00e4rk - hea valik ettev\u00f5tetele, korraldustiimidele, spordiklubidele. Kehasse l\u00f5ige, kerge kangas, mugav ja stiilne. Tasuta disain!\" \/>\n<meta property=\"og:url\" content=\"https:\/\/tiimiriided.ee\/toode\/meeste-polosark-light\/\" \/>\n<meta property=\"og:site_name\" content=\"Tiimiriided\" \/>\n<meta property=\"article:modified_time\" content=\"2023-12-18T08:28:08+00:00\" \/>\n<meta property=\"og:image\" content=\"https:\/\/tiimiriided.ee\/wp-content\/uploads\/2023\/12\/Meeste-polosark-Light.png\" \/>\n\t<meta property=\"og:image:width\" content=\"500\" \/>\n\t<meta property=\"og:image:height\" content=\"745\" \/>\n\t<meta property=\"og:image:type\" content=\"image\/png\" \/>\n<meta name=\"twitter:card\" content=\"summary_large_image\" \/>\n<meta name=\"twitter:label1\" content=\"Est. reading time\" \/>\n\t<meta name=\"twitter:data1\" content=\"1 minute\" \/>\n<script type=\"application\/ld+json\" class=\"yoast-schema-graph\">{\"@context\":\"https:\\\/\\\/schema.org\",\"@graph\":[{\"@type\":\"WebPage\",\"@id\":\"https:\\\/\\\/tiimiriided.ee\\\/toode\\\/meeste-polosark-light\\\/\",\"url\":\"https:\\\/\\\/tiimiriided.ee\\\/toode\\\/meeste-polosark-light\\\/\",\"name\":\"Men's Polo shirt Light - Tiimiriided\",\"isPartOf\":{\"@id\":\"https:\\\/\\\/tiimiriided.ee\\\/#website\"},\"primaryImageOfPage\":{\"@id\":\"https:\\\/\\\/tiimiriided.ee\\\/toode\\\/meeste-polosark-light\\\/#primaryimage\"},\"image\":{\"@id\":\"https:\\\/\\\/tiimiriided.ee\\\/toode\\\/meeste-polosark-light\\\/#primaryimage\"},\"thumbnailUrl\":\"https:\\\/\\\/tiimiriided.ee\\\/wp-content\\\/uploads\\\/2023\\\/12\\\/Meeste-polosark-Light-1.png\",\"datePublished\":\"2023-12-12T11:40:15+00:00\",\"dateModified\":\"2023-12-18T08:28:08+00:00\",\"description\":\"Esinduslik polos\u00e4rk - hea valik ettev\u00f5tetele, korraldustiimidele, spordiklubidele. Kehasse l\u00f5ige, kerge kangas, mugav ja stiilne. Tasuta disain!\",\"breadcrumb\":{\"@id\":\"https:\\\/\\\/tiimiriided.ee\\\/toode\\\/meeste-polosark-light\\\/#breadcrumb\"},\"inLanguage\":\"en-US\",\"potentialAction\":[{\"@type\":\"ReadAction\",\"target\":[\"https:\\\/\\\/tiimiriided.ee\\\/toode\\\/meeste-polosark-light\\\/\"]}]},{\"@type\":\"ImageObject\",\"inLanguage\":\"en-US\",\"@id\":\"https:\\\/\\\/tiimiriided.ee\\\/toode\\\/meeste-polosark-light\\\/#primaryimage\",\"url\":\"https:\\\/\\\/tiimiriided.ee\\\/wp-content\\\/uploads\\\/2023\\\/12\\\/Meeste-polosark-Light-1.png\",\"contentUrl\":\"https:\\\/\\\/tiimiriided.ee\\\/wp-content\\\/uploads\\\/2023\\\/12\\\/Meeste-polosark-Light-1.png\",\"width\":600,\"height\":745},{\"@type\":\"BreadcrumbList\",\"@id\":\"https:\\\/\\\/tiimiriided.ee\\\/toode\\\/meeste-polosark-light\\\/#breadcrumb\",\"itemListElement\":[{\"@type\":\"ListItem\",\"position\":1,\"name\":\"Home\",\"item\":\"https:\\\/\\\/tiimiriided.ee\\\/en\\\/?page_id=15263\"},{\"@type\":\"ListItem\",\"position\":2,\"name\":\"Shop\",\"item\":\"https:\\\/\\\/tiimiriided.ee\\\/en\\\/pood\\\/\"},{\"@type\":\"ListItem\",\"position\":3,\"name\":\"Men&#8217;s Polo shirt Light\"}]},{\"@type\":\"WebSite\",\"@id\":\"https:\\\/\\\/tiimiriided.ee\\\/#website\",\"url\":\"https:\\\/\\\/tiimiriided.ee\\\/\",\"name\":\"Tiimiriided\",\"description\":\"\",\"potentialAction\":[{\"@type\":\"SearchAction\",\"target\":{\"@type\":\"EntryPoint\",\"urlTemplate\":\"https:\\\/\\\/tiimiriided.ee\\\/?s={search_term_string}\"},\"query-input\":{\"@type\":\"PropertyValueSpecification\",\"valueRequired\":true,\"valueName\":\"search_term_string\"}}],\"inLanguage\":\"en-US\"}]}<\/script>\n<!-- \/ Yoast SEO plugin. -->","yoast_head_json":{"title":"Men's Polo shirt Light - Tiimiriided","description":"Esinduslik polos\u00e4rk - hea valik ettev\u00f5tetele, korraldustiimidele, spordiklubidele. Kehasse l\u00f5ige, kerge kangas, mugav ja stiilne. Tasuta disain!","robots":{"index":"index","follow":"follow","max-snippet":"max-snippet:-1","max-image-preview":"max-image-preview:large","max-video-preview":"max-video-preview:-1"},"canonical":"https:\/\/tiimiriided.ee\/toode\/meeste-polosark-light\/","og_locale":"en_US","og_type":"article","og_title":"Men's Polo shirt Light - Tiimiriided","og_description":"Esinduslik polos\u00e4rk - hea valik ettev\u00f5tetele, korraldustiimidele, spordiklubidele. Kehasse l\u00f5ige, kerge kangas, mugav ja stiilne. Tasuta disain!","og_url":"https:\/\/tiimiriided.ee\/toode\/meeste-polosark-light\/","og_site_name":"Tiimiriided","article_modified_time":"2023-12-18T08:28:08+00:00","og_image":[{"width":500,"height":745,"url":"https:\/\/tiimiriided.ee\/wp-content\/uploads\/2023\/12\/Meeste-polosark-Light.png","type":"image\/png"}],"twitter_card":"summary_large_image","twitter_misc":{"Est. reading time":"1 minute"},"schema":{"@context":"https:\/\/schema.org","@graph":[{"@type":"WebPage","@id":"https:\/\/tiimiriided.ee\/toode\/meeste-polosark-light\/","url":"https:\/\/tiimiriided.ee\/toode\/meeste-polosark-light\/","name":"Men's Polo shirt Light - Tiimiriided","isPartOf":{"@id":"https:\/\/tiimiriided.ee\/#website"},"primaryImageOfPage":{"@id":"https:\/\/tiimiriided.ee\/toode\/meeste-polosark-light\/#primaryimage"},"image":{"@id":"https:\/\/tiimiriided.ee\/toode\/meeste-polosark-light\/#primaryimage"},"thumbnailUrl":"https:\/\/tiimiriided.ee\/wp-content\/uploads\/2023\/12\/Meeste-polosark-Light-1.png","datePublished":"2023-12-12T11:40:15+00:00","dateModified":"2023-12-18T08:28:08+00:00","description":"Esinduslik polos\u00e4rk - hea valik ettev\u00f5tetele, korraldustiimidele, spordiklubidele. Kehasse l\u00f5ige, kerge kangas, mugav ja stiilne. Tasuta disain!","breadcrumb":{"@id":"https:\/\/tiimiriided.ee\/toode\/meeste-polosark-light\/#breadcrumb"},"inLanguage":"en-US","potentialAction":[{"@type":"ReadAction","target":["https:\/\/tiimiriided.ee\/toode\/meeste-polosark-light\/"]}]},{"@type":"ImageObject","inLanguage":"en-US","@id":"https:\/\/tiimiriided.ee\/toode\/meeste-polosark-light\/#primaryimage","url":"https:\/\/tiimiriided.ee\/wp-content\/uploads\/2023\/12\/Meeste-polosark-Light-1.png","contentUrl":"https:\/\/tiimiriided.ee\/wp-content\/uploads\/2023\/12\/Meeste-polosark-Light-1.png","width":600,"height":745},{"@type":"BreadcrumbList","@id":"https:\/\/tiimiriided.ee\/toode\/meeste-polosark-light\/#breadcrumb","itemListElement":[{"@type":"ListItem","position":1,"name":"Home","item":"https:\/\/tiimiriided.ee\/en\/?page_id=15263"},{"@type":"ListItem","position":2,"name":"Shop","item":"https:\/\/tiimiriided.ee\/en\/pood\/"},{"@type":"ListItem","position":3,"name":"Men&#8217;s Polo shirt Light"}]},{"@type":"WebSite","@id":"https:\/\/tiimiriided.ee\/#website","url":"https:\/\/tiimiriided.ee\/","name":"Tiimiriided","description":"","potentialAction":[{"@type":"SearchAction","target":{"@type":"EntryPoint","urlTemplate":"https:\/\/tiimiriided.ee\/?s={search_term_string}"},"query-input":{"@type":"PropertyValueSpecification","valueRequired":true,"valueName":"search_term_string"}}],"inLanguage":"en-US"}]}},"builder_content":"<img src=\"https:\/\/tiimiriided.ee\/wp-content\/uploads\/2023\/12\/Light-materjal.jpg\" title=\"Light materjal\" alt=\"Light materjal\" srcset=\"https:\/\/tiimiriided.ee\/wp-content\/uploads\/2023\/12\/Light-materjal.jpg 900w, https:\/\/tiimiriided.ee\/wp-content\/uploads\/2023\/12\/Light-materjal-300x174.jpg 300w, https:\/\/tiimiriided.ee\/wp-content\/uploads\/2023\/12\/Light-materjal-768x445.jpg 768w, https:\/\/tiimiriided.ee\/wp-content\/uploads\/2023\/12\/Light-materjal-600x348.jpg 600w\" sizes=\"(max-width: 900px) 100vw, 900px\" \/>\n<h3>The very technical Light\u2122 canvas<\/h3> <p>The super-light 80 g\/m2 sports fabric provides the highest level of breathability. It is pleasant to the touch and airy. It is made in Europe from 100% polyester.\u00a0<\/p> <p>Recommended activities: running (even on hot days), Nordic walking, gym and fitness, cycling, and all sports that cause intense sweating.<\/p>\n<h3>Personalization (optional)<\/h3> <p>Add a wearer number and\/or name<\/p>\n<img src=\"https:\/\/tiimiriided.ee\/wp-content\/uploads\/2023\/05\/Meeste-polosark-tagant.jpg\" title=\"Meeste polos\u00e4rk tagant\" alt=\"Meeste polos\u00e4rk tagant\" srcset=\"https:\/\/tiimiriided.ee\/wp-content\/uploads\/2023\/05\/Meeste-polosark-tagant.jpg 1800w, https:\/\/tiimiriided.ee\/wp-content\/uploads\/2023\/05\/Meeste-polosark-tagant-228x300.jpg 228w, https:\/\/tiimiriided.ee\/wp-content\/uploads\/2023\/05\/Meeste-polosark-tagant-778x1024.jpg 778w, https:\/\/tiimiriided.ee\/wp-content\/uploads\/2023\/05\/Meeste-polosark-tagant-768x1010.jpg 768w, https:\/\/tiimiriided.ee\/wp-content\/uploads\/2023\/05\/Meeste-polosark-tagant-1168x1536.jpg 1168w, https:\/\/tiimiriided.ee\/wp-content\/uploads\/2023\/05\/Meeste-polosark-tagant-1557x2048.jpg 1557w, https:\/\/tiimiriided.ee\/wp-content\/uploads\/2023\/05\/Meeste-polosark-tagant-600x789.jpg 600w\" sizes=\"(max-width: 1800px) 100vw, 1800px\" \/>","_links":{"self":[{"href":"https:\/\/tiimiriided.ee\/en\/wp-json\/wp\/v2\/product\/5428","targetHints":{"allow":["GET"]}}],"collection":[{"href":"https:\/\/tiimiriided.ee\/en\/wp-json\/wp\/v2\/product"}],"about":[{"href":"https:\/\/tiimiriided.ee\/en\/wp-json\/wp\/v2\/types\/product"}],"replies":[{"embeddable":true,"href":"https:\/\/tiimiriided.ee\/en\/wp-json\/wp\/v2\/comments?post=5428"}],"wp:featuredmedia":[{"embeddable":true,"href":"https:\/\/tiimiriided.ee\/en\/wp-json\/wp\/v2\/media\/23512"}],"wp:attachment":[{"href":"https:\/\/tiimiriided.ee\/en\/wp-json\/wp\/v2\/media?parent=5428"}],"wp:term":[{"taxonomy":"product_brand","embeddable":true,"href":"https:\/\/tiimiriided.ee\/en\/wp-json\/wp\/v2\/product_brand?post=5428"},{"taxonomy":"product_cat","embeddable":true,"href":"https:\/\/tiimiriided.ee\/en\/wp-json\/wp\/v2\/product_cat?post=5428"},{"taxonomy":"product_tag","embeddable":true,"href":"https:\/\/tiimiriided.ee\/en\/wp-json\/wp\/v2\/product_tag?post=5428"}],"curies":[{"name":"wp","href":"https:\/\/api.w.org\/{rel}","templated":true}]}}